{"id":5867,"date":"2016-10-25T09:36:02","date_gmt":"2016-10-25T09:36:02","guid":{"rendered":"https:\/\/warmslipper.com\/privacy-policy\/"},"modified":"2018-09-03T18:56:51","modified_gmt":"2018-09-03T18:56:51","slug":"privacy-policy","status":"publish","type":"page","link":"https:\/\/warmslipper.com\/de\/privacy-policy\/","title":{"rendered":"Privacy Policy"},"content":{"rendered":"<p><div class=\"builder-section col-lg-12  \" >\n\n    \n<div class=\"row section-header space\">\n\n         \n                        <div class=\"section-without-space\">\n                        \n                                                                        \n\n                                        \n                                <\/div> \n\n                            <\/div>\n    \n<div class=\"row\">\n    <div class=\"col-lg-12\">\n        <div >\n         <\/p>\n<h1 class=\"hclass300\">Datenschutz-Bestimmungen<\/h1>\n<hr>\n<p>Bitte lesen Sie sorgf\u00e4ltig die Datenschutzerkl\u00e4rung &#8211; um zu verstehen, wie der WarmSlipper.com Ihre personenbezogenen Daten sammelt und verwendet und f\u00fcr welche Zwecke auch f\u00fcr Benutzer gilt, die auf den WarmSlipper.com zugreifen und die entsprechenden Services nutzen, auch ohne den Kauf eines Produkts.<\/p>\n<p>        <\/div>\n    <\/div>\n<\/div>\n\n<\/div><div class=\"builder-section col-lg-9 margin_bottom_100 \" >\n\n    \n<div class=\"row section-header space\">\n\n         \n                        <div class=\"section-without-space\">\n                        \n                                                                        \n\n                                        \n                                <\/div> \n\n                            <\/div>\n    \n<div class=\"panel-group row faq\">\n    <div class=\"col-lg-9\">\n\n\n        <div class=\"element panel panel-default faq-item\" id=\"contact\">\n    <div class=\"panel-heading \">\n        <h4 class=\"panel-title\">\n            <a class=\"accordion-toggle \" data-toggle=\"collapse\" data-parent=\"#accordion\" href=\"#collapse6158\">\n                <i class=\" icon-info\"><\/i> Kontakt            <\/a>\n        <\/h4>\n    <\/div>\n    <div id=\"collapse6158\" class=\"panel-collapse collapse\">\n        <div class=\"panel-body\">\nF\u00fcr Hilfe und \/ oder Informationen \u00fcber die Sicherheit Ihrer Privatsph\u00e4re, kontaktieren Sie uns bitte per E-Mail <a class=\"lowul_mail_link\" href=\"mailto:info@warmslipper.com\">info@warmslipper.com<\/a>.        <\/div>\n    <\/div>\n<\/div>\n<div class=\"element panel panel-default faq-item\" id=\"privacy\">\n    <div class=\"panel-heading \">\n        <h4 class=\"panel-title\">\n            <a class=\"accordion-toggle \" data-toggle=\"collapse\" data-parent=\"#accordion\" href=\"#collapse6156\">\n                <i class=\" icon-info\"><\/i> Privatsph\u00e4re            <\/a>\n        <\/h4>\n    <\/div>\n    <div id=\"collapse6156\" class=\"panel-collapse collapse\">\n        <div class=\"panel-body\">\n<p>Ihre Privatsph\u00e4re ist uns sehr wichtig.<\/p>\r\n<p>Pers\u00f6nliche Informationen werden gesammelt, wenn eine Bestellung erteilt wird oder wenn Sie sich unserer Mailingliste anschlie\u00dfen. Ihre Informationen werden nur von WarmSlipper.com verwendet, um Ihre Bestellung zu bearbeiten und Sie von neuen Produkten und Sonderangeboten von Zeit zu Zeit zu beraten. Wir werden Ihre personenbezogenen Daten nicht an Dritte weitergeben, au\u00dfer Kurierunternehmen. Sollten Sie Ihre Daten aus unserer Datenbank entfernen m\u00f6chten, klicken Sie bitte auf den Abmelden-Link auf E-Mails, die Sie von WarmSlipper.com erhalten.<\/p>        <\/div>\n    <\/div>\n<\/div>\n<div class=\"element panel panel-default faq-item\" id=\"security\">\n    <div class=\"panel-heading \">\n        <h4 class=\"panel-title\">\n            <a class=\"accordion-toggle \" data-toggle=\"collapse\" data-parent=\"#accordion\" href=\"#collapse6170\">\n                <i class=\" icon-info\"><\/i> Sicherheit            <\/a>\n        <\/h4>\n    <\/div>\n    <div id=\"collapse6170\" class=\"panel-collapse collapse\">\n        <div class=\"panel-body\">\nAlle Kreditkarten-Transaktionen werden von<a class=\"lowul_mail_link\" href=\"https:\/\/www.braintreegateway.com\/merchants\/x5pm5yg65prkj2nk\/verified\"> BrainTree-Zahlungen behandelt<\/a> und sind SSL verschl\u00fcsselt und sicher. WarmSlipper.com sammelt oder verzeichnet keine Kreditkartendetails, die Sie beim Kauf verwenden.\r\n        <\/div>\n    <\/div>\n<\/div>\n\n    <\/div>\n<\/div>                 \n\n<div class=\"clear\"><\/div>\n \n<\/div><div class=\"builder-section col-lg-3 margin_bottom_100 \" >\n\n    \n<div class=\"row section-header space\">\n\n         \n                        <div class=\"section-without-space\">\n                        \n                                                                        \n\n                                        \n                                <\/div> \n\n                            <\/div>\n    \n    <div class = \"contact-name\">\n        <h3>Lowul Slippers Shop<\/h3>\n    <\/div>\n\n    <div class=\"contact-address\">\n                    <p>Artamir d.o.o.<br>\n                                        Pucova 4, 3000 Celje<br>\n                                        Slovenia<\/p>\n            <\/div>\n\n<div class=\"contact-contact\">\n            <div class=\"contact-mail\">\n                            <i class=\"icon-mail4\"><\/i>\n                        <a href=\"mailto:info@warmslipper.com\"> info@warmslipper.com<\/a>\n        <\/div>\n    \n            <div class=\"contact-mail\">\n                            <i class=\" icon-phone2  \"><\/i>\n                        <a href=\"skype:+386 31 699 776?call\"> +386 31 699 776<\/a>\n        <\/div>\n    \n            <div class=\"contact-mail\">\n                            <i class=\" icon-mobile3  \"><\/i>\n                        <a href=\"skype:+386 59 934 656?call\"> +386 59 934 656<\/a>\n        <\/div>\n    \n            <div class=\"contact-mail\">\n                            <i class=\"icon-earth\"><\/i>\n                        <a href=\"https:\/\/warmslipper.com\/de\/\">https:\/\/warmslipper.com\/de\/<\/a>\n        <\/div>\n    \n    <\/div>\n\n\n\n<div class=\"contact-time\">\n    <h4>&Ouml;ffnungszeiten:<\/h4> \n    \n                        <\/div> \n<\/div><div class=\"builder-section col-lg-12  \" >\n\n    \n<div class=\"row section-header space\">\n\n         \n                        <div class=\"section-without-space\">\n                        \n                                                                        \n\n                                        \n                                <\/div> \n\n                            <\/div>\n    \n \n<\/div><\/p>\n","protected":false},"excerpt":{"rendered":"<p>Alle Kreditkarten-Transaktionen werden von BrainTree-Zahlungen behandelt und sind SSL verschl\u00fcsselt und sicher. WarmSlipper.com sammelt oder verzeichnet keine Kreditkartendetails, die Sie beim Kauf verwenden.<\/p>\n","protected":false},"author":3,"featured_media":0,"parent":0,"menu_order":0,"comment_status":"closed","ping_status":"closed","template":"","meta":[],"yoast_head":"<!-- This site is optimized with the Yoast SEO plugin v19.11 - https:\/\/yoast.com\/wordpress\/plugins\/seo\/ -->\n<title>Privacy Policy - Warm Slippers<\/title>\n<meta name=\"robots\" content=\"index, follow, max-snippet:-1, max-image-preview:large, max-video-preview:-1\" \/>\n<link rel=\"canonical\" href=\"https:\/\/warmslipper.com\/de\/privacy-policy\/\" \/>\n<meta property=\"og:locale\" content=\"de_DE\" \/>\n<meta property=\"og:type\" content=\"article\" \/>\n<meta property=\"og:title\" content=\"Privacy Policy - Warm Slippers\" \/>\n<meta property=\"og:description\" content=\"Alle Kreditkarten-Transaktionen werden von BrainTree-Zahlungen behandelt und sind SSL verschl\u00fcsselt und sicher. WarmSlipper.com sammelt oder verzeichnet keine Kreditkartendetails, die Sie beim Kauf verwenden.\" \/>\n<meta property=\"og:url\" content=\"https:\/\/warmslipper.com\/de\/privacy-policy\/\" \/>\n<meta property=\"og:site_name\" content=\"Warm Slippers\" \/>\n<meta property=\"article:modified_time\" content=\"2018-09-03T18:56:51+00:00\" \/>\n<meta name=\"twitter:card\" content=\"summary_large_image\" \/>\n<meta name=\"twitter:label1\" content=\"Gesch\u00e4tzte Lesezeit\" \/>\n\t<meta name=\"twitter:data1\" content=\"1\u00a0Minute\" \/>\n<script type=\"application\/ld+json\" class=\"yoast-schema-graph\">{\"@context\":\"https:\/\/schema.org\",\"@graph\":[{\"@type\":\"WebPage\",\"@id\":\"https:\/\/warmslipper.com\/de\/privacy-policy\/\",\"url\":\"https:\/\/warmslipper.com\/de\/privacy-policy\/\",\"name\":\"Privacy Policy - Warm Slippers\",\"isPartOf\":{\"@id\":\"https:\/\/warmslipper.com\/#website\"},\"datePublished\":\"2016-10-25T09:36:02+00:00\",\"dateModified\":\"2018-09-03T18:56:51+00:00\",\"breadcrumb\":{\"@id\":\"https:\/\/warmslipper.com\/de\/privacy-policy\/#breadcrumb\"},\"inLanguage\":\"de\",\"potentialAction\":[{\"@type\":\"ReadAction\",\"target\":[\"https:\/\/warmslipper.com\/de\/privacy-policy\/\"]}]},{\"@type\":\"BreadcrumbList\",\"@id\":\"https:\/\/warmslipper.com\/de\/privacy-policy\/#breadcrumb\",\"itemListElement\":[{\"@type\":\"ListItem\",\"position\":1,\"name\":\"Home\",\"item\":\"https:\/\/warmslipper.com\/de\/\"},{\"@type\":\"ListItem\",\"position\":2,\"name\":\"Privacy Policy\"}]},{\"@type\":\"WebSite\",\"@id\":\"https:\/\/warmslipper.com\/#website\",\"url\":\"https:\/\/warmslipper.com\/\",\"name\":\"Warm Slippers\",\"description\":\"Slippers Store\",\"potentialAction\":[{\"@type\":\"SearchAction\",\"target\":{\"@type\":\"EntryPoint\",\"urlTemplate\":\"https:\/\/warmslipper.com\/?s={search_term_string}\"},\"query-input\":\"required name=search_term_string\"}],\"inLanguage\":\"de\"}]}<\/script>\n<!-- \/ Yoast SEO plugin. -->","yoast_head_json":{"title":"Privacy Policy - Warm Slippers","robots":{"index":"index","follow":"follow","max-snippet":"max-snippet:-1","max-image-preview":"max-image-preview:large","max-video-preview":"max-video-preview:-1"},"canonical":"https:\/\/warmslipper.com\/de\/privacy-policy\/","og_locale":"de_DE","og_type":"article","og_title":"Privacy Policy - Warm Slippers","og_description":"Alle Kreditkarten-Transaktionen werden von BrainTree-Zahlungen behandelt und sind SSL verschl\u00fcsselt und sicher. WarmSlipper.com sammelt oder verzeichnet keine Kreditkartendetails, die Sie beim Kauf verwenden.","og_url":"https:\/\/warmslipper.com\/de\/privacy-policy\/","og_site_name":"Warm Slippers","article_modified_time":"2018-09-03T18:56:51+00:00","twitter_card":"summary_large_image","twitter_misc":{"Gesch\u00e4tzte Lesezeit":"1\u00a0Minute"},"schema":{"@context":"https:\/\/schema.org","@graph":[{"@type":"WebPage","@id":"https:\/\/warmslipper.com\/de\/privacy-policy\/","url":"https:\/\/warmslipper.com\/de\/privacy-policy\/","name":"Privacy Policy - Warm Slippers","isPartOf":{"@id":"https:\/\/warmslipper.com\/#website"},"datePublished":"2016-10-25T09:36:02+00:00","dateModified":"2018-09-03T18:56:51+00:00","breadcrumb":{"@id":"https:\/\/warmslipper.com\/de\/privacy-policy\/#breadcrumb"},"inLanguage":"de","potentialAction":[{"@type":"ReadAction","target":["https:\/\/warmslipper.com\/de\/privacy-policy\/"]}]},{"@type":"BreadcrumbList","@id":"https:\/\/warmslipper.com\/de\/privacy-policy\/#breadcrumb","itemListElement":[{"@type":"ListItem","position":1,"name":"Home","item":"https:\/\/warmslipper.com\/de\/"},{"@type":"ListItem","position":2,"name":"Privacy Policy"}]},{"@type":"WebSite","@id":"https:\/\/warmslipper.com\/#website","url":"https:\/\/warmslipper.com\/","name":"Warm Slippers","description":"Slippers Store","potentialAction":[{"@type":"SearchAction","target":{"@type":"EntryPoint","urlTemplate":"https:\/\/warmslipper.com\/?s={search_term_string}"},"query-input":"required name=search_term_string"}],"inLanguage":"de"}]}},"_links":{"self":[{"href":"https:\/\/warmslipper.com\/de\/wp-json\/wp\/v2\/pages\/5867"}],"collection":[{"href":"https:\/\/warmslipper.com\/de\/wp-json\/wp\/v2\/pages"}],"about":[{"href":"https:\/\/warmslipper.com\/de\/wp-json\/wp\/v2\/types\/page"}],"author":[{"embeddable":true,"href":"https:\/\/warmslipper.com\/de\/wp-json\/wp\/v2\/users\/3"}],"replies":[{"embeddable":true,"href":"https:\/\/warmslipper.com\/de\/wp-json\/wp\/v2\/comments?post=5867"}],"version-history":[{"count":8,"href":"https:\/\/warmslipper.com\/de\/wp-json\/wp\/v2\/pages\/5867\/revisions"}],"predecessor-version":[{"id":8158,"href":"https:\/\/warmslipper.com\/de\/wp-json\/wp\/v2\/pages\/5867\/revisions\/8158"}],"wp:attachment":[{"href":"https:\/\/warmslipper.com\/de\/wp-json\/wp\/v2\/media?parent=5867"}],"curies":[{"name":"wp","href":"https:\/\/api.w.org\/{rel}","templated":true}]}}