{"id":5873,"date":"2016-04-28T16:25:06","date_gmt":"2016-04-28T16:25:06","guid":{"rendered":"https:\/\/warmslipper.com\/terms-and-conditions\/"},"modified":"2018-09-03T18:54:36","modified_gmt":"2018-09-03T18:54:36","slug":"terms-and-conditions","status":"publish","type":"page","link":"https:\/\/warmslipper.com\/de\/terms-and-conditions\/","title":{"rendered":"Terms and Conditions"},"content":{"rendered":"<p><div class=\"builder-section col-lg-12  \" >\n\n    \n<div class=\"row section-header space\">\n\n         \n                        <div class=\"section-without-space\">\n                        \n                                                                        \n\n                                        \n                                <\/div> \n\n                            <\/div>\n    \n<div class=\"row\">\n    <div class=\"col-lg-12\">\n        <div >\n         <\/p>\n<h1 class=\"hclass300\">Gesch\u00e4ftsbedingungen<\/h1>\n<hr \/>\n<p>Willkommen bei WarmSlipper.com, dem offiziellen Online-Shop von Lowul Slippers Store von memoAR d.o.o. (im Folgenden WarmSlipper).<\/p>\n<p>        <\/div>\n    <\/div>\n<\/div>\n\n<\/div><div class=\"builder-section col-lg-9 margin_bottom_100 \" >\n\n    \n<div class=\"row section-header space\">\n\n         \n                        <div class=\"section-without-space\">\n                        \n                                                                        \n\n                                        \n                                <\/div> \n\n                            <\/div>\n    \n<div class=\"panel-group row faq\">\n    <div class=\"col-lg-9\">\n\n\n        <div class=\"element panel panel-default faq-item\" id=\"copyright\">\n    <div class=\"panel-heading \">\n        <h4 class=\"panel-title\">\n            <a class=\"accordion-toggle \" data-toggle=\"collapse\" data-parent=\"#accordion\" href=\"#collapse6160\">\n                <i class=\" icon-info\"><\/i> Copyright            <\/a>\n        <\/h4>\n    <\/div>\n    <div id=\"collapse6160\" class=\"panel-collapse collapse\">\n        <div class=\"panel-body\">\nF\u00fcr Hilfe und \/ oder Informationen \u00fcber Bestellungen und Versand, R\u00fccksendung der auf dem WarmSlipper.com erworbenen Produkte, Anregungen und sonstige allgemeine Informationen \u00fcber die Leistungen des WarmSlipper, kontaktieren Sie uns bitte per E-Mail an <a class=\"lowul_mail_link\" href=\"mailto:info@woolwalker.com\">info@warmslipper.com<\/a>.        <\/div>\n    <\/div>\n<\/div>\n<div class=\"element panel panel-default faq-item\" id=\"labeling-of-goods\">\n    <div class=\"panel-heading \">\n        <h4 class=\"panel-title\">\n            <a class=\"accordion-toggle \" data-toggle=\"collapse\" data-parent=\"#accordion\" href=\"#collapse6166\">\n                <i class=\" icon-info\"><\/i> Etikettierung von Waren            <\/a>\n        <\/h4>\n    <\/div>\n    <div id=\"collapse6166\" class=\"panel-collapse collapse\">\n        <div class=\"panel-body\">\nAlle Pflegehinweise sollten strikt eingehalten werden, da WarmSlipper alle Verantwortlichkeit f\u00fcr Sch\u00e4den, die durch Kleidungsst\u00fccke verursacht werden, durch sorgloses Waschen oder Misshandeln ablehnen.        <\/div>\n    <\/div>\n<\/div>\n<div class=\"element panel panel-default faq-item\" id=\"cost\">\n    <div class=\"panel-heading \">\n        <h4 class=\"panel-title\">\n            <a class=\"accordion-toggle \" data-toggle=\"collapse\" data-parent=\"#accordion\" href=\"#collapse6162\">\n                <i class=\" icon-info\"><\/i> Kosten            <\/a>\n        <\/h4>\n    <\/div>\n    <div id=\"collapse6162\" class=\"panel-collapse collapse\">\n        <div class=\"panel-body\">\nDer Preis, den Sie zahlen, ist der Preis, der auf der Website angegeben wird. Sie sind auch damit einverstanden, die Versandkosten zu bezahlen. Die Mehrwertsteuer (nur f\u00fcr die Europ\u00e4ische Union) ist in der auf der Website angegebenen Preis enthalten. Internationale Kunden (andere dann EU) sind f\u00fcr ihre eigenen Pflichten und Steuern verantwortlich.        <\/div>\n    <\/div>\n<\/div>\n<div class=\"element panel panel-default faq-item\" id=\"delivery\">\n    <div class=\"panel-heading \">\n        <h4 class=\"panel-title\">\n            <a class=\"accordion-toggle \" data-toggle=\"collapse\" data-parent=\"#accordion\" href=\"#collapse6164\">\n                <i class=\" icon-info\"><\/i> Lieferung            <\/a>\n        <\/h4>\n    <\/div>\n    <div id=\"collapse6164\" class=\"panel-collapse collapse\">\n        <div class=\"panel-body\">\nJedermann an der Lieferadresse, die die Ware erh\u00e4lt und unterschreibt, wird von WarmSlipper angenommen, um die Ware in Ihrem Namen zu erhalten.        <\/div>\n    <\/div>\n<\/div>\n<div class=\"element panel panel-default faq-item\" id=\"agreement\">\n    <div class=\"panel-heading \">\n        <h4 class=\"panel-title\">\n            <a class=\"accordion-toggle \" data-toggle=\"collapse\" data-parent=\"#accordion\" href=\"#collapse6085\">\n                <i class=\" icon-info\"><\/i> Vereinbarung            <\/a>\n        <\/h4>\n    <\/div>\n    <div id=\"collapse6085\" class=\"panel-collapse collapse\">\n        <div class=\"panel-body\">\n<p class=\"p1\"><span class=\"s1\">Diese Vereinbarung besteht zwischen dem Kunden (Sie) und der MemoAR d.o.o. (nachfolgend WarmSlipper), einmal <span class=\"s2\">WarmSlipper.com<\/span> erh\u00e4lt und akzeptiert einen Auftrag. Sitz der Gesellschaft: Pucova 4, SI-3000 Celje, Slowenien. Der Auftrag kann von WarmSlipper nach unserem Ermessen angenommen werden. Jede Bestellung gilt als separat.<\/span><\/p>        <\/div>\n    <\/div>\n<\/div>\n\n    <\/div>\n<\/div>                 \n\n<div class=\"clear\"><\/div>\n \n<\/div><div class=\"builder-section col-lg-3 margin_bottom_100 \" >\n\n    \n<div class=\"row section-header space\">\n\n         \n                        <div class=\"section-without-space\">\n                        \n                                                                        \n\n                                        \n                                <\/div> \n\n                            <\/div>\n    \n    <div class = \"contact-name\">\n        <h3>Lowul Slippers Shop<\/h3>\n    <\/div>\n\n    <div class=\"contact-address\">\n                    <p>Artamir d.o.o.<br>\n                                        Pucova 4, 3000 Celje<br>\n                                        Slowenien<\/p>\n            <\/div>\n\n<div class=\"contact-contact\">\n            <div class=\"contact-mail\">\n                            <i class=\"icon-mail4\"><\/i>\n                        <a href=\"mailto:info@warmslipper.com\"> info@warmslipper.com<\/a>\n        <\/div>\n    \n            <div class=\"contact-mail\">\n                            <i class=\" icon-phone2  \"><\/i>\n                        <a href=\"skype:+386 31 699 776?call\"> +386 31 699 776<\/a>\n        <\/div>\n    \n            <div class=\"contact-mail\">\n                            <i class=\" icon-mobile3  \"><\/i>\n                        <a href=\"skype:+386 59 934 656?call\"> +386 59 934 656<\/a>\n        <\/div>\n    \n            <div class=\"contact-mail\">\n                            <i class=\"icon-earth\"><\/i>\n                        <a href=\"https:\/\/warmslipper.com\/de\/\">https:\/\/warmslipper.com\/de\/<\/a>\n        <\/div>\n    \n    <\/div>\n\n\n\n<div class=\"contact-time\">\n    <h4>&Ouml;ffnungszeiten:<\/h4> \n    \n                        <\/div> \n<\/div><div class=\"builder-section col-lg-12  \" >\n\n    \n<div class=\"row section-header space\">\n\n         \n                        <div class=\"section-without-space\">\n                        \n                                                                        \n\n                                        \n                                <\/div> \n\n                            <\/div>\n    \n \n<\/div><\/p>\n","protected":false},"excerpt":{"rendered":"<p>Diese Vereinbarung besteht zwischen dem Kunden (Sie) und der MemoAR d.o.o. (nachfolgend WarmSlipper), einmal WarmSlipper.com erh\u00e4lt und akzeptiert einen Auftrag. Sitz der Gesellschaft: Pucova 4, SI-3000 Celje, Slowenien. Der Auftrag kann von WarmSlipper nach unserem Ermessen angenommen werden. Jede Bestellung gilt als separat.<\/p>\n","protected":false},"author":1,"featured_media":0,"parent":0,"menu_order":0,"comment_status":"closed","ping_status":"closed","template":"","meta":[],"yoast_head":"<!-- This site is optimized with the Yoast SEO plugin v19.11 - https:\/\/yoast.com\/wordpress\/plugins\/seo\/ -->\n<title>Terms and Conditions - Warm Slippers<\/title>\n<meta name=\"robots\" content=\"index, follow, max-snippet:-1, max-image-preview:large, max-video-preview:-1\" \/>\n<link rel=\"canonical\" href=\"https:\/\/warmslipper.com\/de\/terms-and-conditions\/\" \/>\n<meta property=\"og:locale\" content=\"de_DE\" \/>\n<meta property=\"og:type\" content=\"article\" \/>\n<meta property=\"og:title\" content=\"Terms and Conditions - Warm Slippers\" \/>\n<meta property=\"og:description\" content=\"Diese Vereinbarung besteht zwischen dem Kunden (Sie) und der MemoAR d.o.o. (nachfolgend WarmSlipper), einmal WarmSlipper.com erh\u00e4lt und akzeptiert einen Auftrag. Sitz der Gesellschaft: Pucova 4, SI-3000 Celje, Slowenien. Der Auftrag kann von WarmSlipper nach unserem Ermessen angenommen werden. Jede Bestellung gilt als separat.\" \/>\n<meta property=\"og:url\" content=\"https:\/\/warmslipper.com\/de\/terms-and-conditions\/\" \/>\n<meta property=\"og:site_name\" content=\"Warm Slippers\" \/>\n<meta property=\"article:modified_time\" content=\"2018-09-03T18:54:36+00:00\" \/>\n<meta name=\"twitter:card\" content=\"summary_large_image\" \/>\n<meta name=\"twitter:label1\" content=\"Gesch\u00e4tzte Lesezeit\" \/>\n\t<meta name=\"twitter:data1\" content=\"1\u00a0Minute\" \/>\n<script type=\"application\/ld+json\" class=\"yoast-schema-graph\">{\"@context\":\"https:\/\/schema.org\",\"@graph\":[{\"@type\":\"WebPage\",\"@id\":\"https:\/\/warmslipper.com\/de\/terms-and-conditions\/\",\"url\":\"https:\/\/warmslipper.com\/de\/terms-and-conditions\/\",\"name\":\"Terms and Conditions - Warm Slippers\",\"isPartOf\":{\"@id\":\"https:\/\/warmslipper.com\/#website\"},\"datePublished\":\"2016-04-28T16:25:06+00:00\",\"dateModified\":\"2018-09-03T18:54:36+00:00\",\"breadcrumb\":{\"@id\":\"https:\/\/warmslipper.com\/de\/terms-and-conditions\/#breadcrumb\"},\"inLanguage\":\"de\",\"potentialAction\":[{\"@type\":\"ReadAction\",\"target\":[\"https:\/\/warmslipper.com\/de\/terms-and-conditions\/\"]}]},{\"@type\":\"BreadcrumbList\",\"@id\":\"https:\/\/warmslipper.com\/de\/terms-and-conditions\/#breadcrumb\",\"itemListElement\":[{\"@type\":\"ListItem\",\"position\":1,\"name\":\"Home\",\"item\":\"https:\/\/warmslipper.com\/de\/\"},{\"@type\":\"ListItem\",\"position\":2,\"name\":\"Terms and Conditions\"}]},{\"@type\":\"WebSite\",\"@id\":\"https:\/\/warmslipper.com\/#website\",\"url\":\"https:\/\/warmslipper.com\/\",\"name\":\"Warm Slippers\",\"description\":\"Slippers Store\",\"potentialAction\":[{\"@type\":\"SearchAction\",\"target\":{\"@type\":\"EntryPoint\",\"urlTemplate\":\"https:\/\/warmslipper.com\/?s={search_term_string}\"},\"query-input\":\"required name=search_term_string\"}],\"inLanguage\":\"de\"}]}<\/script>\n<!-- \/ Yoast SEO plugin. -->","yoast_head_json":{"title":"Terms and Conditions - Warm Slippers","robots":{"index":"index","follow":"follow","max-snippet":"max-snippet:-1","max-image-preview":"max-image-preview:large","max-video-preview":"max-video-preview:-1"},"canonical":"https:\/\/warmslipper.com\/de\/terms-and-conditions\/","og_locale":"de_DE","og_type":"article","og_title":"Terms and Conditions - Warm Slippers","og_description":"Diese Vereinbarung besteht zwischen dem Kunden (Sie) und der MemoAR d.o.o. (nachfolgend WarmSlipper), einmal WarmSlipper.com erh\u00e4lt und akzeptiert einen Auftrag. Sitz der Gesellschaft: Pucova 4, SI-3000 Celje, Slowenien. Der Auftrag kann von WarmSlipper nach unserem Ermessen angenommen werden. Jede Bestellung gilt als separat.","og_url":"https:\/\/warmslipper.com\/de\/terms-and-conditions\/","og_site_name":"Warm Slippers","article_modified_time":"2018-09-03T18:54:36+00:00","twitter_card":"summary_large_image","twitter_misc":{"Gesch\u00e4tzte Lesezeit":"1\u00a0Minute"},"schema":{"@context":"https:\/\/schema.org","@graph":[{"@type":"WebPage","@id":"https:\/\/warmslipper.com\/de\/terms-and-conditions\/","url":"https:\/\/warmslipper.com\/de\/terms-and-conditions\/","name":"Terms and Conditions - Warm Slippers","isPartOf":{"@id":"https:\/\/warmslipper.com\/#website"},"datePublished":"2016-04-28T16:25:06+00:00","dateModified":"2018-09-03T18:54:36+00:00","breadcrumb":{"@id":"https:\/\/warmslipper.com\/de\/terms-and-conditions\/#breadcrumb"},"inLanguage":"de","potentialAction":[{"@type":"ReadAction","target":["https:\/\/warmslipper.com\/de\/terms-and-conditions\/"]}]},{"@type":"BreadcrumbList","@id":"https:\/\/warmslipper.com\/de\/terms-and-conditions\/#breadcrumb","itemListElement":[{"@type":"ListItem","position":1,"name":"Home","item":"https:\/\/warmslipper.com\/de\/"},{"@type":"ListItem","position":2,"name":"Terms and Conditions"}]},{"@type":"WebSite","@id":"https:\/\/warmslipper.com\/#website","url":"https:\/\/warmslipper.com\/","name":"Warm Slippers","description":"Slippers Store","potentialAction":[{"@type":"SearchAction","target":{"@type":"EntryPoint","urlTemplate":"https:\/\/warmslipper.com\/?s={search_term_string}"},"query-input":"required name=search_term_string"}],"inLanguage":"de"}]}},"_links":{"self":[{"href":"https:\/\/warmslipper.com\/de\/wp-json\/wp\/v2\/pages\/5873"}],"collection":[{"href":"https:\/\/warmslipper.com\/de\/wp-json\/wp\/v2\/pages"}],"about":[{"href":"https:\/\/warmslipper.com\/de\/wp-json\/wp\/v2\/types\/page"}],"author":[{"embeddable":true,"href":"https:\/\/warmslipper.com\/de\/wp-json\/wp\/v2\/users\/1"}],"replies":[{"embeddable":true,"href":"https:\/\/warmslipper.com\/de\/wp-json\/wp\/v2\/comments?post=5873"}],"version-history":[{"count":10,"href":"https:\/\/warmslipper.com\/de\/wp-json\/wp\/v2\/pages\/5873\/revisions"}],"predecessor-version":[{"id":8157,"href":"https:\/\/warmslipper.com\/de\/wp-json\/wp\/v2\/pages\/5873\/revisions\/8157"}],"wp:attachment":[{"href":"https:\/\/warmslipper.com\/de\/wp-json\/wp\/v2\/media?parent=5873"}],"curies":[{"name":"wp","href":"https:\/\/api.w.org\/{rel}","templated":true}]}}