{"id":6199,"date":"2017-10-09T19:11:23","date_gmt":"2017-10-09T19:11:23","guid":{"rendered":"https:\/\/warmslipper.com\/?post_type=product&#038;p=6199"},"modified":"2020-12-08T09:06:27","modified_gmt":"2020-12-08T09:06:27","slug":"slippers-jaba","status":"publish","type":"product","link":"https:\/\/warmslipper.com\/de\/shop\/lowul-hausschuhe\/slippers-jaba\/","title":{"rendered":"Jaba"},"content":{"rendered":"<p>Hausschuhe Jaba sind diejenigen, die uns zur\u00fcck zu unserem Anfang bringen. Sie lassen uns an die Zeit in der Steinzeit denken, w\u00e4hrend die Stones \u200b\u200bund die Flints lebten. Du hast nichts \u00c4hnliches gesehen oder getragen.<br \/>\n<!--more--><\/p>\n<p>Hausschuhe Jaba sind diejenigen, die uns zur\u00fcck zu unserem Anfang bringen. Sie lassen uns an die Zeit in der Steinzeit denken, w\u00e4hrend die Stones \u200b\u200bund die Flints lebten. Du hast nichts \u00c4hnliches gesehen oder getragen, also musst du Jaba Slippers versuchen, die menschliche Evolution zu verstehen. Obwohl sie aussehen, als ob sie tats\u00e4chlich aus der Steinzeit stammen, sind sie extrem weich und luftig. Perfekt f\u00fcr kaltes und warmes Klima. Ihr Aussehen wird sehr unterschiedlich sein. Wir wissen, dass Sie jemanden kennen, der sie tragen m\u00f6chte. Weil sie wirklich sehr speziell sind. Wenn wir von der Steinzeit sprechen, denken wir meist an Steinwerkzeuge, die aus einer Vielzahl von Steinen hergestellt wurden. Jaba Hausschuhe lassen uns andererseits glauben, dass wir die Steinzeit in eine weichere Art verwandeln k\u00f6nnen. Du wirst den Unterschied bemerken, denn sie machen dich fest und warm. Wichtig ist die Tatsache, dass Stone Age uns inspiriert hat, Jaba Lowul Pantoffeln so zu gestalten, wie sie heute aussehen. Ja, sie k\u00f6nnen von au\u00dfen robust aussehen, aber das macht sie nicht weniger bequem und gleichzeitig weniger weich. Diese Kombination befriedigt Sie und Ihre Lieben. Wir wollten Jaba Slippers speziell wie m\u00f6glich zu sein, deshalb verwendeten wir graue Farbe. Wie das Sprichwort sagt, endete die Steinzeit nicht, weil wir aus den Steinen rannten; wir haben es zu einer viel besseren L\u00f6sung \u00fcberf\u00fchrt. Und diese L\u00f6sung sind Jaba Hausschuhe. Nicht jeder kann diese Art von Hausschuhen anziehen. Nur diejenigen, die sich von allen anderen unterscheiden wollen und herausstechen wollen. Wenn Sie also nach so etwas anderem suchen, dann denken Sie daran, dass Jaba Hausschuhe genau das sind, wonach Sie gesucht haben. Z\u00f6gern Sie nicht, Sie werden sie anbeten.<\/p>\n<p>&nbsp;<\/p>\n<div class=\"product_image_real_wrap\">\n<div class=\"product_image_real\"><img src=\"\/wp-content\/uploads\/2016\/12\/todhor_kirena_slippers_side_290.jpg\" \/><\/div>\n<div class=\"product_image_real\"><img src=\"\/wp-content\/uploads\/2016\/12\/todhor_slippers_legs_290.jpg\" \/><\/div>\n<div class=\"product_image_real\"><img src=\"\/wp-content\/uploads\/2016\/12\/todhor_kirena_slippers_290.jpg\" \/><\/div>\n<\/div>\n","protected":false},"excerpt":{"rendered":"<p>Hausschuhe Jaba sind diejenigen, die uns zur\u00fcck zu unserem Anfang bringen. Sie lassen uns an die Zeit in der Steinzeit denken, w\u00e4hrend die Stones \u200b\u200bund die Flints lebten. Du hast nichts \u00c4hnliches gesehen oder getragen.<br \/>\n (mehr\u00a0&hellip;)<\/p>\n","protected":false},"featured_media":6197,"comment_status":"closed","ping_status":"closed","template":"","meta":[],"yoast_head":"<!-- This site is optimized with the Yoast SEO plugin v19.11 - https:\/\/yoast.com\/wordpress\/plugins\/seo\/ -->\n<title>Jaba Hauuschuhe sind anders und extrem komfortable.<\/title>\n<meta name=\"description\" content=\"Obwohl sie aussehen, als ob sie tats\u00e4chlich aus der Steinzeit stammen, sind sie extrem weich und luftig. Perfekt f\u00fcr kaltes und warmes Klima.\" \/>\n<meta name=\"robots\" content=\"index, follow, max-snippet:-1, max-image-preview:large, max-video-preview:-1\" \/>\n<link rel=\"canonical\" href=\"https:\/\/warmslipper.com\/de\/shop\/lowul-hausschuhe\/slippers-jaba\/\" \/>\n<meta property=\"og:locale\" content=\"de_DE\" \/>\n<meta property=\"og:type\" content=\"article\" \/>\n<meta property=\"og:title\" content=\"Jaba Hauuschuhe sind anders und extrem komfortable.\" \/>\n<meta property=\"og:description\" content=\"Hausschuhe Jaba sind diejenigen, die uns zur\u00fcck zu unserem Anfang bringen. Wie das Sprichwort sagt, endete die Steinzeit nicht, weil wir aus den Steinen rannten; wir haben es zu einer viel besseren L\u00f6sung \u00fcberf\u00fchrt. Und diese L\u00f6sung sind Jaba Hausschuhe.\" \/>\n<meta property=\"og:url\" content=\"https:\/\/warmslipper.com\/de\/shop\/lowul-hausschuhe\/slippers-jaba\/\" \/>\n<meta property=\"og:site_name\" content=\"Warm Slippers\" \/>\n<meta property=\"article:modified_time\" content=\"2020-12-08T09:06:27+00:00\" \/>\n<meta property=\"og:image\" content=\"https:\/\/warmslipper.com\/wp-content\/uploads\/2017\/07\/todhor-slippers-facebook.jpg\" \/>\n\t<meta property=\"og:image:width\" content=\"1200\" \/>\n\t<meta property=\"og:image:height\" content=\"630\" \/>\n\t<meta property=\"og:image:type\" content=\"image\/jpeg\" \/>\n<meta name=\"twitter:card\" content=\"summary_large_image\" \/>\n<meta name=\"twitter:label1\" content=\"Gesch\u00e4tzte Lesezeit\" \/>\n\t<meta name=\"twitter:data1\" content=\"2\u00a0Minuten\" \/>\n<script type=\"application\/ld+json\" class=\"yoast-schema-graph\">{\"@context\":\"https:\/\/schema.org\",\"@graph\":[{\"@type\":\"WebPage\",\"@id\":\"https:\/\/warmslipper.com\/de\/shop\/lowul-hausschuhe\/slippers-jaba\/\",\"url\":\"https:\/\/warmslipper.com\/de\/shop\/lowul-hausschuhe\/slippers-jaba\/\",\"name\":\"Jaba Hauuschuhe sind anders und extrem komfortable.\",\"isPartOf\":{\"@id\":\"https:\/\/warmslipper.com\/#website\"},\"datePublished\":\"2017-10-09T19:11:23+00:00\",\"dateModified\":\"2020-12-08T09:06:27+00:00\",\"description\":\"Obwohl sie aussehen, als ob sie tats\u00e4chlich aus der Steinzeit stammen, sind sie extrem weich und luftig. Perfekt f\u00fcr kaltes und warmes Klima.\",\"breadcrumb\":{\"@id\":\"https:\/\/warmslipper.com\/de\/shop\/lowul-hausschuhe\/slippers-jaba\/#breadcrumb\"},\"inLanguage\":\"de\",\"potentialAction\":[{\"@type\":\"ReadAction\",\"target\":[\"https:\/\/warmslipper.com\/de\/shop\/lowul-hausschuhe\/slippers-jaba\/\"]}]},{\"@type\":\"BreadcrumbList\",\"@id\":\"https:\/\/warmslipper.com\/de\/shop\/lowul-hausschuhe\/slippers-jaba\/#breadcrumb\",\"itemListElement\":[{\"@type\":\"ListItem\",\"position\":1,\"name\":\"Home\",\"item\":\"https:\/\/warmslipper.com\/de\/\"},{\"@type\":\"ListItem\",\"position\":2,\"name\":\"Products\",\"item\":\"https:\/\/warmslipper.com\/shop\/\"},{\"@type\":\"ListItem\",\"position\":3,\"name\":\"Jaba\"}]},{\"@type\":\"WebSite\",\"@id\":\"https:\/\/warmslipper.com\/#website\",\"url\":\"https:\/\/warmslipper.com\/\",\"name\":\"Warm Slippers\",\"description\":\"Slippers Store\",\"potentialAction\":[{\"@type\":\"SearchAction\",\"target\":{\"@type\":\"EntryPoint\",\"urlTemplate\":\"https:\/\/warmslipper.com\/?s={search_term_string}\"},\"query-input\":\"required name=search_term_string\"}],\"inLanguage\":\"de\"}]}<\/script>\n<!-- \/ Yoast SEO plugin. -->","yoast_head_json":{"title":"Jaba Hauuschuhe sind anders und extrem komfortable.","description":"Obwohl sie aussehen, als ob sie tats\u00e4chlich aus der Steinzeit stammen, sind sie extrem weich und luftig. Perfekt f\u00fcr kaltes und warmes Klima.","robots":{"index":"index","follow":"follow","max-snippet":"max-snippet:-1","max-image-preview":"max-image-preview:large","max-video-preview":"max-video-preview:-1"},"canonical":"https:\/\/warmslipper.com\/de\/shop\/lowul-hausschuhe\/slippers-jaba\/","og_locale":"de_DE","og_type":"article","og_title":"Jaba Hauuschuhe sind anders und extrem komfortable.","og_description":"Hausschuhe Jaba sind diejenigen, die uns zur\u00fcck zu unserem Anfang bringen. Wie das Sprichwort sagt, endete die Steinzeit nicht, weil wir aus den Steinen rannten; wir haben es zu einer viel besseren L\u00f6sung \u00fcberf\u00fchrt. Und diese L\u00f6sung sind Jaba Hausschuhe.","og_url":"https:\/\/warmslipper.com\/de\/shop\/lowul-hausschuhe\/slippers-jaba\/","og_site_name":"Warm Slippers","article_modified_time":"2020-12-08T09:06:27+00:00","og_image":[{"width":1200,"height":630,"url":"https:\/\/warmslipper.com\/wp-content\/uploads\/2017\/07\/todhor-slippers-facebook.jpg","type":"image\/jpeg"}],"twitter_card":"summary_large_image","twitter_misc":{"Gesch\u00e4tzte Lesezeit":"2\u00a0Minuten"},"schema":{"@context":"https:\/\/schema.org","@graph":[{"@type":"WebPage","@id":"https:\/\/warmslipper.com\/de\/shop\/lowul-hausschuhe\/slippers-jaba\/","url":"https:\/\/warmslipper.com\/de\/shop\/lowul-hausschuhe\/slippers-jaba\/","name":"Jaba Hauuschuhe sind anders und extrem komfortable.","isPartOf":{"@id":"https:\/\/warmslipper.com\/#website"},"datePublished":"2017-10-09T19:11:23+00:00","dateModified":"2020-12-08T09:06:27+00:00","description":"Obwohl sie aussehen, als ob sie tats\u00e4chlich aus der Steinzeit stammen, sind sie extrem weich und luftig. Perfekt f\u00fcr kaltes und warmes Klima.","breadcrumb":{"@id":"https:\/\/warmslipper.com\/de\/shop\/lowul-hausschuhe\/slippers-jaba\/#breadcrumb"},"inLanguage":"de","potentialAction":[{"@type":"ReadAction","target":["https:\/\/warmslipper.com\/de\/shop\/lowul-hausschuhe\/slippers-jaba\/"]}]},{"@type":"BreadcrumbList","@id":"https:\/\/warmslipper.com\/de\/shop\/lowul-hausschuhe\/slippers-jaba\/#breadcrumb","itemListElement":[{"@type":"ListItem","position":1,"name":"Home","item":"https:\/\/warmslipper.com\/de\/"},{"@type":"ListItem","position":2,"name":"Products","item":"https:\/\/warmslipper.com\/shop\/"},{"@type":"ListItem","position":3,"name":"Jaba"}]},{"@type":"WebSite","@id":"https:\/\/warmslipper.com\/#website","url":"https:\/\/warmslipper.com\/","name":"Warm Slippers","description":"Slippers Store","potentialAction":[{"@type":"SearchAction","target":{"@type":"EntryPoint","urlTemplate":"https:\/\/warmslipper.com\/?s={search_term_string}"},"query-input":"required name=search_term_string"}],"inLanguage":"de"}]}},"_links":{"self":[{"href":"https:\/\/warmslipper.com\/de\/wp-json\/wp\/v2\/product\/6199"}],"collection":[{"href":"https:\/\/warmslipper.com\/de\/wp-json\/wp\/v2\/product"}],"about":[{"href":"https:\/\/warmslipper.com\/de\/wp-json\/wp\/v2\/types\/product"}],"replies":[{"embeddable":true,"href":"https:\/\/warmslipper.com\/de\/wp-json\/wp\/v2\/comments?post=6199"}],"wp:featuredmedia":[{"embeddable":true,"href":"https:\/\/warmslipper.com\/de\/wp-json\/wp\/v2\/media\/6197"}],"wp:attachment":[{"href":"https:\/\/warmslipper.com\/de\/wp-json\/wp\/v2\/media?parent=6199"}],"curies":[{"name":"wp","href":"https:\/\/api.w.org\/{rel}","templated":true}]}}