{"id":6593,"date":"2017-10-24T13:41:35","date_gmt":"2017-10-24T13:41:35","guid":{"rendered":"https:\/\/warmslipper.com\/?post_type=product&#038;p=6593"},"modified":"2020-12-07T23:00:31","modified_gmt":"2020-12-07T23:00:31","slug":"children-slippers-bluish","status":"publish","type":"product","link":"https:\/\/warmslipper.com\/de\/shop\/lowul-kinder-hausschuhe-de\/children-slippers-bluish\/","title":{"rendered":"Cyuti Bluish"},"content":{"rendered":"<p class=\"p1\">Lowul Blau (blau) Hausschuhe sind die s\u00fc\u00dfesten Baby Hausschuhe, die Sie sich vorstellen k\u00f6nnen. Nicht nur, wie sie aussehen. Sie sind von innen heraus s\u00fc\u00df. Jejune werden auf deinen Babyf\u00fc\u00dfen fabelhaft aussehen. Jejune Hausschuhe sind aus reiner Schafwolle, ohne Stiche, nur aus einem St\u00fcck handgemacht.<br \/>\n<!--more--><\/p>\n<p>Perfekt f\u00fcr Neugeborene und Kinder bis zu 5 Jahren. Lowul Jejune Hausschuhe werden die ersten Babyschuhe von Neugeborenen sein. Aber nicht nur das, Jejune ist perfekt auch f\u00fcr Jugendliche. Entweder Neugeborene oder Jugendliche f\u00fchlen sich warm und die sanfte, extrem weiche Note aus reiner Wolle an den F\u00fc\u00dfen. Du und sie werden sich in sie verlieben. Jejune werden sie begleiten, wohin auch immer sie gehen werden. Sie k\u00f6nnen zwischen 12 verschiedenen Farben von Lowul Hausschuhe w\u00e4hlen. Wenn Sie einen von ihnen ausw\u00e4hlen, sollten Sie wissen, dass Sie nicht nur ein Paar Hausschuhe bekommen. Wir haben verschiedene Farben der Schn\u00fcrsenkel auf sie ausprobiert. So viele von ihnen sahen so s\u00fc\u00df aus, so dass wir ein Problem hatten, welche zu w\u00e4hlen. Deshalb entschieden wir uns, vier zus\u00e4tzliche Farben (Beige, Grau, Gelb und Zitrone) von Schn\u00fcrsenkeln in der Verpackung Ihrer Jejune Slippers zu packen. Das Wechseln der Schn\u00fcrsenkel macht sie wieder anders aussehen. Und selbst das ist nicht alles. Wir haben eine weiche Echtledersohle auf Jejune Hausschuhe hinzugef\u00fcgt, weil wir das weiche Aussehen, das sie bereits haben, sch\u00e4tzen m\u00f6chten. Und weil Sie Ihren Baby\/Kindnamen auf den ledernen Sohlen addieren k\u00f6nnen, werden Jejune die ersten personalisierten Wolle Hausschuhe f\u00fcr Ihr Kind sein.<\/p>\n<div class=\"all_models_wrap fullwidth_corection fullwidth_corection_noborder children_phone_off\"><a class=\"all_model_img all_model_img_nopadding cyuti_product_opacity\" href=\"\/de\/product\/children-slippers-ivory\/\"><br \/>\n<img src=\"\/wp-content\/uploads\/2017\/10\/lowul-ivory.svg\" \/><br \/>\n<\/a><br \/>\n<a class=\"all_model_img all_model_img_nopadding cyuti_product_opacity\" href=\"\/de\/product\/children-slippers-loll\/\"><br \/>\n<img src=\"\/wp-content\/uploads\/2017\/10\/lowul-loll.svg\" \/><br \/>\n<\/a><br \/>\n<a class=\"all_model_img all_model_img_nopadding cyuti_product_opacity\" href=\"\/de\/product\/children-slippers-cerise\/\"><br \/>\n<img src=\"\/wp-content\/uploads\/2017\/10\/lowul-cerise.svg\" \/><br \/>\n<\/a><br \/>\n<a class=\"all_model_img all_model_img_nopadding cyuti_product_opacity\" href=\"\/de\/product\/children-slippers-puerile\/\"><br \/>\n<img src=\"\/wp-content\/uploads\/2017\/10\/lowul-puerile.svg\" \/><br \/>\n<\/a><br \/>\n<a class=\"all_model_img all_model_img_nopadding cyuti_product_opacity\" href=\"\/de\/product\/children-slippers-jejune\/\"><br \/>\n<img src=\"\/wp-content\/uploads\/2017\/10\/lowul-jejune.svg\" \/><br \/>\n<\/a><br \/>\n<a class=\"all_model_img all_model_img_nopadding cyuti_product_opacity\" href=\"\/de\/product\/children-slippers-bluish\/\"><br \/>\n<img src=\"\/wp-content\/uploads\/2017\/10\/lowul-bluish.svg\" \/><br \/>\n<\/a><br \/>\n<a class=\"all_model_img all_model_img_nopadding cyuti_product_opacity\" href=\"\/de\/product\/children-slippers-amalfi\/\"><br \/>\n<img src=\"\/wp-content\/uploads\/2017\/10\/lowul-amalfi.svg\" \/><br \/>\n<\/a><br \/>\n<a class=\"all_model_img all_model_img_nopadding cyuti_product_opacity\" href=\"\/de\/product\/children-slippers-gaiety\/\"><br \/>\n<img src=\"\/wp-content\/uploads\/2017\/10\/lowul-gaiety.svg\" \/><br \/>\n<\/a><br \/>\n<a class=\"all_model_img all_model_img_nopadding cyuti_product_opacity\" href=\"\/de\/product\/children-slippers-sable\/\"><br \/>\n<img src=\"\/wp-content\/uploads\/2017\/10\/lowul-sable.svg\" \/><br \/>\n<\/a><br \/>\n<a class=\"all_model_img all_model_img_nopadding cyuti_product_opacity\" href=\"\/de\/product\/children-slippers-beryl\/\"><br \/>\n<img src=\"\/wp-content\/uploads\/2017\/10\/lowul-beryl.svg\" \/><br \/>\n<\/a><br \/>\n<a class=\"all_model_img all_model_img_nopadding cyuti_product_opacity\" href=\"\/de\/product\/children-slippers-mousy\/\"><br \/>\n<img src=\"\/wp-content\/uploads\/2017\/10\/lowul-mousy.svg\" \/><br \/>\n<\/a><br \/>\n<a class=\"all_model_img all_model_img_nopadding cyuti_product_opacity\" href=\"\/de\/product\/children-slippers-lilac\/\"><br \/>\n<img src=\"\/wp-content\/uploads\/2017\/10\/lowul-lilac.svg\" \/><br \/>\n<\/a><br \/>\n<a class=\"all_model_img all_model_img_nopadding cyuti_product_opacity\" href=\"\/de\/product\/children-slippers-jovial\/\"><br \/>\n<img src=\"\/wp-content\/uploads\/2017\/11\/lowul-jovial.svg\" \/><br \/>\n<\/a><\/div>\n","protected":false},"excerpt":{"rendered":"<p><span style=\"color: #00475b;\"><span style=\"font-size: large; font-weight: bold;\">GESCHENK<\/span> &#8211; SCHN\u00dcREN (4 verschiedene Farben)<\/span><\/p>\n","protected":false},"featured_media":8105,"comment_status":"closed","ping_status":"closed","template":"","meta":[],"yoast_head":"<!-- This site is optimized with the Yoast SEO plugin v19.11 - https:\/\/yoast.com\/wordpress\/plugins\/seo\/ -->\n<title>Cyuti Bluish - Warm Slippers<\/title>\n<meta name=\"robots\" content=\"index, follow, max-snippet:-1, max-image-preview:large, max-video-preview:-1\" \/>\n<link rel=\"canonical\" href=\"https:\/\/warmslipper.com\/de\/shop\/lowul-kinder-hausschuhe-de\/children-slippers-bluish\/\" \/>\n<meta property=\"og:locale\" content=\"de_DE\" \/>\n<meta property=\"og:type\" content=\"article\" \/>\n<meta property=\"og:title\" content=\"Cyuti Bluish - Warm Slippers\" \/>\n<meta property=\"og:description\" content=\"GESCHENK - SCHN\u00dcREN (4 verschiedene Farben)\" \/>\n<meta property=\"og:url\" content=\"https:\/\/warmslipper.com\/de\/shop\/lowul-kinder-hausschuhe-de\/children-slippers-bluish\/\" \/>\n<meta property=\"og:site_name\" content=\"Warm Slippers\" \/>\n<meta property=\"article:modified_time\" content=\"2020-12-07T23:00:31+00:00\" \/>\n<meta property=\"og:image\" content=\"https:\/\/warmslipper.com\/wp-content\/uploads\/2018\/08\/lowul-slippers-bluish-soles-2018-de.jpg\" \/>\n\t<meta property=\"og:image:width\" content=\"1200\" \/>\n\t<meta property=\"og:image:height\" content=\"1006\" \/>\n\t<meta property=\"og:image:type\" content=\"image\/jpeg\" \/>\n<meta name=\"twitter:card\" content=\"summary_large_image\" \/>\n<meta name=\"twitter:label1\" content=\"Gesch\u00e4tzte Lesezeit\" \/>\n\t<meta name=\"twitter:data1\" content=\"1\u00a0Minute\" \/>\n<script type=\"application\/ld+json\" class=\"yoast-schema-graph\">{\"@context\":\"https:\/\/schema.org\",\"@graph\":[{\"@type\":\"WebPage\",\"@id\":\"https:\/\/warmslipper.com\/de\/shop\/lowul-kinder-hausschuhe-de\/children-slippers-bluish\/\",\"url\":\"https:\/\/warmslipper.com\/de\/shop\/lowul-kinder-hausschuhe-de\/children-slippers-bluish\/\",\"name\":\"Cyuti Bluish - Warm Slippers\",\"isPartOf\":{\"@id\":\"https:\/\/warmslipper.com\/#website\"},\"datePublished\":\"2017-10-24T13:41:35+00:00\",\"dateModified\":\"2020-12-07T23:00:31+00:00\",\"breadcrumb\":{\"@id\":\"https:\/\/warmslipper.com\/de\/shop\/lowul-kinder-hausschuhe-de\/children-slippers-bluish\/#breadcrumb\"},\"inLanguage\":\"de\",\"potentialAction\":[{\"@type\":\"ReadAction\",\"target\":[\"https:\/\/warmslipper.com\/de\/shop\/lowul-kinder-hausschuhe-de\/children-slippers-bluish\/\"]}]},{\"@type\":\"BreadcrumbList\",\"@id\":\"https:\/\/warmslipper.com\/de\/shop\/lowul-kinder-hausschuhe-de\/children-slippers-bluish\/#breadcrumb\",\"itemListElement\":[{\"@type\":\"ListItem\",\"position\":1,\"name\":\"Home\",\"item\":\"https:\/\/warmslipper.com\/de\/\"},{\"@type\":\"ListItem\",\"position\":2,\"name\":\"Products\",\"item\":\"https:\/\/warmslipper.com\/shop\/\"},{\"@type\":\"ListItem\",\"position\":3,\"name\":\"Cyuti Bluish\"}]},{\"@type\":\"WebSite\",\"@id\":\"https:\/\/warmslipper.com\/#website\",\"url\":\"https:\/\/warmslipper.com\/\",\"name\":\"Warm Slippers\",\"description\":\"Slippers Store\",\"potentialAction\":[{\"@type\":\"SearchAction\",\"target\":{\"@type\":\"EntryPoint\",\"urlTemplate\":\"https:\/\/warmslipper.com\/?s={search_term_string}\"},\"query-input\":\"required name=search_term_string\"}],\"inLanguage\":\"de\"}]}<\/script>\n<!-- \/ Yoast SEO plugin. -->","yoast_head_json":{"title":"Cyuti Bluish - Warm Slippers","robots":{"index":"index","follow":"follow","max-snippet":"max-snippet:-1","max-image-preview":"max-image-preview:large","max-video-preview":"max-video-preview:-1"},"canonical":"https:\/\/warmslipper.com\/de\/shop\/lowul-kinder-hausschuhe-de\/children-slippers-bluish\/","og_locale":"de_DE","og_type":"article","og_title":"Cyuti Bluish - Warm Slippers","og_description":"GESCHENK - SCHN\u00dcREN (4 verschiedene Farben)","og_url":"https:\/\/warmslipper.com\/de\/shop\/lowul-kinder-hausschuhe-de\/children-slippers-bluish\/","og_site_name":"Warm Slippers","article_modified_time":"2020-12-07T23:00:31+00:00","og_image":[{"width":1200,"height":1006,"url":"https:\/\/warmslipper.com\/wp-content\/uploads\/2018\/08\/lowul-slippers-bluish-soles-2018-de.jpg","type":"image\/jpeg"}],"twitter_card":"summary_large_image","twitter_misc":{"Gesch\u00e4tzte Lesezeit":"1\u00a0Minute"},"schema":{"@context":"https:\/\/schema.org","@graph":[{"@type":"WebPage","@id":"https:\/\/warmslipper.com\/de\/shop\/lowul-kinder-hausschuhe-de\/children-slippers-bluish\/","url":"https:\/\/warmslipper.com\/de\/shop\/lowul-kinder-hausschuhe-de\/children-slippers-bluish\/","name":"Cyuti Bluish - Warm Slippers","isPartOf":{"@id":"https:\/\/warmslipper.com\/#website"},"datePublished":"2017-10-24T13:41:35+00:00","dateModified":"2020-12-07T23:00:31+00:00","breadcrumb":{"@id":"https:\/\/warmslipper.com\/de\/shop\/lowul-kinder-hausschuhe-de\/children-slippers-bluish\/#breadcrumb"},"inLanguage":"de","potentialAction":[{"@type":"ReadAction","target":["https:\/\/warmslipper.com\/de\/shop\/lowul-kinder-hausschuhe-de\/children-slippers-bluish\/"]}]},{"@type":"BreadcrumbList","@id":"https:\/\/warmslipper.com\/de\/shop\/lowul-kinder-hausschuhe-de\/children-slippers-bluish\/#breadcrumb","itemListElement":[{"@type":"ListItem","position":1,"name":"Home","item":"https:\/\/warmslipper.com\/de\/"},{"@type":"ListItem","position":2,"name":"Products","item":"https:\/\/warmslipper.com\/shop\/"},{"@type":"ListItem","position":3,"name":"Cyuti Bluish"}]},{"@type":"WebSite","@id":"https:\/\/warmslipper.com\/#website","url":"https:\/\/warmslipper.com\/","name":"Warm Slippers","description":"Slippers Store","potentialAction":[{"@type":"SearchAction","target":{"@type":"EntryPoint","urlTemplate":"https:\/\/warmslipper.com\/?s={search_term_string}"},"query-input":"required name=search_term_string"}],"inLanguage":"de"}]}},"_links":{"self":[{"href":"https:\/\/warmslipper.com\/de\/wp-json\/wp\/v2\/product\/6593"}],"collection":[{"href":"https:\/\/warmslipper.com\/de\/wp-json\/wp\/v2\/product"}],"about":[{"href":"https:\/\/warmslipper.com\/de\/wp-json\/wp\/v2\/types\/product"}],"replies":[{"embeddable":true,"href":"https:\/\/warmslipper.com\/de\/wp-json\/wp\/v2\/comments?post=6593"}],"wp:featuredmedia":[{"embeddable":true,"href":"https:\/\/warmslipper.com\/de\/wp-json\/wp\/v2\/media\/8105"}],"wp:attachment":[{"href":"https:\/\/warmslipper.com\/de\/wp-json\/wp\/v2\/media?parent=6593"}],"curies":[{"name":"wp","href":"https:\/\/api.w.org\/{rel}","templated":true}]}}