{"id":7338,"date":"2014-03-14T18:07:27","date_gmt":"2014-03-14T18:07:27","guid":{"rendered":"https:\/\/warmslipper.com\/about-us\/"},"modified":"2018-09-04T21:05:02","modified_gmt":"2018-09-04T21:05:02","slug":"o-nas","status":"publish","type":"page","link":"https:\/\/warmslipper.com\/sl\/o-nas\/","title":{"rendered":"O nas"},"content":{"rendered":"<p><div class=\"builder-section col-lg-9 aboutus_kate_andre \" >\n\n    \n<div class=\"row section-header off\">\n\n       \n                                                                        <div>\n                                           \n                                    \n                                                                        \n\n                                        \n                                <\/div> \n\n                            <\/div>\n    \n<div class=\"row element-title\">\n    <div class=\"col-lg-9\">\n        \n<div class=\"row section-header big\">\n\n                    <div class=\"section-big-wrapper\" style=\"border-bottom-color:#00475b;\"> \n                <h3 class=\"section-big\" style=\"color:#00475b; border-bottom-color:#00475b;\" >\n                                        <\/h3>\n                \n                                                                        \n\n                                        \n                                <\/div> \n\n                            <\/div>\n    <\/div>\n<\/div>\n \n<\/div><div class=\"builder-section col-lg-9 about_us_kate_andre \" >\n\n    \n<div class=\"row section-header off\">\n\n       \n                                                                        <div>\n                                           \n                                    \n                                                                        \n\n                                        \n                                <\/div> \n\n                            <\/div>\n    \n<div class=\"row\">\n    <div class=\"col-lg-9\">\n        <div >\n         <\/p>\n<p style=\"margin-top: -30px; line-height: 1.73em;\">Leta 2012 sva ugotovila, da se tudi pri filcanju ali polstenju copat lahko naredi nekaj ve\u010d, nekaj druga\u010dnega, nekaj edinstvenega. Navdih in znanje sva dobila pri najinih babicah, ki sta izdelovali polstene copate, ki so imeli eno glavno skupno to\u010dko \u2013 pri njihovi izdelavi je bila strogo upo\u0161tevana tradicija. Odlo\u010dila sva se ohraniti tradicijo v kakovosti in pri izdelavi, ob tem pa najinim izdelkom dodati sodobnej\u0161i izgled. Uspela sva zbrati skupino podobno misle\u010dih \u017eena, ki razumejo in spo\u0161tujejo tradicijo, imajo pa tudi tisti sodoben pridih in pa predvsem voljo in \u017eeljo narediti nekaj druga\u010dnega, resni\u010dno posebnega, unikatnega. Verjameva, da so najini polsteni copati to, kar si \u017eeli imeti vsak, prav zaradi svoje kakovosti, videza in dejstva, da so topli v mrzlih zimskih dneh in no\u010deh, hkrati pa jih je nadvse prijetno nositi tudi v vro\u010dih poletnih mesecih. Torej ni ga letnega \u010dasa, ko ne bi bili uporabni. Popolni copati, popolno darilo, narejeno v Sloveniji, s srcem in s spo\u0161tovanjem do tradicije. V letu 2013 smo za\u010deli z njihovo izdelavo na danes predstavljen na\u010din in sedaj lahko enostavno postanejo tudi va\u0161a vsakdanjost! Prepri\u010dana sva, da se boste vanje zaljubili, vsaj tako zelo kot smo se vanje zaljubili mi, na\u0161i prijatelji, dru\u017eina in nenazadnje tudi vsi dosedanji zadovoljni kupci. Ker&#8230;ljubimo volno!<\/p>\n<p>        <\/div>\n    <\/div>\n<\/div>\n\n<\/div><div class=\"builder-section col-lg-3  \" >\n\n    \n<div class=\"row section-header space\">\n\n         \n                        <div class=\"section-without-space\">\n                        \n                                                                        \n\n                                        \n                                <\/div> \n\n                            <\/div>\n    \n    <div class = \"contact-name\">\n        <h3>Podjetje<\/h3>\n    <\/div>\n\n    <div class=\"contact-address\">\n                    <p>ARTAMIR d.o.o.<br>\n                                        Pucova 4, 3000 Celje<br>\n                                        Slovenija<\/p>\n            <\/div>\n\n<div class=\"contact-contact\">\n            <div class=\"contact-mail\">\n                            <i class=\"icon-mail4\"><\/i>\n                        <a href=\"mailto:info@warmslipper.com\"> info@warmslipper.com<\/a>\n        <\/div>\n    \n            <div class=\"contact-mail\">\n                            <i class=\" icon-phone2  \"><\/i>\n                        <a href=\"skype:041 665 153?call\"> 041 665 153<\/a>\n        <\/div>\n    \n            <div class=\"contact-mail\">\n                            <i class=\" icon-mobile3  \"><\/i>\n                        <a href=\"skype:059 934 656?call\"> 059 934 656<\/a>\n        <\/div>\n    \n            <div class=\"contact-mail\">\n                            <i class=\"icon-earth\"><\/i>\n                        <a href=\"www.warmslipper.com\/sl\/\">www.warmslipper.com\/sl\/<\/a>\n        <\/div>\n    \n    <\/div>\n\n\n\n<div class=\"contact-time\">\n    <h4>Opening hours:<\/h4> \n    \n                        <\/div> \n<\/div><div class=\"builder-section col-lg-12  \" >\n\n    \n<div class=\"row section-header big\">\n\n                    <div class=\"section-big-wrapper\" style=\"\"> \n                <h3 class=\"section-big\" style=\"\" >\n                        Nam najpomembnej\u0161e vrednote                <\/h3>\n                \n                                                                        \n\n                                        \n                                <\/div> \n\n                            <\/div>\n    \n<div class=\"row\">\n    <div class=\"col-lg-12\">\n        <div class=\"panel-group accordion\">\n            <div class=\"panel-acc panel-default\">\n    <div class=\"panel-heading\"><h4 class=\"panel-title\"><a class=\"accordion-toggle\" data-toggle=\"collapse\" data-parent=\"#accordion\" href=\"#collapse0\">Ustvarjalnost<\/a><\/h4><\/div>\n    <div id=\"collapse0\" class=\"panel-collapse collapse in\"><div class=\"panel-body\">Ves \u010das namenjamo iskanju ne\u010desa ustvarjalnega, ne\u010desa povsem druga\u010dnega, neenakega drugim. Nekaj, s \u010dimer bo mogo\u010de identificarati le nas. In to, da to\u010dno vemo, kaj i\u0161\u010demo in kaj ho\u010demo, nas dela resni\u010dno edinstvene.<\/div><\/div>\n<\/div>\n\n<div class=\"panel-acc panel-default\">\n    <div class=\"panel-heading\"><h4 class=\"panel-title\"><a class=\"accordion-toggle\" data-toggle=\"collapse\" data-parent=\"#accordion\" href=\"#collapse1\">Izvirnost<\/a><\/h4><\/div>\n    <div id=\"collapse1\" class=\"panel-collapse collapse\"><div class=\"panel-body\">Filcanih volnenih copat, kot so na\u0161i, ne boste na\u0161li v nobeni drugi trgovini. Izvirnost pri delu je za nas izjemnega pomena.<\/div><\/div>\n<\/div>\n\n<div class=\"panel-acc panel-default\">\n    <div class=\"panel-heading\"><h4 class=\"panel-title\"><a class=\"accordion-toggle\" data-toggle=\"collapse\" data-parent=\"#accordion\" href=\"#collapse2\">Zadovoljstvo<\/a><\/h4><\/div>\n    <div id=\"collapse2\" class=\"panel-collapse collapse\"><div class=\"panel-body\">Veliko na\u0161ega \u010dasa namenjamo zadovoljstvu na\u0161ih kupcev, zato uporabljamo le \u010disto  naravno ov\u010djo volno. Vemo namre\u010d kako trajna in vzdr\u017eljiva je ter kako zelo udobna je za no\u0161enje.<\/div><\/div>\n<\/div>\n\n        <\/div>\n    <\/div>\n<\/div>\n\n<\/div><div class=\"builder-section col-lg-6  \" >\n\n    \n<div class=\"row section-header big\">\n\n                    <div class=\"section-big-wrapper\" style=\"\"> \n                <h3 class=\"section-big\" style=\"\" >\n                        Na\u0161a vizija                <\/h3>\n                \n                                                                        \n\n                                        \n                                <\/div> \n\n                            <\/div>\n    <div class=\"blockquote-container\">\n            <span class=\"quote_i\"><i class=\"icon-quotes-left\"><\/i><\/span>\n            <blockquote class=\"quote_icon\">\n            <\/blockquote>\n<\/div>\n<\/div><div class=\"builder-section col-lg-6  \" >\n\n    \n<div class=\"row section-header big\">\n\n                    <div class=\"section-big-wrapper\" style=\"\"> \n                <h3 class=\"section-big\" style=\"\" >\n                        Na\u0161a strast                <\/h3>\n                \n                                                                        \n\n                                        \n                                <\/div> \n\n                            <\/div>\n    <div class=\"blockquote-container\">\n            <span class=\"quote_i\"><i class=\"icon-quotes-left\"><\/i><\/span>\n            <blockquote class=\"quote_icon\">\n            <\/blockquote>\n<\/div>\n<\/div><div class=\"builder-section col-lg-12  \" >\n\n    \n<div class=\"row section-header big\">\n\n                    <div class=\"section-big-wrapper\" style=\"\"> \n                <h3 class=\"section-big\" style=\"\" >\n                        In kaj o na\u0161ih copatih menijo na\u0161i kupci...                <\/h3>\n                \n                                                                        \n\n                                        \n                                <\/div> \n\n                            <\/div>\n    <div class=\"jaw_blog\">\n    <div class=\"row elements_iso\">\n\n\n        \n            \n<article id=\"testimonial-7730\"  class=\"element col-lg-4 content-testimonial post-7730 jaw-testimonial type-jaw-testimonial status-publish hentry jaw-testimonial-category-customers-sl\"   >\n    <div class=\"box \">\n\n        <div id=\"\" class=\" row\" >\n            <div class=\"author_block col-lg-4\">\n                <div class=\"author_info\">\n                    <div class=\"author_image\">\n                        <img width=\"128\" height=\"128\" src=\"https:\/\/warmslipper.com\/wp-content\/uploads\/2016\/10\/lowul_slippers_customer_new4-128x128.jpg\" class=\"attachment-woo-size-square size-woo-size-square\" alt=\"\" loading=\"lazy\" \/>                    <\/div>\n                    <div class=\"author_name\"  itemprop=\"name\">\n                        <span class=\"\">\n                                                    <\/span>\n                    <\/div>\n                    <div class=\"author_position\">\n                        <span class=\"\">\n                                                    <\/span>                        \n                    <\/div>\n                <\/div>\n                <div class=\"author_desc\">\n                    <div class=\"author_arrow\"><span class=\"icon-arrow-left2\"><\/span><\/div>\n                    <p>Imam zelo \u0161iroko nogo in zato sem bila teh copat \u0161e posebej vesela. To\u010dno, to sem \u017eelela in seveda potrebovala. Njihovo storitev lahko opi\u0161em kot nadvse prijazno. Copati, izdelani to\u010dno po moji nogi. Zelo vesela.<\/p>\n                <\/div>\n                <div class=\"clear\"><\/div>\n            <\/div>\n        <\/div><!-- End admin-info row -->\n\n    <\/div>\n<\/article>\n        \n            \n<article id=\"testimonial-7728\"  class=\"element col-lg-4 content-testimonial post-7728 jaw-testimonial type-jaw-testimonial status-publish hentry jaw-testimonial-category-customers-sl\"   >\n    <div class=\"box \">\n\n        <div id=\"\" class=\" row\" >\n            <div class=\"author_block col-lg-4\">\n                <div class=\"author_info\">\n                    <div class=\"author_image\">\n                        <img width=\"128\" height=\"128\" src=\"https:\/\/warmslipper.com\/wp-content\/uploads\/2016\/10\/lowul_slippers_customer_new2-128x128.jpg\" class=\"attachment-woo-size-square size-woo-size-square\" alt=\"\" loading=\"lazy\" \/>                    <\/div>\n                    <div class=\"author_name\"  itemprop=\"name\">\n                        <span class=\"\">\n                                                    <\/span>\n                    <\/div>\n                    <div class=\"author_position\">\n                        <span class=\"\">\n                                                    <\/span>                        \n                    <\/div>\n                <\/div>\n                <div class=\"author_desc\">\n                    <div class=\"author_arrow\"><span class=\"icon-arrow-left2\"><\/span><\/div>\n                    <p>Obo\u017eujem svoje nove Lowul copate. So izjemno topli in neverjetno udobni. Kupila sem dvojne, zame in za mojega fanta. Zadovoljna oba.<\/p>\n                <\/div>\n                <div class=\"clear\"><\/div>\n            <\/div>\n        <\/div><!-- End admin-info row -->\n\n    <\/div>\n<\/article>\n        \n            \n<article id=\"testimonial-7732\"  class=\"element col-lg-4 content-testimonial post-7732 jaw-testimonial type-jaw-testimonial status-publish hentry jaw-testimonial-category-customers-sl\"   >\n    <div class=\"box \">\n\n        <div id=\"\" class=\" row\" >\n            <div class=\"author_block col-lg-4\">\n                <div class=\"author_info\">\n                    <div class=\"author_image\">\n                        <img width=\"128\" height=\"128\" src=\"https:\/\/warmslipper.com\/wp-content\/uploads\/2016\/10\/lowul_slippers_customer_new6-128x128.jpg\" class=\"attachment-woo-size-square size-woo-size-square\" alt=\"\" loading=\"lazy\" \/>                    <\/div>\n                    <div class=\"author_name\"  itemprop=\"name\">\n                        <span class=\"\">\n                                                    <\/span>\n                    <\/div>\n                    <div class=\"author_position\">\n                        <span class=\"\">\n                                                    <\/span>                        \n                    <\/div>\n                <\/div>\n                <div class=\"author_desc\">\n                    <div class=\"author_arrow\"><span class=\"icon-arrow-left2\"><\/span><\/div>\n                    <p>Noro enostavno naro\u010danje. Kljub temu da so izdelani ro\u010dno, po naro\u010dilu, sem jih dobil zelo hitro, \u0161e pravi \u010das za darilo. Izjemna odzivnost.  Hvala, hvala, hvala!<\/p>\n                <\/div>\n                <div class=\"clear\"><\/div>\n            <\/div>\n        <\/div><!-- End admin-info row -->\n\n    <\/div>\n<\/article>\n        \n    <\/div>                       \n<\/div>\n<div class=\"clear\"><\/div>\n\n\n\n\n\n \n<\/div><\/p>\n","protected":false},"excerpt":{"rendered":"<p>Noro enostavno naro\u010danje. Kljub temu da so izdelani ro\u010dno, po naro\u010dilu, sem jih dobil zelo hitro, \u0161e pravi \u010das za darilo. Izjemna odzivnost.  Hvala, hvala, hvala!<\/p>\n","protected":false},"author":1,"featured_media":0,"parent":0,"menu_order":0,"comment_status":"open","ping_status":"open","template":"","meta":[],"yoast_head":"<!-- This site is optimized with the Yoast SEO plugin v19.11 - https:\/\/yoast.com\/wordpress\/plugins\/seo\/ -->\n<title>O nas - Warm Slippers<\/title>\n<meta name=\"robots\" content=\"index, follow, max-snippet:-1, max-image-preview:large, max-video-preview:-1\" \/>\n<link rel=\"canonical\" href=\"https:\/\/warmslipper.com\/sl\/o-nas\/\" \/>\n<meta property=\"og:locale\" content=\"sl_SI\" \/>\n<meta property=\"og:type\" content=\"article\" \/>\n<meta property=\"og:title\" content=\"O nas - Warm Slippers\" \/>\n<meta property=\"og:description\" content=\"Noro enostavno naro\u010danje. Kljub temu da so izdelani ro\u010dno, po naro\u010dilu, sem jih dobil zelo hitro, \u0161e pravi \u010das za darilo. Izjemna odzivnost. Hvala, hvala, hvala!\" \/>\n<meta property=\"og:url\" content=\"https:\/\/warmslipper.com\/sl\/o-nas\/\" \/>\n<meta property=\"og:site_name\" content=\"Warm Slippers\" \/>\n<meta property=\"article:modified_time\" content=\"2018-09-04T21:05:02+00:00\" \/>\n<meta name=\"twitter:card\" content=\"summary_large_image\" \/>\n<meta name=\"twitter:label1\" content=\"Est. reading time\" \/>\n\t<meta name=\"twitter:data1\" content=\"4 minute\" \/>\n<script type=\"application\/ld+json\" class=\"yoast-schema-graph\">{\"@context\":\"https:\/\/schema.org\",\"@graph\":[{\"@type\":\"WebPage\",\"@id\":\"https:\/\/warmslipper.com\/sl\/o-nas\/\",\"url\":\"https:\/\/warmslipper.com\/sl\/o-nas\/\",\"name\":\"O nas - Warm Slippers\",\"isPartOf\":{\"@id\":\"https:\/\/warmslipper.com\/#website\"},\"datePublished\":\"2014-03-14T18:07:27+00:00\",\"dateModified\":\"2018-09-04T21:05:02+00:00\",\"breadcrumb\":{\"@id\":\"https:\/\/warmslipper.com\/sl\/o-nas\/#breadcrumb\"},\"inLanguage\":\"sl-SI\",\"potentialAction\":[{\"@type\":\"ReadAction\",\"target\":[\"https:\/\/warmslipper.com\/sl\/o-nas\/\"]}]},{\"@type\":\"BreadcrumbList\",\"@id\":\"https:\/\/warmslipper.com\/sl\/o-nas\/#breadcrumb\",\"itemListElement\":[{\"@type\":\"ListItem\",\"position\":1,\"name\":\"Home\",\"item\":\"https:\/\/warmslipper.com\/sl\/\"},{\"@type\":\"ListItem\",\"position\":2,\"name\":\"O nas\"}]},{\"@type\":\"WebSite\",\"@id\":\"https:\/\/warmslipper.com\/#website\",\"url\":\"https:\/\/warmslipper.com\/\",\"name\":\"Warm Slippers\",\"description\":\"Slippers Store\",\"potentialAction\":[{\"@type\":\"SearchAction\",\"target\":{\"@type\":\"EntryPoint\",\"urlTemplate\":\"https:\/\/warmslipper.com\/?s={search_term_string}\"},\"query-input\":\"required name=search_term_string\"}],\"inLanguage\":\"sl-SI\"}]}<\/script>\n<!-- \/ Yoast SEO plugin. -->","yoast_head_json":{"title":"O nas - Warm Slippers","robots":{"index":"index","follow":"follow","max-snippet":"max-snippet:-1","max-image-preview":"max-image-preview:large","max-video-preview":"max-video-preview:-1"},"canonical":"https:\/\/warmslipper.com\/sl\/o-nas\/","og_locale":"sl_SI","og_type":"article","og_title":"O nas - Warm Slippers","og_description":"Noro enostavno naro\u010danje. Kljub temu da so izdelani ro\u010dno, po naro\u010dilu, sem jih dobil zelo hitro, \u0161e pravi \u010das za darilo. Izjemna odzivnost. Hvala, hvala, hvala!","og_url":"https:\/\/warmslipper.com\/sl\/o-nas\/","og_site_name":"Warm Slippers","article_modified_time":"2018-09-04T21:05:02+00:00","twitter_card":"summary_large_image","twitter_misc":{"Est. reading time":"4 minute"},"schema":{"@context":"https:\/\/schema.org","@graph":[{"@type":"WebPage","@id":"https:\/\/warmslipper.com\/sl\/o-nas\/","url":"https:\/\/warmslipper.com\/sl\/o-nas\/","name":"O nas - Warm Slippers","isPartOf":{"@id":"https:\/\/warmslipper.com\/#website"},"datePublished":"2014-03-14T18:07:27+00:00","dateModified":"2018-09-04T21:05:02+00:00","breadcrumb":{"@id":"https:\/\/warmslipper.com\/sl\/o-nas\/#breadcrumb"},"inLanguage":"sl-SI","potentialAction":[{"@type":"ReadAction","target":["https:\/\/warmslipper.com\/sl\/o-nas\/"]}]},{"@type":"BreadcrumbList","@id":"https:\/\/warmslipper.com\/sl\/o-nas\/#breadcrumb","itemListElement":[{"@type":"ListItem","position":1,"name":"Home","item":"https:\/\/warmslipper.com\/sl\/"},{"@type":"ListItem","position":2,"name":"O nas"}]},{"@type":"WebSite","@id":"https:\/\/warmslipper.com\/#website","url":"https:\/\/warmslipper.com\/","name":"Warm Slippers","description":"Slippers Store","potentialAction":[{"@type":"SearchAction","target":{"@type":"EntryPoint","urlTemplate":"https:\/\/warmslipper.com\/?s={search_term_string}"},"query-input":"required name=search_term_string"}],"inLanguage":"sl-SI"}]}},"_links":{"self":[{"href":"https:\/\/warmslipper.com\/sl\/wp-json\/wp\/v2\/pages\/7338"}],"collection":[{"href":"https:\/\/warmslipper.com\/sl\/wp-json\/wp\/v2\/pages"}],"about":[{"href":"https:\/\/warmslipper.com\/sl\/wp-json\/wp\/v2\/types\/page"}],"author":[{"embeddable":true,"href":"https:\/\/warmslipper.com\/sl\/wp-json\/wp\/v2\/users\/1"}],"replies":[{"embeddable":true,"href":"https:\/\/warmslipper.com\/sl\/wp-json\/wp\/v2\/comments?post=7338"}],"version-history":[{"count":7,"href":"https:\/\/warmslipper.com\/sl\/wp-json\/wp\/v2\/pages\/7338\/revisions"}],"predecessor-version":[{"id":8192,"href":"https:\/\/warmslipper.com\/sl\/wp-json\/wp\/v2\/pages\/7338\/revisions\/8192"}],"wp:attachment":[{"href":"https:\/\/warmslipper.com\/sl\/wp-json\/wp\/v2\/media?parent=7338"}],"curies":[{"name":"wp","href":"https:\/\/api.w.org\/{rel}","templated":true}]}}