{"id":7379,"date":"2016-10-25T09:36:02","date_gmt":"2016-10-25T09:36:02","guid":{"rendered":"https:\/\/warmslipper.com\/privacy-policy\/"},"modified":"2018-08-15T21:58:18","modified_gmt":"2018-08-15T21:58:18","slug":"varovanje-osebnih-podatkov","status":"publish","type":"page","link":"https:\/\/warmslipper.com\/sl\/varovanje-osebnih-podatkov\/","title":{"rendered":"Varovanje osebnih podatkov"},"content":{"rendered":"<p><div class=\"builder-section col-lg-12  \" >\n\n    \n<div class=\"row section-header space\">\n\n         \n                        <div class=\"section-without-space\">\n                        \n                                                                        \n\n                                        \n                                <\/div> \n\n                            <\/div>\n    \n<div class=\"row\">\n    <div class=\"col-lg-12\">\n        <div >\n         <\/p>\n<h1 class=\"hclass300\">Politika varovanja zasebnosti<\/h1>\n<hr \/>\n<p>Prosimo, da Politiko varovanja zasebnosti skrbno preberete, da boste razumeli kako Warmslipper.com zbira in uporablja va\u0161e osebne podatke in za kak\u0161ne namene. Ta politika je pomembna tudi za tiste, ki po spletni strani samo brskajo, ne da bi opravili nakup.<\/p>\n<p>        <\/div>\n    <\/div>\n<\/div>\n\n<\/div><div class=\"builder-section col-lg-9 margin_bottom_100 \" >\n\n    \n<div class=\"row section-header space\">\n\n         \n                        <div class=\"section-without-space\">\n                        \n                                                                        \n\n                                        \n                                <\/div> \n\n                            <\/div>\n    \n<div class=\"panel-group row faq\">\n    <div class=\"col-lg-9\">\n\n\n        <div class=\"element panel panel-default faq-item\" id=\"security\">\n    <div class=\"panel-heading \">\n        <h4 class=\"panel-title\">\n            <a class=\"accordion-toggle \" data-toggle=\"collapse\" data-parent=\"#accordion\" href=\"#collapse7788\">\n                <i class=\" icon-info\"><\/i> Varstvo osebnih podatkov            <\/a>\n        <\/h4>\n    <\/div>\n    <div id=\"collapse7788\" class=\"panel-collapse collapse\">\n        <div class=\"panel-body\">\nWarmSlipper varuje osebne podatke obiskovalcev spletne strani, ki mu jih ti posredujejo pri njeni uporabi. Osebne podatke WarmSlipper obiskovalci spletne strani sporo\u010dijo izklju\u010dno ob naro\u010dilu izdelkov (naslov za dostavo in elektronski naslov), v vseh ostalih primerih WarmSlipper osebnih podatkov obiskovalcev spletne strani nima in ne zbira. Prav tako WarmSlipper ne zbira in ne obdeluje podatkov o pla\u010dilu. Vsa pla\u010dila se izvajajo preko storitve\u00a0<a class=\"lowul_mail_link\" href=\"https:\/\/www.braintreegateway.com\/merchants\/x5pm5yg65prkj2nk\/verified\">BrainTree payments<\/a>\u00a0(pla\u010dilo s pla\u010dilnimi karticami) in preko storitve <a href=\"https:\/\/www.paypal.com\/si\/home\">Paypal<\/a> (pogoje uporabe njihovih storitev sprejmete z njihovo uporabo). WarmSlippe ne zbira in ne zapisuje podatkov o kreditnih karticah, ki jih uporabljate pri nakupu.\r\n\r\nPodatke, ki jih WarmSlipper prejme ob naro\u010dilu izdelkov, potrebujemo in bomo uporabili izklju\u010dno za namen obdelave naro\u010dila in dostave izdelkov. Osebne podatke tako obdelujemo izklju\u010dno za namene, za katere so zbrani in ki jih dovoljuje veljavna zakonodaja.\r\n\r\nWarmSlipper osebnih podatkov, vklju\u010dno s kontaktnimi informacijami, ne bo uporabljalo za nobene druge namene ter jih brez izrecnega vnaprej\u0161njega dovoljenja posameznika, na katerega se osebni podatki nana\u0161ajo, ne bo posredovalo tretjim osebam, razen \u010de bi bili k temu zavezani z veljavno zakonodajo.\r\n\r\nOb obisku spletne strani se nekateri podatki (IP naslov, datum, \u010das, naslov strani, s katere prihajate) shranijo na stre\u017enik. Ti podatki so anonimni in se uporabljajo izklju\u010dno za statisti\u010dne obdelave.\r\n\r\nWarmSlipper izvaja potrebne organizacijske, tehni\u010dne in logi\u010dno-tehni\u010dne postopke in ukrepe, s katerimi varuje osebne podatke, prepre\u010duje slu\u010dajno ali namerno nepoobla\u0161\u010deno uni\u010devanje podatkov, njihovo spremembo ali izgubo ter nepoobla\u0161\u010deno obdelavo.\r\n\r\nV skladu s podro\u010dno zakonodajo vas obve\u0161\u010damo, da imate mo\u017enost uveljavitve naslednjih pravic v zvezi z obdelovanjem osebnih podatkov:\r\n\r\n- pravica do dostopa do podatkov,\r\n\r\nUporabnik, na katerega se nana\u0161ajo osebni podatki, ima pravico od organizacije dobiti potrditev, ali se v zvezi z njim obdelujejo osebni podatki, in kadar je temu tako, dostop do osebnih podatkov in dodatnih informacij v zvezi z obdelavo osebnih podatkov. Zahtevo za uveljavitev pravice dostopa do podatkov nam prosim posredujte na elektronski po\u0161tni naslov info@warmslipper.com.\r\n\r\n- pravica do popravka,\r\n\r\nUporabnik, na katerega se nana\u0161ajo osebni podatki, ima pravico dose\u010di, da organizacija brez nepotrebnega odla\u0161anja popravi neto\u010dne osebne podatke v zvezi z njim. Uporabnik, na katerega se nana\u0161ajo osebni podatki, ima ob upo\u0161tevanju namenov obdelave, pravico do dopolnitve nepopolnih osebnih podatkov. Zahtevo za uveljavitev pravice do popravka nam prosim posredujte na elektronski po\u0161tni naslov info@warmslipper.com.\r\n\r\n- pravica do izbrisa (\u00bbpravica do pozabe\u00ab),\r\n\r\nUporabnik, na katerega se nana\u0161ajo osebni podatki, ima pravico dose\u010di, da organizacija brez nepotrebnega odla\u0161anja izbri\u0161e osebne podatke v zvezi z njim, organizacija pa ima obveznost osebne podatke brez nepotrebnega odla\u0161anja izbrisati, \u010de ne obstaja razlog zaradi katerega brisanje osebnih podatkov ni dovoljeno oz. ima organizacija pravni interes, da podatke dolo\u010den \u010das \u0161e vedno hrani (npr. zakonska zahteva za hrambo dolo\u010denih podatkov uporabnika, dokazovanje izpolnitve pogodbene obveznosti organizacije do uporabnika). Zahtevo za uveljavitev pravice do izbrisa nam prosim posredujte na elektronski po\u0161tni naslov info@warmslipper.com.\r\n\r\n- pravica do omejitve obdelave,\r\n\r\nUporabnik, na katerega se nana\u0161ajo osebni podatki, ima pravico dose\u010di, da organizacija omeji obdelavo njegovih osebnih podatkov v skladu s predpisanimi nameni obdelave. Zahtevo za omejitev obdelave na prosim posredujte na elektronski po\u0161tni naslov info@warmslipper.com\r\n\r\n- pravica do prenosljivosti podatkov,\r\n\r\nUporabnik, na katerega se nana\u0161ajo osebni podatki, ima pravico, da prejme osebne podatke v zvezi z njim, ki jih poseduje organizacija, v strukturirani, splo\u0161no uporabljeni in strojno berljivi obliki, in pravico, da te podatke posreduje drugemu upravljavcu, ne da bi ga upravljalec, ki so mu bili osebni podatki zagotovljeni, pri tem oviral, kadar obdelava temelji na privolitvi uporabnika. Zahtevo za uveljavitev pravice do prenosljivosti podatkov nam prosim posredujte na elektronski po\u0161tni naslov info@warmslipper.com\r\n\r\n- pravica do ugovora\r\n\r\nUporabnik, na katerega se nana\u0161ajo osebni podatki, ima na podlagi razlogov, povezanih z njegovim polo\u017eajem, pravico, da kadarkoli ugovarja obdelavi osebnih podatkov v zvezi z njim, ki temelji na obdelavi osebnih podatkov, ki je potrebna zaradi zakonitih interesov, za katere si prizadeva organizacija ali tretja oseba, razen kadar nad takimi interesi prevladajo interesi ali temeljne pravice in svobo\u0161\u010dine uporabnika, na katerega se nana\u0161ajo osebni podatki, vklju\u010dno z oblikovanjem profilov na podlagi teh dolo\u010db. Organizacija preneha obdelovati osebne podatke, razen \u010de doka\u017ee nujne legitimne razloge za obdelavo, ki prevladajo nad interesi, pravicami in svobo\u0161\u010dinami uporabnika, na katerega se nana\u0161ajo osebni podatki, ali za uveljavljanje, izvajanje ali obrambo pravnih zahtevkov.\r\n\r\n- pravica do vlo\u017eitve prito\u017ebe v zvezi z obdelovanjem osebnih podatkov\r\n\r\nUporabnik, na katerega se nana\u0161ajo osebni podatki, ima pravico da poda morebitno prito\u017ebo v zvezi z obdelovanjem osebnih podatkov. Prito\u017ebo v zvezi z obdelovanjem osebnih podatkov nam prosimo posredujte na elektronski po\u0161tni naslov info@warmslipper.com ali s priporo\u010deno po\u0161to na sede\u017e podjetja.\r\n\r\nPrav tako ima vsak uporabnik, na katerega se nana\u0161ajo osebni podatki, pravico, da vlo\u017ei prito\u017ebo pri Informacijskem poobla\u0161\u010dencu, \u010de meni, da obdelava osebnih podatkov v zvezi z njim kr\u0161i dolo\u010dila na podro\u010dju varstva osebnih podatkov.        <\/div>\n    <\/div>\n<\/div>\n<div class=\"element panel panel-default faq-item\" id=\"privacy\">\n    <div class=\"panel-heading \">\n        <h4 class=\"panel-title\">\n            <a class=\"accordion-toggle \" data-toggle=\"collapse\" data-parent=\"#accordion\" href=\"#collapse7786\">\n                <i class=\" icon-info\"><\/i> Sprejemanje pogojev varovanja zasebnosti            <\/a>\n        <\/h4>\n    <\/div>\n    <div id=\"collapse7786\" class=\"panel-collapse collapse\">\n        <div class=\"panel-body\">\nOsebne podatke moramo obdelovati zato, da lahko poslujemo in vam nudimo na\u0161e storitve. S sprejetjem na\u0161ih pogojev uporabe potrjujete, da ste pogoje prebrali in jih razumeli, vklju\u010dno s tem, kako in zakaj uporabljamo morebitne osebne podatke, ki nam jih ob uporabi spletne strani posredujete sami (za potrebe dostave izdelkov potrebujemo va\u0161 fizi\u010dni po\u0161tni naslov, za potrebe obdelave podatkov o nakupu\/izdelavi\/dostavi potrebujemo va\u0161 veljavni elektronski naslov). \u010ce ne \u017eelite, da bi va\u0161e osebne podatke zbirali in obdelovali, potem storitev, ki jih ponujamo na na\u0161i spletni strani ne smete uporabljati.\r\n\r\nVsi, ki opravljajo nakupe v na\u0161i spletni trgovini morajo biti stari vsaj 18 let. Mladoletne osebe, mlaj\u0161e od 18 let in starej\u0161e od 13 let, lahko uporabljajo na\u0161e storitve samo, \u010de imajo ustrezno dovoljenje in neposreden nadzor s strani odrasle osebe. Otrokom mlaj\u0161im od 13 let, uporaba na\u0161ih storitev ni dovoljena. Za vse dejavnosti, ki jih na va\u0161 ra\u010dun izvaja mladoletna oseba na va\u0161em ra\u010dunu, ste odgovorni sami.        <\/div>\n    <\/div>\n<\/div>\n<div class=\"element panel panel-default faq-item\" id=\"contact\">\n    <div class=\"panel-heading \">\n        <h4 class=\"panel-title\">\n            <a class=\"accordion-toggle \" data-toggle=\"collapse\" data-parent=\"#accordion\" href=\"#collapse7766\">\n                <i class=\" icon-info\"><\/i> Pi\u0161kotki            <\/a>\n        <\/h4>\n    <\/div>\n    <div id=\"collapse7766\" class=\"panel-collapse collapse\">\n        <div class=\"panel-body\">\nSpletna stran uporablja tekstovne datoteke (t.i. pi\u0161kotke), ki jih shrani v naprave, s katerimi uporabniki interneta dostopajo do spletne strani in ki so namenjene prepoznavanju teh naprav. Spletna stran uporablja pi\u0161kotke z namenom zbiranja podatkov o njeni uporabi izklju\u010dno za izbolj\u0161anje uporabni\u0161ke izku\u0161nje.\r\n\r\n\u017de shranjene pi\u0161kotke lahko sami nadzirate ali izbri\u0161ete preko svojega spletnega brskalnika. \u010ce boste pi\u0161kotke izbrisali, vas bo spletna stran ponovno opozorila na njihovo uporabo.\r\n\r\nDru\u017ebena omre\u017eja (kot npr. Facebook) vam bodo morda pi\u0161kotke name\u0161\u010dala pri obiskovanju spletne strani v kolikor boste takrat isto\u010dasno tudi prijavljeni v njihovo storitev. Na te pi\u0161kotke WarmSlipper ne more vplivati, saj je njihova uporaba urejena s pogoji sodelovanja, ki ste jih kot uporabnik teh omre\u017eij sprejeli ob registraciji v ta omre\u017eja.        <\/div>\n    <\/div>\n<\/div>\n<div class=\"element panel panel-default faq-item\" id=\"avtorske-pravice\">\n    <div class=\"panel-heading \">\n        <h4 class=\"panel-title\">\n            <a class=\"accordion-toggle \" data-toggle=\"collapse\" data-parent=\"#accordion\" href=\"#collapse7847\">\n                <i class=\" icon-info\"><\/i> Avtorske pravice            <\/a>\n        <\/h4>\n    <\/div>\n    <div id=\"collapse7847\" class=\"panel-collapse collapse\">\n        <div class=\"panel-body\">\nVse vsebine, posnetki, grafi\u010dni in drugi elementi na spletni strani so predmet avtorske za\u0161\u010dite ter drugih oblik za\u0161\u010dite intelektualne lastnine.\r\n\r\nVsebin na spletni strani ni dovoljeno reproducirati, distribuirati ali predelovati v drugih oblikah ali uporabljati brez predhodnega pisnega soglasja WarmSlipper.        <\/div>\n    <\/div>\n<\/div>\n\n    <\/div>\n<\/div>                 \n\n<div class=\"clear\"><\/div>\n \n<\/div><div class=\"builder-section col-lg-3 margin_bottom_100 \" >\n\n    \n<div class=\"row section-header space\">\n\n         \n                        <div class=\"section-without-space\">\n                        \n                                                                        \n\n                                        \n                                <\/div> \n\n                            <\/div>\n    \n    <div class = \"contact-name\">\n        <h3>Lowul polsteni copati<\/h3>\n    <\/div>\n\n    <div class=\"contact-address\">\n                    <p>ARTAMIR d.o.o.<br>\n                                        Pucova 4, 3000 Celje<br>\n                                        Slovenija<\/p>\n            <\/div>\n\n<div class=\"contact-contact\">\n            <div class=\"contact-mail\">\n                            <i class=\"icon-mail4\"><\/i>\n                        <a href=\"mailto:info@warmslipper.com\"> info@warmslipper.com<\/a>\n        <\/div>\n    \n            <div class=\"contact-mail\">\n                            <i class=\" icon-phone2  \"><\/i>\n                        <a href=\"skype:041 665 153?call\"> 041 665 153<\/a>\n        <\/div>\n    \n            <div class=\"contact-mail\">\n                            <i class=\" icon-mobile3  \"><\/i>\n                        <a href=\"skype:059 934 656?call\"> 059 934 656<\/a>\n        <\/div>\n    \n            <div class=\"contact-mail\">\n                            <i class=\"icon-earth\"><\/i>\n                        <a href=\"warmslipper.com\/sl\/\">warmslipper.com\/sl\/<\/a>\n        <\/div>\n    \n    <\/div>\n\n\n\n<div class=\"contact-time\">\n    <h4>Opening hours:<\/h4> \n    \n                        <\/div> \n<\/div><div class=\"builder-section col-lg-12  \" >\n\n    \n<div class=\"row section-header space\">\n\n         \n                        <div class=\"section-without-space\">\n                        \n                                                                        \n\n                                        \n                                <\/div> \n\n                            <\/div>\n    \n \n<\/div><\/p>\n","protected":false},"excerpt":{"rendered":"<p>Vse vsebine, posnetki, grafi\u010dni in drugi elementi na spletni strani so predmet avtorske za\u0161\u010dite ter drugih oblik za\u0161\u010dite intelektualne lastnine.<\/p>\n<p>Vsebin na spletni strani ni dovoljeno reproducirati, distribuirati ali predelovati v drugih oblikah ali uporabljati brez predhodnega pisnega soglasja WarmSlipper.<\/p>\n","protected":false},"author":3,"featured_media":0,"parent":0,"menu_order":0,"comment_status":"closed","ping_status":"closed","template":"","meta":[],"yoast_head":"<!-- This site is optimized with the Yoast SEO plugin v19.11 - https:\/\/yoast.com\/wordpress\/plugins\/seo\/ -->\n<title>Varovanje osebnih podatkov - Warm Slippers<\/title>\n<meta name=\"robots\" content=\"index, follow, max-snippet:-1, max-image-preview:large, max-video-preview:-1\" \/>\n<link rel=\"canonical\" href=\"https:\/\/warmslipper.com\/sl\/varovanje-osebnih-podatkov\/\" \/>\n<meta property=\"og:locale\" content=\"sl_SI\" \/>\n<meta property=\"og:type\" content=\"article\" \/>\n<meta property=\"og:title\" content=\"Varovanje osebnih podatkov - Warm Slippers\" \/>\n<meta property=\"og:description\" content=\"Vse vsebine, posnetki, grafi\u010dni in drugi elementi na spletni strani so predmet avtorske za\u0161\u010dite ter drugih oblik za\u0161\u010dite intelektualne lastnine.  Vsebin na spletni strani ni dovoljeno reproducirati, distribuirati ali predelovati v drugih oblikah ali uporabljati brez predhodnega pisnega soglasja WarmSlipper.\" \/>\n<meta property=\"og:url\" content=\"https:\/\/warmslipper.com\/sl\/varovanje-osebnih-podatkov\/\" \/>\n<meta property=\"og:site_name\" content=\"Warm Slippers\" \/>\n<meta property=\"article:modified_time\" content=\"2018-08-15T21:58:18+00:00\" \/>\n<meta name=\"twitter:card\" content=\"summary_large_image\" \/>\n<meta name=\"twitter:label1\" content=\"Est. reading time\" \/>\n\t<meta name=\"twitter:data1\" content=\"1 minuta\" \/>\n<script type=\"application\/ld+json\" class=\"yoast-schema-graph\">{\"@context\":\"https:\/\/schema.org\",\"@graph\":[{\"@type\":\"WebPage\",\"@id\":\"https:\/\/warmslipper.com\/sl\/varovanje-osebnih-podatkov\/\",\"url\":\"https:\/\/warmslipper.com\/sl\/varovanje-osebnih-podatkov\/\",\"name\":\"Varovanje osebnih podatkov - Warm Slippers\",\"isPartOf\":{\"@id\":\"https:\/\/warmslipper.com\/#website\"},\"datePublished\":\"2016-10-25T09:36:02+00:00\",\"dateModified\":\"2018-08-15T21:58:18+00:00\",\"breadcrumb\":{\"@id\":\"https:\/\/warmslipper.com\/sl\/varovanje-osebnih-podatkov\/#breadcrumb\"},\"inLanguage\":\"sl-SI\",\"potentialAction\":[{\"@type\":\"ReadAction\",\"target\":[\"https:\/\/warmslipper.com\/sl\/varovanje-osebnih-podatkov\/\"]}]},{\"@type\":\"BreadcrumbList\",\"@id\":\"https:\/\/warmslipper.com\/sl\/varovanje-osebnih-podatkov\/#breadcrumb\",\"itemListElement\":[{\"@type\":\"ListItem\",\"position\":1,\"name\":\"Home\",\"item\":\"https:\/\/warmslipper.com\/sl\/\"},{\"@type\":\"ListItem\",\"position\":2,\"name\":\"Varovanje osebnih podatkov\"}]},{\"@type\":\"WebSite\",\"@id\":\"https:\/\/warmslipper.com\/#website\",\"url\":\"https:\/\/warmslipper.com\/\",\"name\":\"Warm Slippers\",\"description\":\"Slippers Store\",\"potentialAction\":[{\"@type\":\"SearchAction\",\"target\":{\"@type\":\"EntryPoint\",\"urlTemplate\":\"https:\/\/warmslipper.com\/?s={search_term_string}\"},\"query-input\":\"required name=search_term_string\"}],\"inLanguage\":\"sl-SI\"}]}<\/script>\n<!-- \/ Yoast SEO plugin. -->","yoast_head_json":{"title":"Varovanje osebnih podatkov - Warm Slippers","robots":{"index":"index","follow":"follow","max-snippet":"max-snippet:-1","max-image-preview":"max-image-preview:large","max-video-preview":"max-video-preview:-1"},"canonical":"https:\/\/warmslipper.com\/sl\/varovanje-osebnih-podatkov\/","og_locale":"sl_SI","og_type":"article","og_title":"Varovanje osebnih podatkov - Warm Slippers","og_description":"Vse vsebine, posnetki, grafi\u010dni in drugi elementi na spletni strani so predmet avtorske za\u0161\u010dite ter drugih oblik za\u0161\u010dite intelektualne lastnine.  Vsebin na spletni strani ni dovoljeno reproducirati, distribuirati ali predelovati v drugih oblikah ali uporabljati brez predhodnega pisnega soglasja WarmSlipper.","og_url":"https:\/\/warmslipper.com\/sl\/varovanje-osebnih-podatkov\/","og_site_name":"Warm Slippers","article_modified_time":"2018-08-15T21:58:18+00:00","twitter_card":"summary_large_image","twitter_misc":{"Est. reading time":"1 minuta"},"schema":{"@context":"https:\/\/schema.org","@graph":[{"@type":"WebPage","@id":"https:\/\/warmslipper.com\/sl\/varovanje-osebnih-podatkov\/","url":"https:\/\/warmslipper.com\/sl\/varovanje-osebnih-podatkov\/","name":"Varovanje osebnih podatkov - Warm Slippers","isPartOf":{"@id":"https:\/\/warmslipper.com\/#website"},"datePublished":"2016-10-25T09:36:02+00:00","dateModified":"2018-08-15T21:58:18+00:00","breadcrumb":{"@id":"https:\/\/warmslipper.com\/sl\/varovanje-osebnih-podatkov\/#breadcrumb"},"inLanguage":"sl-SI","potentialAction":[{"@type":"ReadAction","target":["https:\/\/warmslipper.com\/sl\/varovanje-osebnih-podatkov\/"]}]},{"@type":"BreadcrumbList","@id":"https:\/\/warmslipper.com\/sl\/varovanje-osebnih-podatkov\/#breadcrumb","itemListElement":[{"@type":"ListItem","position":1,"name":"Home","item":"https:\/\/warmslipper.com\/sl\/"},{"@type":"ListItem","position":2,"name":"Varovanje osebnih podatkov"}]},{"@type":"WebSite","@id":"https:\/\/warmslipper.com\/#website","url":"https:\/\/warmslipper.com\/","name":"Warm Slippers","description":"Slippers Store","potentialAction":[{"@type":"SearchAction","target":{"@type":"EntryPoint","urlTemplate":"https:\/\/warmslipper.com\/?s={search_term_string}"},"query-input":"required name=search_term_string"}],"inLanguage":"sl-SI"}]}},"_links":{"self":[{"href":"https:\/\/warmslipper.com\/sl\/wp-json\/wp\/v2\/pages\/7379"}],"collection":[{"href":"https:\/\/warmslipper.com\/sl\/wp-json\/wp\/v2\/pages"}],"about":[{"href":"https:\/\/warmslipper.com\/sl\/wp-json\/wp\/v2\/types\/page"}],"author":[{"embeddable":true,"href":"https:\/\/warmslipper.com\/sl\/wp-json\/wp\/v2\/users\/3"}],"replies":[{"embeddable":true,"href":"https:\/\/warmslipper.com\/sl\/wp-json\/wp\/v2\/comments?post=7379"}],"version-history":[{"count":5,"href":"https:\/\/warmslipper.com\/sl\/wp-json\/wp\/v2\/pages\/7379\/revisions"}],"predecessor-version":[{"id":7848,"href":"https:\/\/warmslipper.com\/sl\/wp-json\/wp\/v2\/pages\/7379\/revisions\/7848"}],"wp:attachment":[{"href":"https:\/\/warmslipper.com\/sl\/wp-json\/wp\/v2\/media?parent=7379"}],"curies":[{"name":"wp","href":"https:\/\/api.w.org\/{rel}","templated":true}]}}