{"id":7385,"date":"2016-04-28T16:25:06","date_gmt":"2016-04-28T16:25:06","guid":{"rendered":"https:\/\/warmslipper.com\/terms-and-conditions\/"},"modified":"2018-08-15T21:36:32","modified_gmt":"2018-08-15T21:36:32","slug":"lowul-splosni-pogoji","status":"publish","type":"page","link":"https:\/\/warmslipper.com\/sl\/lowul-splosni-pogoji\/","title":{"rendered":"Splo\u0161ni pogoji"},"content":{"rendered":"<p><div class=\"builder-section col-lg-12  \" >\n\n    \n<div class=\"row section-header space\">\n\n         \n                        <div class=\"section-without-space\">\n                        \n                                                                        \n\n                                        \n                                <\/div> \n\n                            <\/div>\n    \n<div class=\"row\">\n    <div class=\"col-lg-12\">\n        <div >\n         <\/p>\n<h1 class=\"hclass300\">Splo\u0161ni pogoji poslovanja<\/h1>\n<hr \/>\n<p>Dobrodo\u0161li na spletnem mestu Warmslipper.com\/sl\/ v uradni spletni trgovini copat Lowul, podjetja ARTAMIR d.o.o., Pucova 4, 3000 Celje, mati\u010dna \u0161tevilka: 6960952000 \u00a0(v nadaljevanju WarmSlipper).<\/p>\n<p>        <\/div>\n    <\/div>\n<\/div>\n\n<\/div><div class=\"builder-section col-lg-9 margin_bottom_100 \" >\n\n    \n<div class=\"row section-header space\">\n\n         \n                        <div class=\"section-without-space\">\n                        \n                                                                        \n\n                                        \n                                <\/div> \n\n                            <\/div>\n    \n<div class=\"panel-group row faq\">\n    <div class=\"col-lg-9\">\n\n\n        <div class=\"element panel panel-default faq-item\" id=\"avtorske-pravice\">\n    <div class=\"panel-heading \">\n        <h4 class=\"panel-title\">\n            <a class=\"accordion-toggle \" data-toggle=\"collapse\" data-parent=\"#accordion\" href=\"#collapse7847\">\n                <i class=\" icon-info\"><\/i> Avtorske pravice            <\/a>\n        <\/h4>\n    <\/div>\n    <div id=\"collapse7847\" class=\"panel-collapse collapse\">\n        <div class=\"panel-body\">\nVse vsebine, posnetki, grafi\u010dni in drugi elementi na spletni strani so predmet avtorske za\u0161\u010dite ter drugih oblik za\u0161\u010dite intelektualne lastnine.\r\n\r\nVsebin na spletni strani ni dovoljeno reproducirati, distribuirati ali predelovati v drugih oblikah ali uporabljati brez predhodnega pisnega soglasja WarmSlipper.        <\/div>\n    <\/div>\n<\/div>\n<div class=\"element panel panel-default faq-item\" id=\"cost\">\n    <div class=\"panel-heading \">\n        <h4 class=\"panel-title\">\n            <a class=\"accordion-toggle \" data-toggle=\"collapse\" data-parent=\"#accordion\" href=\"#collapse7770\">\n                <i class=\" icon-info\"><\/i> Cena            <\/a>\n        <\/h4>\n    <\/div>\n    <div id=\"collapse7770\" class=\"panel-collapse collapse\">\n        <div class=\"panel-body\">\nCena, ki jo boste pla\u010dali, je cena navedena na spletni strani WarmSlipper.com. Podjetje ARTAMIR d.o.o. ni zavezanec za pla\u010dilo DDV.        <\/div>\n    <\/div>\n<\/div>\n<div class=\"element panel panel-default faq-item\" id=\"delivery\">\n    <div class=\"panel-heading \">\n        <h4 class=\"panel-title\">\n            <a class=\"accordion-toggle \" data-toggle=\"collapse\" data-parent=\"#accordion\" href=\"#collapse7772\">\n                <i class=\" icon-info\"><\/i> Dostava            <\/a>\n        <\/h4>\n    <\/div>\n    <div id=\"collapse7772\" class=\"panel-collapse collapse\">\n        <div class=\"panel-body\">\nOseba, ki se nahaja na naslovu dostave, se \u0161teje za osebo poobla\u0161\u010deno za prevzem po\u0161iljke v va\u0161em imenu.        <\/div>\n    <\/div>\n<\/div>\n<div class=\"element panel panel-default faq-item\" id=\"labeling-of-goods\">\n    <div class=\"panel-heading \">\n        <h4 class=\"panel-title\">\n            <a class=\"accordion-toggle \" data-toggle=\"collapse\" data-parent=\"#accordion\" href=\"#collapse7780\">\n                <i class=\" icon-info\"><\/i> Ozna\u010devanje blaga            <\/a>\n        <\/h4>\n    <\/div>\n    <div id=\"collapse7780\" class=\"panel-collapse collapse\">\n        <div class=\"panel-body\">\nVsa navodila za nego in vzdr\u017eevanje copat je potrebno strogo upo\u0161tevati, saj WarmSlipper ne sprejema odgovornosti za \u0161kodo, ki bi nastala zaradi neustreznega vzdr\u017eevanja copat oziroma neupo\u0161tevanja navodil ali zaradi njihove neustrezne rabe.        <\/div>\n    <\/div>\n<\/div>\n<div class=\"element panel panel-default faq-item\" id=\"agreement\">\n    <div class=\"panel-heading \">\n        <h4 class=\"panel-title\">\n            <a class=\"accordion-toggle \" data-toggle=\"collapse\" data-parent=\"#accordion\" href=\"#collapse7754\">\n                <i class=\" icon-info\"><\/i> Pogodba            <\/a>\n        <\/h4>\n    <\/div>\n    <div id=\"collapse7754\" class=\"panel-collapse collapse\">\n        <div class=\"panel-body\">\nPogodba o nakupu oziroma prodaji se v tej spletni trgovini sklepa med kupcem (vami) in podjetjem ARTAMIR d.o.o. (v nadaljevanju WarmSlipper), s sede\u017eem na naslovu: Pucova 4, SI-3000 Celje, Slovenija, in se \u0161teje, da je sklenjena, ko WarmSlipper.com prejme in sprejme s strani kupca oddano naro\u010dilo. Vsako naro\u010dilo se obravnava samostojno.        <\/div>\n    <\/div>\n<\/div>\n<div class=\"element panel panel-default faq-item\" id=\"copyright\">\n    <div class=\"panel-heading \">\n        <h4 class=\"panel-title\">\n            <a class=\"accordion-toggle \" data-toggle=\"collapse\" data-parent=\"#accordion\" href=\"#collapse7768\">\n                <i class=\" icon-info\"><\/i> Pomo\u010d            <\/a>\n        <\/h4>\n    <\/div>\n    <div id=\"collapse7768\" class=\"panel-collapse collapse\">\n        <div class=\"panel-body\">\nZa pomo\u010d in\/ali informacije o naro\u010dilih in dostavi, vrnitvi izdelkov kupljenih na WarmSlipper.com, predlogih in drugih splo\u0161nih informacijah o storitvah, ki jih ponuja Warmslipper, nam pi\u0161ite na naslov\u00a0<a class=\"lowul_mail_link\" href=\"mailto:info@woolwalker.com\">info@warmslipper.com<\/a>.        <\/div>\n    <\/div>\n<\/div>\n<div class=\"element panel panel-default faq-item\" id=\"uporaba-spletne-strani\">\n    <div class=\"panel-heading \">\n        <h4 class=\"panel-title\">\n            <a class=\"accordion-toggle \" data-toggle=\"collapse\" data-parent=\"#accordion\" href=\"#collapse7844\">\n                <i class=\" icon-info\"><\/i> Uporaba spletne strani            <\/a>\n        <\/h4>\n    <\/div>\n    <div id=\"collapse7844\" class=\"panel-collapse collapse\">\n        <div class=\"panel-body\">\nUporabo spletne strani (vsako brskanje, odpiranje povezav, branje vsebine, nakupovanje in podobno) \u0161tejemo za izrecno in brezpogojno soglasje obiskovalca spletne strani, da se strinja s temi splo\u0161nimi pogoji uporabe. V kolikor se kot obiskovalec spletne strani ne strinjate s temi splo\u0161nimi pogoji, vas prosimo, da spletne strani ne uporabljate.\r\n\r\nWarmSlipper si pridru\u017euje pravico, da te splo\u0161ne pogoje kadarkoli in brez predhodne najave spremeni, tako da novo razli\u010dico objavi na spletni strani.\r\n\r\nTi splo\u0161ni pogoji veljajo za celotno spletno stran in vse njene posamezne dele, v kolikor ni za posamezen del izrecno druga\u010de dolo\u010deno.        <\/div>\n    <\/div>\n<\/div>\n\n    <\/div>\n<\/div>                 \n\n<div class=\"clear\"><\/div>\n \n<\/div><div class=\"builder-section col-lg-3 margin_bottom_100 \" >\n\n    \n<div class=\"row section-header space\">\n\n         \n                        <div class=\"section-without-space\">\n                        \n                                                                        \n\n                                        \n                                <\/div> \n\n                            <\/div>\n    \n    <div class = \"contact-name\">\n        <h3>Lowul polsteni copati<\/h3>\n    <\/div>\n\n    <div class=\"contact-address\">\n                    <p>ARTAMIR d.o.o.<br>\n                                        Pucova 4, 3000 Celje<br>\n                                        Slovenija<\/p>\n            <\/div>\n\n<div class=\"contact-contact\">\n            <div class=\"contact-mail\">\n                            <i class=\"icon-mail4\"><\/i>\n                        <a href=\"mailto:info@warmslipper.com\"> info@warmslipper.com<\/a>\n        <\/div>\n    \n            <div class=\"contact-mail\">\n                            <i class=\" icon-phone2  \"><\/i>\n                        <a href=\"skype:041 665 153?call\"> 041 665 153<\/a>\n        <\/div>\n    \n            <div class=\"contact-mail\">\n                            <i class=\" icon-mobile3  \"><\/i>\n                        <a href=\"skype:059 934 656?call\"> 059 934 656<\/a>\n        <\/div>\n    \n            <div class=\"contact-mail\">\n                            <i class=\"icon-earth\"><\/i>\n                        <a href=\"warmslipper.com\/sl\/\">warmslipper.com\/sl\/<\/a>\n        <\/div>\n    \n    <\/div>\n\n\n\n<div class=\"contact-time\">\n    <h4>Opening hours:<\/h4> \n    \n                        <\/div> \n<\/div><div class=\"builder-section col-lg-12  \" >\n\n    \n<div class=\"row section-header space\">\n\n         \n                        <div class=\"section-without-space\">\n                        \n                                                                        \n\n                                        \n                                <\/div> \n\n                            <\/div>\n    \n \n<\/div><\/p>\n","protected":false},"excerpt":{"rendered":"<p>Uporabo spletne strani (vsako brskanje, odpiranje povezav, branje vsebine, nakupovanje in podobno) \u0161tejemo za izrecno in brezpogojno soglasje obiskovalca spletne strani, da se strinja s temi splo\u0161nimi pogoji uporabe. V kolikor se kot obiskovalec spletne strani ne strinjate s temi splo\u0161nimi pogoji, vas prosimo, da spletne strani ne uporabljate.<\/p>\n<p>WarmSlipper si pridru\u017euje pravico, da te splo\u0161ne pogoje kadarkoli in brez predhodne najave spremeni, tako da novo razli\u010dico objavi na spletni strani.<\/p>\n<p>Ti splo\u0161ni pogoji veljajo za celotno spletno stran in vse njene posamezne dele, v kolikor ni za posamezen del izrecno druga\u010de dolo\u010deno.<\/p>\n","protected":false},"author":1,"featured_media":0,"parent":0,"menu_order":0,"comment_status":"closed","ping_status":"closed","template":"","meta":[],"yoast_head":"<!-- This site is optimized with the Yoast SEO plugin v19.11 - https:\/\/yoast.com\/wordpress\/plugins\/seo\/ -->\n<title>Splo\u0161ni pogoji - Warm Slippers<\/title>\n<meta name=\"robots\" content=\"index, follow, max-snippet:-1, max-image-preview:large, max-video-preview:-1\" \/>\n<link rel=\"canonical\" href=\"https:\/\/warmslipper.com\/sl\/lowul-splosni-pogoji\/\" \/>\n<meta property=\"og:locale\" content=\"sl_SI\" \/>\n<meta property=\"og:type\" content=\"article\" \/>\n<meta property=\"og:title\" content=\"Splo\u0161ni pogoji - Warm Slippers\" \/>\n<meta property=\"og:description\" content=\"Uporabo spletne strani (vsako brskanje, odpiranje povezav, branje vsebine, nakupovanje in podobno) \u0161tejemo za izrecno in brezpogojno soglasje obiskovalca spletne strani, da se strinja s temi splo\u0161nimi pogoji uporabe. V kolikor se kot obiskovalec spletne strani ne strinjate s temi splo\u0161nimi pogoji, vas prosimo, da spletne strani ne uporabljate.  WarmSlipper si pridru\u017euje pravico, da te splo\u0161ne pogoje kadarkoli in brez predhodne najave spremeni, tako da novo razli\u010dico objavi na spletni strani.  Ti splo\u0161ni pogoji veljajo za celotno spletno stran in vse njene posamezne dele, v kolikor ni za posamezen del izrecno druga\u010de dolo\u010deno.\" \/>\n<meta property=\"og:url\" content=\"https:\/\/warmslipper.com\/sl\/lowul-splosni-pogoji\/\" \/>\n<meta property=\"og:site_name\" content=\"Warm Slippers\" \/>\n<meta property=\"article:modified_time\" content=\"2018-08-15T21:36:32+00:00\" \/>\n<meta name=\"twitter:card\" content=\"summary_large_image\" \/>\n<meta name=\"twitter:label1\" content=\"Est. reading time\" \/>\n\t<meta name=\"twitter:data1\" content=\"1 minuta\" \/>\n<script type=\"application\/ld+json\" class=\"yoast-schema-graph\">{\"@context\":\"https:\/\/schema.org\",\"@graph\":[{\"@type\":\"WebPage\",\"@id\":\"https:\/\/warmslipper.com\/sl\/lowul-splosni-pogoji\/\",\"url\":\"https:\/\/warmslipper.com\/sl\/lowul-splosni-pogoji\/\",\"name\":\"Splo\u0161ni pogoji - Warm Slippers\",\"isPartOf\":{\"@id\":\"https:\/\/warmslipper.com\/#website\"},\"datePublished\":\"2016-04-28T16:25:06+00:00\",\"dateModified\":\"2018-08-15T21:36:32+00:00\",\"breadcrumb\":{\"@id\":\"https:\/\/warmslipper.com\/sl\/lowul-splosni-pogoji\/#breadcrumb\"},\"inLanguage\":\"sl-SI\",\"potentialAction\":[{\"@type\":\"ReadAction\",\"target\":[\"https:\/\/warmslipper.com\/sl\/lowul-splosni-pogoji\/\"]}]},{\"@type\":\"BreadcrumbList\",\"@id\":\"https:\/\/warmslipper.com\/sl\/lowul-splosni-pogoji\/#breadcrumb\",\"itemListElement\":[{\"@type\":\"ListItem\",\"position\":1,\"name\":\"Home\",\"item\":\"https:\/\/warmslipper.com\/sl\/\"},{\"@type\":\"ListItem\",\"position\":2,\"name\":\"Splo\u0161ni pogoji\"}]},{\"@type\":\"WebSite\",\"@id\":\"https:\/\/warmslipper.com\/#website\",\"url\":\"https:\/\/warmslipper.com\/\",\"name\":\"Warm Slippers\",\"description\":\"Slippers Store\",\"potentialAction\":[{\"@type\":\"SearchAction\",\"target\":{\"@type\":\"EntryPoint\",\"urlTemplate\":\"https:\/\/warmslipper.com\/?s={search_term_string}\"},\"query-input\":\"required name=search_term_string\"}],\"inLanguage\":\"sl-SI\"}]}<\/script>\n<!-- \/ Yoast SEO plugin. -->","yoast_head_json":{"title":"Splo\u0161ni pogoji - Warm Slippers","robots":{"index":"index","follow":"follow","max-snippet":"max-snippet:-1","max-image-preview":"max-image-preview:large","max-video-preview":"max-video-preview:-1"},"canonical":"https:\/\/warmslipper.com\/sl\/lowul-splosni-pogoji\/","og_locale":"sl_SI","og_type":"article","og_title":"Splo\u0161ni pogoji - Warm Slippers","og_description":"Uporabo spletne strani (vsako brskanje, odpiranje povezav, branje vsebine, nakupovanje in podobno) \u0161tejemo za izrecno in brezpogojno soglasje obiskovalca spletne strani, da se strinja s temi splo\u0161nimi pogoji uporabe. V kolikor se kot obiskovalec spletne strani ne strinjate s temi splo\u0161nimi pogoji, vas prosimo, da spletne strani ne uporabljate.  WarmSlipper si pridru\u017euje pravico, da te splo\u0161ne pogoje kadarkoli in brez predhodne najave spremeni, tako da novo razli\u010dico objavi na spletni strani.  Ti splo\u0161ni pogoji veljajo za celotno spletno stran in vse njene posamezne dele, v kolikor ni za posamezen del izrecno druga\u010de dolo\u010deno.","og_url":"https:\/\/warmslipper.com\/sl\/lowul-splosni-pogoji\/","og_site_name":"Warm Slippers","article_modified_time":"2018-08-15T21:36:32+00:00","twitter_card":"summary_large_image","twitter_misc":{"Est. reading time":"1 minuta"},"schema":{"@context":"https:\/\/schema.org","@graph":[{"@type":"WebPage","@id":"https:\/\/warmslipper.com\/sl\/lowul-splosni-pogoji\/","url":"https:\/\/warmslipper.com\/sl\/lowul-splosni-pogoji\/","name":"Splo\u0161ni pogoji - Warm Slippers","isPartOf":{"@id":"https:\/\/warmslipper.com\/#website"},"datePublished":"2016-04-28T16:25:06+00:00","dateModified":"2018-08-15T21:36:32+00:00","breadcrumb":{"@id":"https:\/\/warmslipper.com\/sl\/lowul-splosni-pogoji\/#breadcrumb"},"inLanguage":"sl-SI","potentialAction":[{"@type":"ReadAction","target":["https:\/\/warmslipper.com\/sl\/lowul-splosni-pogoji\/"]}]},{"@type":"BreadcrumbList","@id":"https:\/\/warmslipper.com\/sl\/lowul-splosni-pogoji\/#breadcrumb","itemListElement":[{"@type":"ListItem","position":1,"name":"Home","item":"https:\/\/warmslipper.com\/sl\/"},{"@type":"ListItem","position":2,"name":"Splo\u0161ni pogoji"}]},{"@type":"WebSite","@id":"https:\/\/warmslipper.com\/#website","url":"https:\/\/warmslipper.com\/","name":"Warm Slippers","description":"Slippers Store","potentialAction":[{"@type":"SearchAction","target":{"@type":"EntryPoint","urlTemplate":"https:\/\/warmslipper.com\/?s={search_term_string}"},"query-input":"required name=search_term_string"}],"inLanguage":"sl-SI"}]}},"_links":{"self":[{"href":"https:\/\/warmslipper.com\/sl\/wp-json\/wp\/v2\/pages\/7385"}],"collection":[{"href":"https:\/\/warmslipper.com\/sl\/wp-json\/wp\/v2\/pages"}],"about":[{"href":"https:\/\/warmslipper.com\/sl\/wp-json\/wp\/v2\/types\/page"}],"author":[{"embeddable":true,"href":"https:\/\/warmslipper.com\/sl\/wp-json\/wp\/v2\/users\/1"}],"replies":[{"embeddable":true,"href":"https:\/\/warmslipper.com\/sl\/wp-json\/wp\/v2\/comments?post=7385"}],"version-history":[{"count":5,"href":"https:\/\/warmslipper.com\/sl\/wp-json\/wp\/v2\/pages\/7385\/revisions"}],"predecessor-version":[{"id":7843,"href":"https:\/\/warmslipper.com\/sl\/wp-json\/wp\/v2\/pages\/7385\/revisions\/7843"}],"wp:attachment":[{"href":"https:\/\/warmslipper.com\/sl\/wp-json\/wp\/v2\/media?parent=7385"}],"curies":[{"name":"wp","href":"https:\/\/api.w.org\/{rel}","templated":true}]}}