{"id":7395,"date":"2018-02-06T18:43:30","date_gmt":"2018-02-06T18:43:30","guid":{"rendered":"https:\/\/warmslipper.com\/shop\/uncategorized\/slippers-vivid\/"},"modified":"2020-12-05T13:02:48","modified_gmt":"2020-12-05T13:02:48","slug":"copati-vivid","status":"publish","type":"product","link":"https:\/\/warmslipper.com\/sl\/shop\/lowul-copati-sl\/copati-vivid\/","title":{"rendered":"Vivid"},"content":{"rendered":"<p class=\"p1\">Copati Lowul Vidid sodijo v serijo Lowul copat \u017eivahnej\u0161e barve. So namre\u010d \u017eivo oran\u017ene barve, nanje pa je pritrjeno usnjeno srce okra\u0161eno s kristali Swarovski\u00ae. Oran\u017ena barva v sebi zdru\u017euje silnost rde\u010de in \u017eivahnost rumene barve. Iz\u017eareva toplino in veselje.<br \/>\n<!--more--><\/p>\n<p>Kot me\u0161anica rde\u010de in rumene barve, zdru\u017euje fizi\u010dno energijo po rde\u010di in radost po rumeni barvi. Je optimisti\u010dna in o\u010darljiva, prina\u0161a spontanost in pozitiven pogled na \u017eivljenje. Ohranja nas motivirane in nam pomaga gledati na svetlo plat \u017eivljenja. Ponuja nam \u010dustveno mo\u010d v te\u017ekih \u010dasih. Pomaga nam pri razo\u010daranjih in obupu ter pri okrevanju od \u017ealovanja.Osvobaja omejitve duha in nam daje ob\u010dutek da smo kar smo. Pogosto simbolizira sre\u010do in ljubezen. Spodbuja samospo\u0161tovanje in spo\u0161tovanje do drugih. Ugodno vpliva tudi na zdravje saj krepi plju\u010da, vranico in trebu\u0161no slinavko, spodbuja delovanje srca, spolne organe, pospe\u0161uje prebavo in dviga apetit ter pove\u010duje odpornost telesa. Je barva veselja, dru\u017eabnosti in zadovoljstva, je emotivni, \u010dustveni stimulans. Vse to in \u0161e ve\u010d, boste ob\u010dutili in spodbudili, ko boste nase nadeli copate Lowul Vivid. Potrebujete ob\u010dutek mo\u010di in energije? Se \u017eelite fizi\u010dno in \u010dustveno po\u010dutiti bolje ali kar najbolje? Potem so copati Vivid, ki so v obliki srca okra\u0161eni s kristali Swarovski\u00ae, ravno prav\u0161nji za vas. Z njimi boste pokazali kako zelo imate radi sebe in druge.<\/p>\n","protected":false},"excerpt":{"rendered":"<p>Copati Lowul Vidid sodijo v serijo Lowul copat \u017eivahnej\u0161e barve. So namre\u010d \u017eivo oran\u017ene barve, nanje pa je pritrjeno usnjeno srce okra\u0161eno s kristali Swarovski\u00ae. Oran\u017ena barva v sebi zdru\u017euje silnost rde\u010de in \u017eivahnost rumene barve. Iz\u017eareva toplino in veselje.<br \/>\n (ve\u010d &hellip;)<\/p>\n","protected":false},"featured_media":7396,"comment_status":"closed","ping_status":"closed","template":"","meta":[],"yoast_head":"<!-- This site is optimized with the Yoast SEO plugin v19.11 - https:\/\/yoast.com\/wordpress\/plugins\/seo\/ -->\n<title>Copati \u017eivo oran\u017ene barve, okra\u0161eni s kristali Swarovski\u00ae.<\/title>\n<meta name=\"description\" content=\"Poka\u017eite sebi in vam dragim osebam, kako zelo posebni ste in kako zelo posebni so oni, tako da va\u0161e in njihove noge objamejo topli, oran\u017eni, mehki in udobni copati Lowul Vivid, okra\u0161eni s kristali Swarovski\u00ae.\" \/>\n<meta name=\"robots\" content=\"index, follow, max-snippet:-1, max-image-preview:large, max-video-preview:-1\" \/>\n<link rel=\"canonical\" href=\"https:\/\/warmslipper.com\/sl\/shop\/lowul-copati-sl\/copati-vivid\/\" \/>\n<meta property=\"og:locale\" content=\"sl_SI\" \/>\n<meta property=\"og:type\" content=\"article\" \/>\n<meta property=\"og:title\" content=\"Copati \u017eivo oran\u017ene barve, okra\u0161eni s kristali Swarovski\u00ae.\" \/>\n<meta property=\"og:description\" content=\"Copati Vivid, \u017eivo oran\u017ene barve, okra\u0161eni s kristali Swarovski\u00ae. Naredili smo jih posebej za tiste, ki znajo prepoznati ljubezen. Copate Lowul Vivid smo namre\u010d v obliki srca okrasili s kristali Swarovski\u00ae. Naj bodo copati Vivid, va\u0161 pomo\u010dnik v ljubezni.\" \/>\n<meta property=\"og:url\" content=\"https:\/\/warmslipper.com\/sl\/shop\/lowul-copati-sl\/copati-vivid\/\" \/>\n<meta property=\"og:site_name\" content=\"Warm Slippers\" \/>\n<meta property=\"article:modified_time\" content=\"2020-12-05T13:02:48+00:00\" \/>\n<meta property=\"og:image\" content=\"https:\/\/warmslipper.com\/wp-content\/uploads\/2018\/02\/vivid-slippers-main.jpg\" \/>\n\t<meta property=\"og:image:width\" content=\"1550\" \/>\n\t<meta property=\"og:image:height\" content=\"1300\" \/>\n\t<meta property=\"og:image:type\" content=\"image\/jpeg\" \/>\n<meta name=\"twitter:card\" content=\"summary_large_image\" \/>\n<meta name=\"twitter:label1\" content=\"Est. reading time\" \/>\n\t<meta name=\"twitter:data1\" content=\"1 minuta\" \/>\n<script type=\"application\/ld+json\" class=\"yoast-schema-graph\">{\"@context\":\"https:\/\/schema.org\",\"@graph\":[{\"@type\":\"WebPage\",\"@id\":\"https:\/\/warmslipper.com\/sl\/shop\/lowul-copati-sl\/copati-vivid\/\",\"url\":\"https:\/\/warmslipper.com\/sl\/shop\/lowul-copati-sl\/copati-vivid\/\",\"name\":\"Copati \u017eivo oran\u017ene barve, okra\u0161eni s kristali Swarovski\u00ae.\",\"isPartOf\":{\"@id\":\"https:\/\/warmslipper.com\/#website\"},\"datePublished\":\"2018-02-06T18:43:30+00:00\",\"dateModified\":\"2020-12-05T13:02:48+00:00\",\"description\":\"Poka\u017eite sebi in vam dragim osebam, kako zelo posebni ste in kako zelo posebni so oni, tako da va\u0161e in njihove noge objamejo topli, oran\u017eni, mehki in udobni copati Lowul Vivid, okra\u0161eni s kristali Swarovski\u00ae.\",\"breadcrumb\":{\"@id\":\"https:\/\/warmslipper.com\/sl\/shop\/lowul-copati-sl\/copati-vivid\/#breadcrumb\"},\"inLanguage\":\"sl-SI\",\"potentialAction\":[{\"@type\":\"ReadAction\",\"target\":[\"https:\/\/warmslipper.com\/sl\/shop\/lowul-copati-sl\/copati-vivid\/\"]}]},{\"@type\":\"BreadcrumbList\",\"@id\":\"https:\/\/warmslipper.com\/sl\/shop\/lowul-copati-sl\/copati-vivid\/#breadcrumb\",\"itemListElement\":[{\"@type\":\"ListItem\",\"position\":1,\"name\":\"Home\",\"item\":\"https:\/\/warmslipper.com\/sl\/\"},{\"@type\":\"ListItem\",\"position\":2,\"name\":\"Products\",\"item\":\"https:\/\/warmslipper.com\/shop\/\"},{\"@type\":\"ListItem\",\"position\":3,\"name\":\"Vivid\"}]},{\"@type\":\"WebSite\",\"@id\":\"https:\/\/warmslipper.com\/#website\",\"url\":\"https:\/\/warmslipper.com\/\",\"name\":\"Warm Slippers\",\"description\":\"Slippers Store\",\"potentialAction\":[{\"@type\":\"SearchAction\",\"target\":{\"@type\":\"EntryPoint\",\"urlTemplate\":\"https:\/\/warmslipper.com\/?s={search_term_string}\"},\"query-input\":\"required name=search_term_string\"}],\"inLanguage\":\"sl-SI\"}]}<\/script>\n<!-- \/ Yoast SEO plugin. -->","yoast_head_json":{"title":"Copati \u017eivo oran\u017ene barve, okra\u0161eni s kristali Swarovski\u00ae.","description":"Poka\u017eite sebi in vam dragim osebam, kako zelo posebni ste in kako zelo posebni so oni, tako da va\u0161e in njihove noge objamejo topli, oran\u017eni, mehki in udobni copati Lowul Vivid, okra\u0161eni s kristali Swarovski\u00ae.","robots":{"index":"index","follow":"follow","max-snippet":"max-snippet:-1","max-image-preview":"max-image-preview:large","max-video-preview":"max-video-preview:-1"},"canonical":"https:\/\/warmslipper.com\/sl\/shop\/lowul-copati-sl\/copati-vivid\/","og_locale":"sl_SI","og_type":"article","og_title":"Copati \u017eivo oran\u017ene barve, okra\u0161eni s kristali Swarovski\u00ae.","og_description":"Copati Vivid, \u017eivo oran\u017ene barve, okra\u0161eni s kristali Swarovski\u00ae. Naredili smo jih posebej za tiste, ki znajo prepoznati ljubezen. Copate Lowul Vivid smo namre\u010d v obliki srca okrasili s kristali Swarovski\u00ae. Naj bodo copati Vivid, va\u0161 pomo\u010dnik v ljubezni.","og_url":"https:\/\/warmslipper.com\/sl\/shop\/lowul-copati-sl\/copati-vivid\/","og_site_name":"Warm Slippers","article_modified_time":"2020-12-05T13:02:48+00:00","og_image":[{"width":1550,"height":1300,"url":"https:\/\/warmslipper.com\/wp-content\/uploads\/2018\/02\/vivid-slippers-main.jpg","type":"image\/jpeg"}],"twitter_card":"summary_large_image","twitter_misc":{"Est. reading time":"1 minuta"},"schema":{"@context":"https:\/\/schema.org","@graph":[{"@type":"WebPage","@id":"https:\/\/warmslipper.com\/sl\/shop\/lowul-copati-sl\/copati-vivid\/","url":"https:\/\/warmslipper.com\/sl\/shop\/lowul-copati-sl\/copati-vivid\/","name":"Copati \u017eivo oran\u017ene barve, okra\u0161eni s kristali Swarovski\u00ae.","isPartOf":{"@id":"https:\/\/warmslipper.com\/#website"},"datePublished":"2018-02-06T18:43:30+00:00","dateModified":"2020-12-05T13:02:48+00:00","description":"Poka\u017eite sebi in vam dragim osebam, kako zelo posebni ste in kako zelo posebni so oni, tako da va\u0161e in njihove noge objamejo topli, oran\u017eni, mehki in udobni copati Lowul Vivid, okra\u0161eni s kristali Swarovski\u00ae.","breadcrumb":{"@id":"https:\/\/warmslipper.com\/sl\/shop\/lowul-copati-sl\/copati-vivid\/#breadcrumb"},"inLanguage":"sl-SI","potentialAction":[{"@type":"ReadAction","target":["https:\/\/warmslipper.com\/sl\/shop\/lowul-copati-sl\/copati-vivid\/"]}]},{"@type":"BreadcrumbList","@id":"https:\/\/warmslipper.com\/sl\/shop\/lowul-copati-sl\/copati-vivid\/#breadcrumb","itemListElement":[{"@type":"ListItem","position":1,"name":"Home","item":"https:\/\/warmslipper.com\/sl\/"},{"@type":"ListItem","position":2,"name":"Products","item":"https:\/\/warmslipper.com\/shop\/"},{"@type":"ListItem","position":3,"name":"Vivid"}]},{"@type":"WebSite","@id":"https:\/\/warmslipper.com\/#website","url":"https:\/\/warmslipper.com\/","name":"Warm Slippers","description":"Slippers Store","potentialAction":[{"@type":"SearchAction","target":{"@type":"EntryPoint","urlTemplate":"https:\/\/warmslipper.com\/?s={search_term_string}"},"query-input":"required name=search_term_string"}],"inLanguage":"sl-SI"}]}},"_links":{"self":[{"href":"https:\/\/warmslipper.com\/sl\/wp-json\/wp\/v2\/product\/7395"}],"collection":[{"href":"https:\/\/warmslipper.com\/sl\/wp-json\/wp\/v2\/product"}],"about":[{"href":"https:\/\/warmslipper.com\/sl\/wp-json\/wp\/v2\/types\/product"}],"replies":[{"embeddable":true,"href":"https:\/\/warmslipper.com\/sl\/wp-json\/wp\/v2\/comments?post=7395"}],"wp:featuredmedia":[{"embeddable":true,"href":"https:\/\/warmslipper.com\/sl\/wp-json\/wp\/v2\/media\/7396"}],"wp:attachment":[{"href":"https:\/\/warmslipper.com\/sl\/wp-json\/wp\/v2\/media?parent=7395"}],"curies":[{"name":"wp","href":"https:\/\/api.w.org\/{rel}","templated":true}]}}