{"id":7464,"date":"2017-10-23T20:51:19","date_gmt":"2017-10-23T20:51:19","guid":{"rendered":"https:\/\/warmslipper.com\/shop\/uncategorized\/children-slippers-ivory\/"},"modified":"2020-12-05T12:23:46","modified_gmt":"2020-12-05T12:23:46","slug":"otroski-copati-ivory","status":"publish","type":"product","link":"https:\/\/warmslipper.com\/sl\/shop\/lowul-otroski-copati-sl\/otroski-copati-ivory\/","title":{"rendered":"Cyuti Ivory"},"content":{"rendered":"<p class=\"p1\">Copati Lowul Ivory (bele barve) iz kolekcije Lowul Cyuti, so najbolj prisr\u010dni otro\u0161ki copati, ki ste jih kdaj videli. Pa ne samo po izgledu, prisr\u010dni so tako od zunaj kot tudi od znotraj. Copati Ivory bodo na nogah va\u0161ih otrok videti naravnost \u010dudovito. Narejeni so iz \u010diste ov\u010dje volne, brez \u0161ivov, v samo enem kosu.<br \/>\n<!--more-->Idealni copati za novorojen\u010dke in otroke vseh starosti. To so zagotovo najprimernej\u0161i prvi otro\u0161ki copatki za va\u0161ega novorojen\u010dka. Ampak ne samo to, copati Ivory so kot nala\u0161\u010d tudi za malo ve\u010dje otroke, pa tudi za vse tiste, ki so mladi po srcu. Va\u0161i nogi namre\u010d ponujajo izjemno podporo, stabilnost in udobje. Vsi, ki bodo nosili copate Lowul Ivory, bodo na svojih nogah izkusili tisti topel, ne\u017een in izjemno mehak dotik \u010diste ov\u010dje volne, ki deluj kot prava mikromasa\u017ea in zato ugodno vpliva na celotno po\u010dutje. Prav vsi pa se bodo vanje zaljubili. \u017deleli si bodo, da jih copati Ivory spremljajo povsod, kamorkoli bodo \u0161li. V kolekciji Cyuti lahko copate izbirate med 12 razli\u010dnimi barvami. Vendar vedite, da ko boste izbrali svoj par copat, ne boste dobili samo enega para copat. Na njih smo namre\u010d preizkusili ve\u010d razli\u010dnih barv vezalk. Prav vse barve vezalk so bile na njih videti ljubko in skladno, zato je bilo te\u017eko izbrati prave. To je razlog, zaradi katerega smo se odlo\u010dili, da vam bomo poleg copat, povsem brezpla\u010dno, poslali dodatne \u0161tiri razli\u010dne barve vezalk (be\u017e, siva, rde\u010da in citron). Sprememba barve vezalk na copatih, copatom doda nek nov in sve\u017e izgled. No in tudi to ni vse. Na copate Ivory smo namre\u010d dodali \u0161e mehak podplat iz pravega usnja, ker smo \u017eeleli mehak izgled copat \u0161e dodatno poudariti. In ker lahko na usnjen podplat dodate ime otroka, bodo copati Ivory nedvomno prvi personalizirani volneni copati va\u0161ega mal\u010dka.<\/p>\n<div class=\"all_models_wrap fullwidth_corection fullwidth_corection_noborder children_phone_off\"><a class=\"all_model_img all_model_img_nopadding cyuti_product_opacity\" href=\"\/sl\/shop\/lowul-otroski-copati-sl\/otroski-copati-ivory\/\"><br \/>\n<img src=\"\/wp-content\/uploads\/2017\/10\/lowul-ivory.svg\" \/><br \/>\n<\/a><br \/>\n<a class=\"all_model_img all_model_img_nopadding cyuti_product_opacity\" href=\"\/sl\/shop\/lowul-otroski-copati-sl\/otroski-copati-loll\/\"><br \/>\n<img src=\"\/wp-content\/uploads\/2017\/10\/lowul-loll.svg\" \/><br \/>\n<\/a><br \/>\n<a class=\"all_model_img all_model_img_nopadding cyuti_product_opacity\" href=\"\/sl\/shop\/lowul-otroski-copati-sl\/otroski-copati-cerise\/\"><br \/>\n<img src=\"\/wp-content\/uploads\/2017\/10\/lowul-cerise.svg\" \/><br \/>\n<\/a><br \/>\n<a class=\"all_model_img all_model_img_nopadding cyuti_product_opacity\" href=\"\/sl\/shop\/lowul-otroski-copati-sl\/otroski-copati-puerile\/\"><br \/>\n<img src=\"\/wp-content\/uploads\/2017\/10\/lowul-puerile.svg\" \/><br \/>\n<\/a><br \/>\n<a class=\"all_model_img all_model_img_nopadding cyuti_product_opacity\" href=\"\/sl\/shop\/lowul-otroski-copati-sl\/otroski-copati-jejune\/\"><br \/>\n<img src=\"\/wp-content\/uploads\/2017\/10\/lowul-jejune.svg\" \/><br \/>\n<\/a><br \/>\n<a class=\"all_model_img all_model_img_nopadding cyuti_product_opacity\" href=\"\/sl\/shop\/lowul-otroski-copati-sl\/otroski-copati-bluish\/\"><br \/>\n<img src=\"\/wp-content\/uploads\/2017\/10\/lowul-bluish.svg\" \/><br \/>\n<\/a><br \/>\n<a class=\"all_model_img all_model_img_nopadding cyuti_product_opacity\" href=\"\/sl\/shop\/lowul-otroski-copati-sl\/otroski-copati-amalfi\/\"><br \/>\n<img src=\"\/wp-content\/uploads\/2017\/10\/lowul-amalfi.svg\" \/><br \/>\n<\/a><br \/>\n<a class=\"all_model_img all_model_img_nopadding cyuti_product_opacity\" href=\"\/sl\/shop\/lowul-otroski-copati-sl\/otroski-copati-gaiety\/\"><br \/>\n<img src=\"\/wp-content\/uploads\/2017\/10\/lowul-gaiety.svg\" \/><br \/>\n<\/a><br \/>\n<a class=\"all_model_img all_model_img_nopadding cyuti_product_opacity\" href=\"\/sl\/shop\/lowul-otroski-copati-sl\/otroski-copati-sable\/\"><br \/>\n<img src=\"\/wp-content\/uploads\/2017\/10\/lowul-sable.svg\" \/><br \/>\n<\/a><br \/>\n<a class=\"all_model_img all_model_img_nopadding cyuti_product_opacity\" href=\"\/sl\/shop\/lowul-otroski-copati-sl\/otroski-copati-beryl\/\"><br \/>\n<img src=\"\/wp-content\/uploads\/2017\/10\/lowul-beryl.svg\" \/><br \/>\n<\/a><br \/>\n<a class=\"all_model_img all_model_img_nopadding cyuti_product_opacity\" href=\"\/sl\/shop\/lowul-otroski-copati-sl\/otroski-copati-mousy\/\"><br \/>\n<img src=\"\/wp-content\/uploads\/2017\/10\/lowul-mousy.svg\" \/><br \/>\n<\/a><br \/>\n<a class=\"all_model_img all_model_img_nopadding cyuti_product_opacity\" href=\"\/sl\/shop\/lowul-otroski-copati-sl\/otroski-copati-lilac\/\"><br \/>\n<img src=\"\/wp-content\/uploads\/2017\/10\/lowul-lilac.svg\" \/><br \/>\n<\/a><br \/>\n<a class=\"all_model_img all_model_img_nopadding cyuti_product_opacity\" href=\"\/sl\/shop\/lowul-otroski-copati-sl\/otroski-copati-jovial\/\"><br \/>\n<img src=\"\/wp-content\/uploads\/2017\/11\/lowul-jovial.svg\" \/><br \/>\n<\/a><\/div>\n","protected":false},"excerpt":{"rendered":"<p><span style=\"color: #00475b;\"><span style=\"font-size: large; font-weight: bold;\">DARILO!<\/span> &#8211; VEZALKE (4 razli\u010dne barve)<\/span><\/p>\n","protected":false},"featured_media":8118,"comment_status":"closed","ping_status":"closed","template":"","meta":[],"yoast_head":"<!-- This site is optimized with the Yoast SEO plugin v19.11 - https:\/\/yoast.com\/wordpress\/plugins\/seo\/ -->\n<title>Cyuti Ivory - Warm Slippers<\/title>\n<meta name=\"robots\" content=\"index, follow, max-snippet:-1, max-image-preview:large, max-video-preview:-1\" \/>\n<link rel=\"canonical\" href=\"https:\/\/warmslipper.com\/sl\/shop\/lowul-otroski-copati-sl\/otroski-copati-ivory\/\" \/>\n<meta property=\"og:locale\" content=\"sl_SI\" \/>\n<meta property=\"og:type\" content=\"article\" \/>\n<meta property=\"og:title\" content=\"Cyuti Ivory - Warm Slippers\" \/>\n<meta property=\"og:description\" content=\"DARILO! - VEZALKE (4 razli\u010dne barve)\" \/>\n<meta property=\"og:url\" content=\"https:\/\/warmslipper.com\/sl\/shop\/lowul-otroski-copati-sl\/otroski-copati-ivory\/\" \/>\n<meta property=\"og:site_name\" content=\"Warm Slippers\" \/>\n<meta property=\"article:modified_time\" content=\"2020-12-05T12:23:46+00:00\" \/>\n<meta property=\"og:image\" content=\"https:\/\/warmslipper.com\/wp-content\/uploads\/2018\/08\/lowul-copati-ivory-podplati-2018-sl.jpg\" \/>\n\t<meta property=\"og:image:width\" content=\"1200\" \/>\n\t<meta property=\"og:image:height\" content=\"1006\" \/>\n\t<meta property=\"og:image:type\" content=\"image\/jpeg\" \/>\n<meta name=\"twitter:card\" content=\"summary_large_image\" \/>\n<meta name=\"twitter:label1\" content=\"Est. reading time\" \/>\n\t<meta name=\"twitter:data1\" content=\"2 minuti\" \/>\n<script type=\"application\/ld+json\" class=\"yoast-schema-graph\">{\"@context\":\"https:\/\/schema.org\",\"@graph\":[{\"@type\":\"WebPage\",\"@id\":\"https:\/\/warmslipper.com\/sl\/shop\/lowul-otroski-copati-sl\/otroski-copati-ivory\/\",\"url\":\"https:\/\/warmslipper.com\/sl\/shop\/lowul-otroski-copati-sl\/otroski-copati-ivory\/\",\"name\":\"Cyuti Ivory - Warm Slippers\",\"isPartOf\":{\"@id\":\"https:\/\/warmslipper.com\/#website\"},\"datePublished\":\"2017-10-23T20:51:19+00:00\",\"dateModified\":\"2020-12-05T12:23:46+00:00\",\"breadcrumb\":{\"@id\":\"https:\/\/warmslipper.com\/sl\/shop\/lowul-otroski-copati-sl\/otroski-copati-ivory\/#breadcrumb\"},\"inLanguage\":\"sl-SI\",\"potentialAction\":[{\"@type\":\"ReadAction\",\"target\":[\"https:\/\/warmslipper.com\/sl\/shop\/lowul-otroski-copati-sl\/otroski-copati-ivory\/\"]}]},{\"@type\":\"BreadcrumbList\",\"@id\":\"https:\/\/warmslipper.com\/sl\/shop\/lowul-otroski-copati-sl\/otroski-copati-ivory\/#breadcrumb\",\"itemListElement\":[{\"@type\":\"ListItem\",\"position\":1,\"name\":\"Home\",\"item\":\"https:\/\/warmslipper.com\/sl\/\"},{\"@type\":\"ListItem\",\"position\":2,\"name\":\"Products\",\"item\":\"https:\/\/warmslipper.com\/shop\/\"},{\"@type\":\"ListItem\",\"position\":3,\"name\":\"Cyuti Ivory\"}]},{\"@type\":\"WebSite\",\"@id\":\"https:\/\/warmslipper.com\/#website\",\"url\":\"https:\/\/warmslipper.com\/\",\"name\":\"Warm Slippers\",\"description\":\"Slippers Store\",\"potentialAction\":[{\"@type\":\"SearchAction\",\"target\":{\"@type\":\"EntryPoint\",\"urlTemplate\":\"https:\/\/warmslipper.com\/?s={search_term_string}\"},\"query-input\":\"required name=search_term_string\"}],\"inLanguage\":\"sl-SI\"}]}<\/script>\n<!-- \/ Yoast SEO plugin. -->","yoast_head_json":{"title":"Cyuti Ivory - Warm Slippers","robots":{"index":"index","follow":"follow","max-snippet":"max-snippet:-1","max-image-preview":"max-image-preview:large","max-video-preview":"max-video-preview:-1"},"canonical":"https:\/\/warmslipper.com\/sl\/shop\/lowul-otroski-copati-sl\/otroski-copati-ivory\/","og_locale":"sl_SI","og_type":"article","og_title":"Cyuti Ivory - Warm Slippers","og_description":"DARILO! - VEZALKE (4 razli\u010dne barve)","og_url":"https:\/\/warmslipper.com\/sl\/shop\/lowul-otroski-copati-sl\/otroski-copati-ivory\/","og_site_name":"Warm Slippers","article_modified_time":"2020-12-05T12:23:46+00:00","og_image":[{"width":1200,"height":1006,"url":"https:\/\/warmslipper.com\/wp-content\/uploads\/2018\/08\/lowul-copati-ivory-podplati-2018-sl.jpg","type":"image\/jpeg"}],"twitter_card":"summary_large_image","twitter_misc":{"Est. reading time":"2 minuti"},"schema":{"@context":"https:\/\/schema.org","@graph":[{"@type":"WebPage","@id":"https:\/\/warmslipper.com\/sl\/shop\/lowul-otroski-copati-sl\/otroski-copati-ivory\/","url":"https:\/\/warmslipper.com\/sl\/shop\/lowul-otroski-copati-sl\/otroski-copati-ivory\/","name":"Cyuti Ivory - Warm Slippers","isPartOf":{"@id":"https:\/\/warmslipper.com\/#website"},"datePublished":"2017-10-23T20:51:19+00:00","dateModified":"2020-12-05T12:23:46+00:00","breadcrumb":{"@id":"https:\/\/warmslipper.com\/sl\/shop\/lowul-otroski-copati-sl\/otroski-copati-ivory\/#breadcrumb"},"inLanguage":"sl-SI","potentialAction":[{"@type":"ReadAction","target":["https:\/\/warmslipper.com\/sl\/shop\/lowul-otroski-copati-sl\/otroski-copati-ivory\/"]}]},{"@type":"BreadcrumbList","@id":"https:\/\/warmslipper.com\/sl\/shop\/lowul-otroski-copati-sl\/otroski-copati-ivory\/#breadcrumb","itemListElement":[{"@type":"ListItem","position":1,"name":"Home","item":"https:\/\/warmslipper.com\/sl\/"},{"@type":"ListItem","position":2,"name":"Products","item":"https:\/\/warmslipper.com\/shop\/"},{"@type":"ListItem","position":3,"name":"Cyuti Ivory"}]},{"@type":"WebSite","@id":"https:\/\/warmslipper.com\/#website","url":"https:\/\/warmslipper.com\/","name":"Warm Slippers","description":"Slippers Store","potentialAction":[{"@type":"SearchAction","target":{"@type":"EntryPoint","urlTemplate":"https:\/\/warmslipper.com\/?s={search_term_string}"},"query-input":"required name=search_term_string"}],"inLanguage":"sl-SI"}]}},"_links":{"self":[{"href":"https:\/\/warmslipper.com\/sl\/wp-json\/wp\/v2\/product\/7464"}],"collection":[{"href":"https:\/\/warmslipper.com\/sl\/wp-json\/wp\/v2\/product"}],"about":[{"href":"https:\/\/warmslipper.com\/sl\/wp-json\/wp\/v2\/types\/product"}],"replies":[{"embeddable":true,"href":"https:\/\/warmslipper.com\/sl\/wp-json\/wp\/v2\/comments?post=7464"}],"wp:featuredmedia":[{"embeddable":true,"href":"https:\/\/warmslipper.com\/sl\/wp-json\/wp\/v2\/media\/8118"}],"wp:attachment":[{"href":"https:\/\/warmslipper.com\/sl\/wp-json\/wp\/v2\/media?parent=7464"}],"curies":[{"name":"wp","href":"https:\/\/api.w.org\/{rel}","templated":true}]}}