{"id":7473,"date":"2017-10-14T19:49:38","date_gmt":"2017-10-14T19:49:38","guid":{"rendered":"https:\/\/warmslipper.com\/shop\/uncategorized\/slippers-clox\/"},"modified":"2020-12-05T12:04:59","modified_gmt":"2020-12-05T12:04:59","slug":"copati-clox","status":"publish","type":"product","link":"https:\/\/warmslipper.com\/sl\/shop\/lowul-copati-sl\/copati-clox\/","title":{"rendered":"Clox"},"content":{"rendered":"<p>Copati Lowul Clox so popoln volneni izdelek, ki spominja na tradicionalne cokle. Cokle imenujemo obutev, ki je v celoti ali delno izdelana iz lesa, zato je ta obutev tudi tr\u0161a in manj udobna, kar pa nikakor ne velja za copate Lowul Clox.<!--more--><\/p>\n<p>Cokle uporabljajo po vsem svetu in \u010deprav se oblika v odvisnosti od kulture lahko nekoliko spreminja, je oblika cokel \u017ee stoletja ostala nespremenjena. Tradicionalne cokle se \u0161e vedno uporabljajo kot za\u0161\u010ditni \u010devlji v kmetijstvu, pa tudi v nekaterih tovarnah in rudnikih. \u010ceprav so cokle v\u010dasih povezovali s poceni \u010devlji kmetov in delavskega razreda, se nekatere vrste zdaj \u0161tejejo celo za modno obutev. Tudi iz tega razloga vam predstavljamo mehko verzijo tradicionalnega cokla (clogs \u2013 clox). Izkusite celodnevno udobje z ro\u010dno izdelanimi copati originalnilmi Lowul Clox, izdelanimi iz najkvalitetnej\u0161ih materialov. Mehki in edinstveni, skratka najbolj\u0161e, kar lahko dobite. Ko ste ves dan ves dan, lahko napolnite celo telo in na\u0161i copati Comfort Clox so re\u0161itev, ki vam bo pomagala, da se po\u010dutite bolje po dolgih urah.<\/p>\n<p>&nbsp;<\/p>\n<div class=\"product_image_real_wrap\">\n<div class=\"product_image_real\"><img src=\"\/wp-content\/uploads\/2016\/12\/todhor_kirena_slippers_side_290.jpg\" \/><\/div>\n<div class=\"product_image_real\"><img src=\"\/wp-content\/uploads\/2016\/12\/todhor_slippers_legs_290.jpg\" \/><\/div>\n<div class=\"product_image_real\"><img src=\"\/wp-content\/uploads\/2016\/12\/todhor_kirena_slippers_290.jpg\" \/><\/div>\n<\/div>\n","protected":false},"excerpt":{"rendered":"<p>Copati Lowul Clox so popoln volneni izdelek, ki spominja na tradicionalne cokle. Cokle imenujemo obutev, ki je v celoti ali delno izdelana iz lesa, zato je ta obutev tudi tr\u0161a in manj udobna, kar pa nikakor ne velja za copate Lowul Clox. (ve\u010d &hellip;)<\/p>\n","protected":false},"featured_media":7480,"comment_status":"closed","ping_status":"closed","template":"","meta":[],"yoast_head":"<!-- This site is optimized with the Yoast SEO plugin v19.11 - https:\/\/yoast.com\/wordpress\/plugins\/seo\/ -->\n<title>Clox - Warm Slippers<\/title>\n<meta name=\"robots\" content=\"index, follow, max-snippet:-1, max-image-preview:large, max-video-preview:-1\" \/>\n<link rel=\"canonical\" href=\"https:\/\/warmslipper.com\/sl\/shop\/lowul-copati-sl\/copati-clox\/\" \/>\n<meta property=\"og:locale\" content=\"sl_SI\" \/>\n<meta property=\"og:type\" content=\"article\" \/>\n<meta property=\"og:title\" content=\"Clox - Warm Slippers\" \/>\n<meta property=\"og:description\" content=\"Copati Lowul Clox so popoln volneni izdelek, ki spominja na tradicionalne cokle. Cokle imenujemo obutev, ki je v celoti ali delno izdelana iz lesa, zato je ta obutev tudi tr\u0161a in manj udobna, kar pa nikakor ne velja za copate Lowul Clox. (ve\u010d &hellip;)\" \/>\n<meta property=\"og:url\" content=\"https:\/\/warmslipper.com\/sl\/shop\/lowul-copati-sl\/copati-clox\/\" \/>\n<meta property=\"og:site_name\" content=\"Warm Slippers\" \/>\n<meta property=\"article:modified_time\" content=\"2020-12-05T12:04:59+00:00\" \/>\n<meta property=\"og:image\" content=\"https:\/\/warmslipper.com\/wp-content\/uploads\/2017\/10\/clox-slippers-main-1.jpg\" \/>\n\t<meta property=\"og:image:width\" content=\"1550\" \/>\n\t<meta property=\"og:image:height\" content=\"1300\" \/>\n\t<meta property=\"og:image:type\" content=\"image\/jpeg\" \/>\n<meta name=\"twitter:card\" content=\"summary_large_image\" \/>\n<meta name=\"twitter:label1\" content=\"Est. reading time\" \/>\n\t<meta name=\"twitter:data1\" content=\"1 minuta\" \/>\n<script type=\"application\/ld+json\" class=\"yoast-schema-graph\">{\"@context\":\"https:\/\/schema.org\",\"@graph\":[{\"@type\":\"WebPage\",\"@id\":\"https:\/\/warmslipper.com\/sl\/shop\/lowul-copati-sl\/copati-clox\/\",\"url\":\"https:\/\/warmslipper.com\/sl\/shop\/lowul-copati-sl\/copati-clox\/\",\"name\":\"Clox - Warm Slippers\",\"isPartOf\":{\"@id\":\"https:\/\/warmslipper.com\/#website\"},\"datePublished\":\"2017-10-14T19:49:38+00:00\",\"dateModified\":\"2020-12-05T12:04:59+00:00\",\"breadcrumb\":{\"@id\":\"https:\/\/warmslipper.com\/sl\/shop\/lowul-copati-sl\/copati-clox\/#breadcrumb\"},\"inLanguage\":\"sl-SI\",\"potentialAction\":[{\"@type\":\"ReadAction\",\"target\":[\"https:\/\/warmslipper.com\/sl\/shop\/lowul-copati-sl\/copati-clox\/\"]}]},{\"@type\":\"BreadcrumbList\",\"@id\":\"https:\/\/warmslipper.com\/sl\/shop\/lowul-copati-sl\/copati-clox\/#breadcrumb\",\"itemListElement\":[{\"@type\":\"ListItem\",\"position\":1,\"name\":\"Home\",\"item\":\"https:\/\/warmslipper.com\/sl\/\"},{\"@type\":\"ListItem\",\"position\":2,\"name\":\"Products\",\"item\":\"https:\/\/warmslipper.com\/shop\/\"},{\"@type\":\"ListItem\",\"position\":3,\"name\":\"Clox\"}]},{\"@type\":\"WebSite\",\"@id\":\"https:\/\/warmslipper.com\/#website\",\"url\":\"https:\/\/warmslipper.com\/\",\"name\":\"Warm Slippers\",\"description\":\"Slippers Store\",\"potentialAction\":[{\"@type\":\"SearchAction\",\"target\":{\"@type\":\"EntryPoint\",\"urlTemplate\":\"https:\/\/warmslipper.com\/?s={search_term_string}\"},\"query-input\":\"required name=search_term_string\"}],\"inLanguage\":\"sl-SI\"}]}<\/script>\n<!-- \/ Yoast SEO plugin. -->","yoast_head_json":{"title":"Clox - Warm Slippers","robots":{"index":"index","follow":"follow","max-snippet":"max-snippet:-1","max-image-preview":"max-image-preview:large","max-video-preview":"max-video-preview:-1"},"canonical":"https:\/\/warmslipper.com\/sl\/shop\/lowul-copati-sl\/copati-clox\/","og_locale":"sl_SI","og_type":"article","og_title":"Clox - Warm Slippers","og_description":"Copati Lowul Clox so popoln volneni izdelek, ki spominja na tradicionalne cokle. Cokle imenujemo obutev, ki je v celoti ali delno izdelana iz lesa, zato je ta obutev tudi tr\u0161a in manj udobna, kar pa nikakor ne velja za copate Lowul Clox. (ve\u010d &hellip;)","og_url":"https:\/\/warmslipper.com\/sl\/shop\/lowul-copati-sl\/copati-clox\/","og_site_name":"Warm Slippers","article_modified_time":"2020-12-05T12:04:59+00:00","og_image":[{"width":1550,"height":1300,"url":"https:\/\/warmslipper.com\/wp-content\/uploads\/2017\/10\/clox-slippers-main-1.jpg","type":"image\/jpeg"}],"twitter_card":"summary_large_image","twitter_misc":{"Est. reading time":"1 minuta"},"schema":{"@context":"https:\/\/schema.org","@graph":[{"@type":"WebPage","@id":"https:\/\/warmslipper.com\/sl\/shop\/lowul-copati-sl\/copati-clox\/","url":"https:\/\/warmslipper.com\/sl\/shop\/lowul-copati-sl\/copati-clox\/","name":"Clox - Warm Slippers","isPartOf":{"@id":"https:\/\/warmslipper.com\/#website"},"datePublished":"2017-10-14T19:49:38+00:00","dateModified":"2020-12-05T12:04:59+00:00","breadcrumb":{"@id":"https:\/\/warmslipper.com\/sl\/shop\/lowul-copati-sl\/copati-clox\/#breadcrumb"},"inLanguage":"sl-SI","potentialAction":[{"@type":"ReadAction","target":["https:\/\/warmslipper.com\/sl\/shop\/lowul-copati-sl\/copati-clox\/"]}]},{"@type":"BreadcrumbList","@id":"https:\/\/warmslipper.com\/sl\/shop\/lowul-copati-sl\/copati-clox\/#breadcrumb","itemListElement":[{"@type":"ListItem","position":1,"name":"Home","item":"https:\/\/warmslipper.com\/sl\/"},{"@type":"ListItem","position":2,"name":"Products","item":"https:\/\/warmslipper.com\/shop\/"},{"@type":"ListItem","position":3,"name":"Clox"}]},{"@type":"WebSite","@id":"https:\/\/warmslipper.com\/#website","url":"https:\/\/warmslipper.com\/","name":"Warm Slippers","description":"Slippers Store","potentialAction":[{"@type":"SearchAction","target":{"@type":"EntryPoint","urlTemplate":"https:\/\/warmslipper.com\/?s={search_term_string}"},"query-input":"required name=search_term_string"}],"inLanguage":"sl-SI"}]}},"_links":{"self":[{"href":"https:\/\/warmslipper.com\/sl\/wp-json\/wp\/v2\/product\/7473"}],"collection":[{"href":"https:\/\/warmslipper.com\/sl\/wp-json\/wp\/v2\/product"}],"about":[{"href":"https:\/\/warmslipper.com\/sl\/wp-json\/wp\/v2\/types\/product"}],"replies":[{"embeddable":true,"href":"https:\/\/warmslipper.com\/sl\/wp-json\/wp\/v2\/comments?post=7473"}],"wp:featuredmedia":[{"embeddable":true,"href":"https:\/\/warmslipper.com\/sl\/wp-json\/wp\/v2\/media\/7480"}],"wp:attachment":[{"href":"https:\/\/warmslipper.com\/sl\/wp-json\/wp\/v2\/media?parent=7473"}],"curies":[{"name":"wp","href":"https:\/\/api.w.org\/{rel}","templated":true}]}}