{"id":7481,"date":"2017-10-09T19:11:23","date_gmt":"2017-10-09T19:11:23","guid":{"rendered":"https:\/\/warmslipper.com\/shop\/uncategorized\/slippers-jaba\/"},"modified":"2020-12-08T09:05:42","modified_gmt":"2020-12-08T09:05:42","slug":"copati-jaba","status":"publish","type":"product","link":"https:\/\/warmslipper.com\/sl\/shop\/lowul-copati-sl\/copati-jaba\/","title":{"rendered":"Jaba"},"content":{"rendered":"<p>Copati Lowul Jaba vas popeljejo v preteklost, na sam za\u010detek. Lahko bi rekli, da spominjajo na kameno dobo, na \u010das, ko so \u017eiveli Kremen\u010dkovi. Ni\u010d tak\u0161nega \u0161e niste niti videli, niti nosili.<!--more--><\/p>\n<p>Copate Lowul Jaba kar morate imeti, tudi zato, da boste z njimi la\u017eje razumeli \u010dlove\u0161ko evolucijo. \u010ceprav so videti, kot copati, ki resni\u010dno izhajajo iz kamene dobe, pa so hkrati neverjetno mehki, udobni in zelo zra\u010dni. Idealni za hladne in tople dni. Njihov videz je unikaten. Prepri\u010dani smo, da poznate koga, ki bi si jih \u017eelel imeti. Ko govorimo o kameni dobi, najprej pomislimo na orodja narejena iz kamnov. Mi smo to kamenje omeh\u010dali. Opazili boste razliko, saj izgledajo robustno navzven, vendar zato niso ni\u010d manj udobni in hkrati mehki navznoter. Tak\u0161na kombinacija bo zadovoljila vas in va\u0161e ljubljene. Kamena doba se torej ni kon\u010dala, ker bi nam zmanjkalo kamenja; le na\u0161li smo veliko mehkej\u0161o re\u0161itev. In ta re\u0161itev so copati Lowul Jaba. To niso copati za vsakogar. So copati za tiste, ki \u017eelijo biti druga\u010dni, za tiste ki \u017eelijo izstopati. Torej, ko i\u0161\u010dete nekaj druga\u010dnega, se spomnite na copate Lowul Jaba. Ne oklevajte, naravnost obo\u017eevali jih boste.<\/p>\n<p>&nbsp;<\/p>\n<div class=\"product_image_real_wrap\">\n<div class=\"product_image_real\"><img src=\"\/wp-content\/uploads\/2016\/12\/todhor_kirena_slippers_side_290.jpg\" \/><\/div>\n<div class=\"product_image_real\"><img src=\"\/wp-content\/uploads\/2016\/12\/todhor_slippers_legs_290.jpg\" \/><\/div>\n<div class=\"product_image_real\"><img src=\"\/wp-content\/uploads\/2016\/12\/todhor_kirena_slippers_290.jpg\" \/><\/div>\n<\/div>\n","protected":false},"excerpt":{"rendered":"<p>Copati Lowul Jaba vas popeljejo v preteklost, na sam za\u010detek. Lahko bi rekli, da spominjajo na kameno dobo, na \u010das, ko so \u017eiveli Kremen\u010dkovi. Ni\u010d tak\u0161nega \u0161e niste niti videli, niti nosili. (ve\u010d &hellip;)<\/p>\n","protected":false},"featured_media":7482,"comment_status":"closed","ping_status":"closed","template":"","meta":[],"yoast_head":"<!-- This site is optimized with the Yoast SEO plugin v19.11 - https:\/\/yoast.com\/wordpress\/plugins\/seo\/ -->\n<title>Copati Jaba vas bodo prepri\u010dali, da se lahko vrnete v kameno dobo na veliko mehkej\u0161i na\u010din.<\/title>\n<meta name=\"description\" content=\"S copati Jaba se vra\u010damo v preteklost, v \u010das kamene dobe, v \u010das ko so \u017eiveli Kremen\u010dkovi.\" \/>\n<meta name=\"robots\" content=\"index, follow, max-snippet:-1, max-image-preview:large, max-video-preview:-1\" \/>\n<link rel=\"canonical\" href=\"https:\/\/warmslipper.com\/sl\/shop\/lowul-copati-sl\/copati-jaba\/\" \/>\n<meta property=\"og:locale\" content=\"sl_SI\" \/>\n<meta property=\"og:type\" content=\"article\" \/>\n<meta property=\"og:title\" content=\"Copati Jaba vas bodo prepri\u010dali, da se lahko vrnete v kameno dobo na veliko mehkej\u0161i na\u010din.\" \/>\n<meta property=\"og:description\" content=\"Copati Jaba so tisti, ki nas vrnejo na sam na\u0161 za\u010detek. Kot pravi pregovor, se kamena doba ni kon\u010dala, ker je zmanjkalo kamenja; mi smo le na\u0161li in pre\u0161li na veliko bolj\u0161o in mehkej\u0161o re\u0161itev. In ta re\u0161itev so copati Lowul Jaba.\" \/>\n<meta property=\"og:url\" content=\"https:\/\/warmslipper.com\/sl\/shop\/lowul-copati-sl\/copati-jaba\/\" \/>\n<meta property=\"og:site_name\" content=\"Warm Slippers\" \/>\n<meta property=\"article:modified_time\" content=\"2020-12-08T09:05:42+00:00\" \/>\n<meta property=\"og:image\" content=\"https:\/\/warmslipper.com\/wp-content\/uploads\/2017\/07\/todhor-slippers-facebook.jpg\" \/>\n\t<meta property=\"og:image:width\" content=\"1200\" \/>\n\t<meta property=\"og:image:height\" content=\"630\" \/>\n\t<meta property=\"og:image:type\" content=\"image\/jpeg\" \/>\n<meta name=\"twitter:card\" content=\"summary_large_image\" \/>\n<meta name=\"twitter:label1\" content=\"Est. reading time\" \/>\n\t<meta name=\"twitter:data1\" content=\"1 minuta\" \/>\n<script type=\"application\/ld+json\" class=\"yoast-schema-graph\">{\"@context\":\"https:\/\/schema.org\",\"@graph\":[{\"@type\":\"WebPage\",\"@id\":\"https:\/\/warmslipper.com\/sl\/shop\/lowul-copati-sl\/copati-jaba\/\",\"url\":\"https:\/\/warmslipper.com\/sl\/shop\/lowul-copati-sl\/copati-jaba\/\",\"name\":\"Copati Jaba vas bodo prepri\u010dali, da se lahko vrnete v kameno dobo na veliko mehkej\u0161i na\u010din.\",\"isPartOf\":{\"@id\":\"https:\/\/warmslipper.com\/#website\"},\"datePublished\":\"2017-10-09T19:11:23+00:00\",\"dateModified\":\"2020-12-08T09:05:42+00:00\",\"description\":\"S copati Jaba se vra\u010damo v preteklost, v \u010das kamene dobe, v \u010das ko so \u017eiveli Kremen\u010dkovi.\",\"breadcrumb\":{\"@id\":\"https:\/\/warmslipper.com\/sl\/shop\/lowul-copati-sl\/copati-jaba\/#breadcrumb\"},\"inLanguage\":\"sl-SI\",\"potentialAction\":[{\"@type\":\"ReadAction\",\"target\":[\"https:\/\/warmslipper.com\/sl\/shop\/lowul-copati-sl\/copati-jaba\/\"]}]},{\"@type\":\"BreadcrumbList\",\"@id\":\"https:\/\/warmslipper.com\/sl\/shop\/lowul-copati-sl\/copati-jaba\/#breadcrumb\",\"itemListElement\":[{\"@type\":\"ListItem\",\"position\":1,\"name\":\"Home\",\"item\":\"https:\/\/warmslipper.com\/sl\/\"},{\"@type\":\"ListItem\",\"position\":2,\"name\":\"Products\",\"item\":\"https:\/\/warmslipper.com\/shop\/\"},{\"@type\":\"ListItem\",\"position\":3,\"name\":\"Jaba\"}]},{\"@type\":\"WebSite\",\"@id\":\"https:\/\/warmslipper.com\/#website\",\"url\":\"https:\/\/warmslipper.com\/\",\"name\":\"Warm Slippers\",\"description\":\"Slippers Store\",\"potentialAction\":[{\"@type\":\"SearchAction\",\"target\":{\"@type\":\"EntryPoint\",\"urlTemplate\":\"https:\/\/warmslipper.com\/?s={search_term_string}\"},\"query-input\":\"required name=search_term_string\"}],\"inLanguage\":\"sl-SI\"}]}<\/script>\n<!-- \/ Yoast SEO plugin. -->","yoast_head_json":{"title":"Copati Jaba vas bodo prepri\u010dali, da se lahko vrnete v kameno dobo na veliko mehkej\u0161i na\u010din.","description":"S copati Jaba se vra\u010damo v preteklost, v \u010das kamene dobe, v \u010das ko so \u017eiveli Kremen\u010dkovi.","robots":{"index":"index","follow":"follow","max-snippet":"max-snippet:-1","max-image-preview":"max-image-preview:large","max-video-preview":"max-video-preview:-1"},"canonical":"https:\/\/warmslipper.com\/sl\/shop\/lowul-copati-sl\/copati-jaba\/","og_locale":"sl_SI","og_type":"article","og_title":"Copati Jaba vas bodo prepri\u010dali, da se lahko vrnete v kameno dobo na veliko mehkej\u0161i na\u010din.","og_description":"Copati Jaba so tisti, ki nas vrnejo na sam na\u0161 za\u010detek. Kot pravi pregovor, se kamena doba ni kon\u010dala, ker je zmanjkalo kamenja; mi smo le na\u0161li in pre\u0161li na veliko bolj\u0161o in mehkej\u0161o re\u0161itev. In ta re\u0161itev so copati Lowul Jaba.","og_url":"https:\/\/warmslipper.com\/sl\/shop\/lowul-copati-sl\/copati-jaba\/","og_site_name":"Warm Slippers","article_modified_time":"2020-12-08T09:05:42+00:00","og_image":[{"width":1200,"height":630,"url":"https:\/\/warmslipper.com\/wp-content\/uploads\/2017\/07\/todhor-slippers-facebook.jpg","type":"image\/jpeg"}],"twitter_card":"summary_large_image","twitter_misc":{"Est. reading time":"1 minuta"},"schema":{"@context":"https:\/\/schema.org","@graph":[{"@type":"WebPage","@id":"https:\/\/warmslipper.com\/sl\/shop\/lowul-copati-sl\/copati-jaba\/","url":"https:\/\/warmslipper.com\/sl\/shop\/lowul-copati-sl\/copati-jaba\/","name":"Copati Jaba vas bodo prepri\u010dali, da se lahko vrnete v kameno dobo na veliko mehkej\u0161i na\u010din.","isPartOf":{"@id":"https:\/\/warmslipper.com\/#website"},"datePublished":"2017-10-09T19:11:23+00:00","dateModified":"2020-12-08T09:05:42+00:00","description":"S copati Jaba se vra\u010damo v preteklost, v \u010das kamene dobe, v \u010das ko so \u017eiveli Kremen\u010dkovi.","breadcrumb":{"@id":"https:\/\/warmslipper.com\/sl\/shop\/lowul-copati-sl\/copati-jaba\/#breadcrumb"},"inLanguage":"sl-SI","potentialAction":[{"@type":"ReadAction","target":["https:\/\/warmslipper.com\/sl\/shop\/lowul-copati-sl\/copati-jaba\/"]}]},{"@type":"BreadcrumbList","@id":"https:\/\/warmslipper.com\/sl\/shop\/lowul-copati-sl\/copati-jaba\/#breadcrumb","itemListElement":[{"@type":"ListItem","position":1,"name":"Home","item":"https:\/\/warmslipper.com\/sl\/"},{"@type":"ListItem","position":2,"name":"Products","item":"https:\/\/warmslipper.com\/shop\/"},{"@type":"ListItem","position":3,"name":"Jaba"}]},{"@type":"WebSite","@id":"https:\/\/warmslipper.com\/#website","url":"https:\/\/warmslipper.com\/","name":"Warm Slippers","description":"Slippers Store","potentialAction":[{"@type":"SearchAction","target":{"@type":"EntryPoint","urlTemplate":"https:\/\/warmslipper.com\/?s={search_term_string}"},"query-input":"required name=search_term_string"}],"inLanguage":"sl-SI"}]}},"_links":{"self":[{"href":"https:\/\/warmslipper.com\/sl\/wp-json\/wp\/v2\/product\/7481"}],"collection":[{"href":"https:\/\/warmslipper.com\/sl\/wp-json\/wp\/v2\/product"}],"about":[{"href":"https:\/\/warmslipper.com\/sl\/wp-json\/wp\/v2\/types\/product"}],"replies":[{"embeddable":true,"href":"https:\/\/warmslipper.com\/sl\/wp-json\/wp\/v2\/comments?post=7481"}],"wp:featuredmedia":[{"embeddable":true,"href":"https:\/\/warmslipper.com\/sl\/wp-json\/wp\/v2\/media\/7482"}],"wp:attachment":[{"href":"https:\/\/warmslipper.com\/sl\/wp-json\/wp\/v2\/media?parent=7481"}],"curies":[{"name":"wp","href":"https:\/\/api.w.org\/{rel}","templated":true}]}}