{"id":7512,"date":"2016-07-24T09:25:07","date_gmt":"2016-07-24T09:25:07","guid":{"rendered":"https:\/\/warmslipper.com\/shop\/uncategorized\/slippers-kirena\/"},"modified":"2020-12-05T12:14:07","modified_gmt":"2020-12-05T12:14:07","slug":"copati-kirena","status":"publish","type":"product","link":"https:\/\/warmslipper.com\/sl\/shop\/lowul-copati-sl\/copati-kirena\/","title":{"rendered":"Kirena"},"content":{"rendered":"<p>Copati Kirena niso le izjemno mehki, tako namre\u010d tudi izgledajo. \u010ceprav nekoliko nenavadni, so kljub temu izjemno udobni. Torej neverjetno udobni in hkrati druga\u010dni, tako lahko copate Kirena opi\u0161emo, ne da bi pri tem kakorkoli pretiravali.<br \/>\n<!--more-->Prva stvar, ki jo boste opazili, ko boste nosili copate Kirena, je izjemno mehka in topla podlaga, narejena iz \u010diste ov\u010dje volne volna, primerna za vsakogar in vsakodnevno uporabo. Copati Kirena vam nudijo udobje, ki ga potrebujete in hkrati udobje, ki si ga po dolgem delovnem dnevu tudi zaslu\u017eite. Dajte copatom Kirena prilo\u017enost, da vam poka\u017eejo, da si zaslu\u017eite resni\u010dno le in samo najbolj\u0161e. Naj vam prav copati Kirena poka\u017eejo, kako za\u0161\u010dititi svoje dragocene noge in jih pripraviti na nov delovni dan. Copati Kirena bodo hitro postali va\u0161 pravi partner v skrbi za vas in va\u0161e zdravje. Zaljubili se boste vanje.<\/p>\n<p>&nbsp;<\/p>\n<div class=\"product_image_real_wrap\">\n<div class=\"product_image_real\"><img src=\"\/wp-content\/uploads\/2016\/12\/kirena_slippers_coffee_cup_290.jpg\" \/><\/div>\n<div class=\"product_image_real\"><img src=\"\/wp-content\/uploads\/2016\/12\/kirena_slippers_coffee_table_290.jpg\" \/><\/div>\n<div class=\"product_image_real\"><img src=\"\/wp-content\/uploads\/2016\/12\/kirena_slippers_floor_290.jpg\" \/><\/div>\n<\/div>\n","protected":false},"excerpt":{"rendered":"<p>Copati Kirena niso le izjemno mehki, tako namre\u010d tudi izgledajo. \u010ceprav nekoliko nenavadni, so kljub temu izjemno udobni. Torej neverjetno udobni in hkrati druga\u010dni, tako lahko copate Kirena opi\u0161emo, ne da bi pri tem kakorkoli pretiravali.<br \/>\n (ve\u010d &hellip;)<\/p>\n","protected":false},"featured_media":7521,"comment_status":"closed","ping_status":"closed","template":"","meta":[],"yoast_head":"<!-- This site is optimized with the Yoast SEO plugin v19.11 - https:\/\/yoast.com\/wordpress\/plugins\/seo\/ -->\n<title>Copati Lowul Kirena, copati tradicionalnega in brez\u010dasnega videza.<\/title>\n<meta name=\"description\" content=\"Ne da bi pretiravali, lahko re\u010demo, da so copati Kirena privla\u010dnega, vendar tradicionalnega in brez\u010dasnega videza, ob tem hkrati izjemno udobni. Copati Kirena so v na\u0161i kolekciji eni izmed copat, ki so resni\u010dno nepogre\u0161ljivi.\" \/>\n<meta name=\"robots\" content=\"index, follow, max-snippet:-1, max-image-preview:large, max-video-preview:-1\" \/>\n<link rel=\"canonical\" href=\"https:\/\/warmslipper.com\/sl\/shop\/lowul-copati-sl\/copati-kirena\/\" \/>\n<meta property=\"og:locale\" content=\"sl_SI\" \/>\n<meta property=\"og:type\" content=\"article\" \/>\n<meta property=\"og:title\" content=\"Copati Lowul Kirena, copati tradicionalnega in brez\u010dasnega videza.\" \/>\n<meta property=\"og:description\" content=\"Copati Lowul Kirena so hrati mehki in \u0161ik. Neverjetno udobni, ob tem pa hkrati nekoliko nenavadni, tako bi lahko najpreprosteje opisali volnene polstene copate Lowul Kirena. Zaljubili se boste vanje.\" \/>\n<meta property=\"og:url\" content=\"https:\/\/warmslipper.com\/sl\/shop\/lowul-copati-sl\/copati-kirena\/\" \/>\n<meta property=\"og:site_name\" content=\"Warm Slippers\" \/>\n<meta property=\"article:modified_time\" content=\"2020-12-05T12:14:07+00:00\" \/>\n<meta property=\"og:image\" content=\"https:\/\/warmslipper.com\/wp-content\/uploads\/2017\/07\/kirena-slippers-facebook.jpg\" \/>\n\t<meta property=\"og:image:width\" content=\"1200\" \/>\n\t<meta property=\"og:image:height\" content=\"630\" \/>\n\t<meta property=\"og:image:type\" content=\"image\/jpeg\" \/>\n<meta name=\"twitter:card\" content=\"summary_large_image\" \/>\n<meta name=\"twitter:label1\" content=\"Est. reading time\" \/>\n\t<meta name=\"twitter:data1\" content=\"1 minuta\" \/>\n<script type=\"application\/ld+json\" class=\"yoast-schema-graph\">{\"@context\":\"https:\/\/schema.org\",\"@graph\":[{\"@type\":\"WebPage\",\"@id\":\"https:\/\/warmslipper.com\/sl\/shop\/lowul-copati-sl\/copati-kirena\/\",\"url\":\"https:\/\/warmslipper.com\/sl\/shop\/lowul-copati-sl\/copati-kirena\/\",\"name\":\"Copati Lowul Kirena, copati tradicionalnega in brez\u010dasnega videza.\",\"isPartOf\":{\"@id\":\"https:\/\/warmslipper.com\/#website\"},\"datePublished\":\"2016-07-24T09:25:07+00:00\",\"dateModified\":\"2020-12-05T12:14:07+00:00\",\"description\":\"Ne da bi pretiravali, lahko re\u010demo, da so copati Kirena privla\u010dnega, vendar tradicionalnega in brez\u010dasnega videza, ob tem hkrati izjemno udobni. Copati Kirena so v na\u0161i kolekciji eni izmed copat, ki so resni\u010dno nepogre\u0161ljivi.\",\"breadcrumb\":{\"@id\":\"https:\/\/warmslipper.com\/sl\/shop\/lowul-copati-sl\/copati-kirena\/#breadcrumb\"},\"inLanguage\":\"sl-SI\",\"potentialAction\":[{\"@type\":\"ReadAction\",\"target\":[\"https:\/\/warmslipper.com\/sl\/shop\/lowul-copati-sl\/copati-kirena\/\"]}]},{\"@type\":\"BreadcrumbList\",\"@id\":\"https:\/\/warmslipper.com\/sl\/shop\/lowul-copati-sl\/copati-kirena\/#breadcrumb\",\"itemListElement\":[{\"@type\":\"ListItem\",\"position\":1,\"name\":\"Home\",\"item\":\"https:\/\/warmslipper.com\/sl\/\"},{\"@type\":\"ListItem\",\"position\":2,\"name\":\"Products\",\"item\":\"https:\/\/warmslipper.com\/shop\/\"},{\"@type\":\"ListItem\",\"position\":3,\"name\":\"Kirena\"}]},{\"@type\":\"WebSite\",\"@id\":\"https:\/\/warmslipper.com\/#website\",\"url\":\"https:\/\/warmslipper.com\/\",\"name\":\"Warm Slippers\",\"description\":\"Slippers Store\",\"potentialAction\":[{\"@type\":\"SearchAction\",\"target\":{\"@type\":\"EntryPoint\",\"urlTemplate\":\"https:\/\/warmslipper.com\/?s={search_term_string}\"},\"query-input\":\"required name=search_term_string\"}],\"inLanguage\":\"sl-SI\"}]}<\/script>\n<!-- \/ Yoast SEO plugin. -->","yoast_head_json":{"title":"Copati Lowul Kirena, copati tradicionalnega in brez\u010dasnega videza.","description":"Ne da bi pretiravali, lahko re\u010demo, da so copati Kirena privla\u010dnega, vendar tradicionalnega in brez\u010dasnega videza, ob tem hkrati izjemno udobni. Copati Kirena so v na\u0161i kolekciji eni izmed copat, ki so resni\u010dno nepogre\u0161ljivi.","robots":{"index":"index","follow":"follow","max-snippet":"max-snippet:-1","max-image-preview":"max-image-preview:large","max-video-preview":"max-video-preview:-1"},"canonical":"https:\/\/warmslipper.com\/sl\/shop\/lowul-copati-sl\/copati-kirena\/","og_locale":"sl_SI","og_type":"article","og_title":"Copati Lowul Kirena, copati tradicionalnega in brez\u010dasnega videza.","og_description":"Copati Lowul Kirena so hrati mehki in \u0161ik. Neverjetno udobni, ob tem pa hkrati nekoliko nenavadni, tako bi lahko najpreprosteje opisali volnene polstene copate Lowul Kirena. Zaljubili se boste vanje.","og_url":"https:\/\/warmslipper.com\/sl\/shop\/lowul-copati-sl\/copati-kirena\/","og_site_name":"Warm Slippers","article_modified_time":"2020-12-05T12:14:07+00:00","og_image":[{"width":1200,"height":630,"url":"https:\/\/warmslipper.com\/wp-content\/uploads\/2017\/07\/kirena-slippers-facebook.jpg","type":"image\/jpeg"}],"twitter_card":"summary_large_image","twitter_misc":{"Est. reading time":"1 minuta"},"schema":{"@context":"https:\/\/schema.org","@graph":[{"@type":"WebPage","@id":"https:\/\/warmslipper.com\/sl\/shop\/lowul-copati-sl\/copati-kirena\/","url":"https:\/\/warmslipper.com\/sl\/shop\/lowul-copati-sl\/copati-kirena\/","name":"Copati Lowul Kirena, copati tradicionalnega in brez\u010dasnega videza.","isPartOf":{"@id":"https:\/\/warmslipper.com\/#website"},"datePublished":"2016-07-24T09:25:07+00:00","dateModified":"2020-12-05T12:14:07+00:00","description":"Ne da bi pretiravali, lahko re\u010demo, da so copati Kirena privla\u010dnega, vendar tradicionalnega in brez\u010dasnega videza, ob tem hkrati izjemno udobni. Copati Kirena so v na\u0161i kolekciji eni izmed copat, ki so resni\u010dno nepogre\u0161ljivi.","breadcrumb":{"@id":"https:\/\/warmslipper.com\/sl\/shop\/lowul-copati-sl\/copati-kirena\/#breadcrumb"},"inLanguage":"sl-SI","potentialAction":[{"@type":"ReadAction","target":["https:\/\/warmslipper.com\/sl\/shop\/lowul-copati-sl\/copati-kirena\/"]}]},{"@type":"BreadcrumbList","@id":"https:\/\/warmslipper.com\/sl\/shop\/lowul-copati-sl\/copati-kirena\/#breadcrumb","itemListElement":[{"@type":"ListItem","position":1,"name":"Home","item":"https:\/\/warmslipper.com\/sl\/"},{"@type":"ListItem","position":2,"name":"Products","item":"https:\/\/warmslipper.com\/shop\/"},{"@type":"ListItem","position":3,"name":"Kirena"}]},{"@type":"WebSite","@id":"https:\/\/warmslipper.com\/#website","url":"https:\/\/warmslipper.com\/","name":"Warm Slippers","description":"Slippers Store","potentialAction":[{"@type":"SearchAction","target":{"@type":"EntryPoint","urlTemplate":"https:\/\/warmslipper.com\/?s={search_term_string}"},"query-input":"required name=search_term_string"}],"inLanguage":"sl-SI"}]}},"_links":{"self":[{"href":"https:\/\/warmslipper.com\/sl\/wp-json\/wp\/v2\/product\/7512"}],"collection":[{"href":"https:\/\/warmslipper.com\/sl\/wp-json\/wp\/v2\/product"}],"about":[{"href":"https:\/\/warmslipper.com\/sl\/wp-json\/wp\/v2\/types\/product"}],"replies":[{"embeddable":true,"href":"https:\/\/warmslipper.com\/sl\/wp-json\/wp\/v2\/comments?post=7512"}],"wp:featuredmedia":[{"embeddable":true,"href":"https:\/\/warmslipper.com\/sl\/wp-json\/wp\/v2\/media\/7521"}],"wp:attachment":[{"href":"https:\/\/warmslipper.com\/sl\/wp-json\/wp\/v2\/media?parent=7512"}],"curies":[{"name":"wp","href":"https:\/\/api.w.org\/{rel}","templated":true}]}}