{"id":7570,"date":"2016-03-21T10:43:46","date_gmt":"2016-03-21T10:43:46","guid":{"rendered":"https:\/\/warmslipper.com\/shop\/uncategorized\/slippers-todhor\/"},"modified":"2020-12-05T12:08:35","modified_gmt":"2020-12-05T12:08:35","slug":"copati-todhor","status":"publish","type":"product","link":"https:\/\/warmslipper.com\/sl\/shop\/lowul-copati-sl\/copati-todhor\/","title":{"rendered":"Todhor"},"content":{"rendered":"<p>Copati Todhor so po svojem izgledu predvsem druga\u010dni in opazni, so pa tudi neverjetno udobni. Ko pomislite na nekaj brez\u010dasnega, na nekaj ve\u010dnega&#8230; je to enako, kot bi pomislili na copate Lowul Todhor.<!--more--><\/p>\n<p>Copati Todhor so izjemno udobni copati, ki pa so edinstveni predvsem zaradi videza in zaradi volne, ki jo za njihovo izdelavo uporabljamo. Pri vsakem palcu na nogi je namre\u010d luknja na copatu, kar dela te copate resni\u010dno posebne. Z njimi boste zagotovo presenetili celo najzahtevnej\u0161e osebe. Copati Todhor nevzven izgledajo precej robato, vendar so hkrati neverjetno udobno in mehki. Tak\u0161na kombinacija v enem copatu, bo zagotovo zadovoljila prav vsakega uporabnika. Ker smo \u017eeleli, da bi bili ti copati \u010dimbolj trdni, so izdelani iz prav posebne, po izgledu precej kosmate volne. Tudi zaradi tega je njihov videz \u0161e bolj robusten. Vendar pa je pri tem najpomembnej\u0161e, da to ne vpliva na njihovo udobje in edinstvenost. Ne oklevajte, obo\u017eevali jih boste.<\/p>\n<p>&nbsp;<\/p>\n<div class=\"product_image_real_wrap\">\n<div class=\"product_image_real\"><img src=\"\/wp-content\/uploads\/2016\/12\/todhor_kirena_slippers_side_290.jpg\" \/><\/div>\n<div class=\"product_image_real\"><img src=\"\/wp-content\/uploads\/2016\/12\/todhor_slippers_legs_290.jpg\" \/><\/div>\n<div class=\"product_image_real\"><img src=\"\/wp-content\/uploads\/2016\/12\/todhor_kirena_slippers_290.jpg\" \/><\/div>\n<\/div>\n","protected":false},"excerpt":{"rendered":"<p>Copati Todhor so po svojem izgledu predvsem druga\u010dni in opazni, so pa tudi neverjetno udobni. Ko pomislite na nekaj brez\u010dasnega, na nekaj ve\u010dnega&#8230; je to enako, kot bi pomislili na copate Lowul Todhor. (ve\u010d &hellip;)<\/p>\n","protected":false},"featured_media":7585,"comment_status":"closed","ping_status":"closed","template":"","meta":[],"yoast_head":"<!-- This site is optimized with the Yoast SEO plugin v19.11 - https:\/\/yoast.com\/wordpress\/plugins\/seo\/ -->\n<title>Copati Todhor so izjemno udobni copati, ki pa so edinstveni predvsem zaradi videza in zaradi volne, ki jo za njihovo izdelavo uporabljamo.<\/title>\n<meta name=\"description\" content=\"Todhor nevzven izgledajo precej robato, vendar so hkrati neverjetno udobno in mehki. Tak\u0161na kombinacija v enem copatu zadovolji prav vsakega uporabnika.\" \/>\n<meta name=\"robots\" content=\"index, follow, max-snippet:-1, max-image-preview:large, max-video-preview:-1\" \/>\n<link rel=\"canonical\" href=\"https:\/\/warmslipper.com\/sl\/shop\/lowul-copati-sl\/copati-todhor\/\" \/>\n<meta property=\"og:locale\" content=\"sl_SI\" \/>\n<meta property=\"og:type\" content=\"article\" \/>\n<meta property=\"og:title\" content=\"Copati Todhor so izjemno udobni copati, ki pa so edinstveni predvsem zaradi videza in zaradi volne, ki jo za njihovo izdelavo uporabljamo.\" \/>\n<meta property=\"og:description\" content=\"Copati Todhor, druga\u010dni in izjemni. Pomislite na nekaj izjemnega, brez\u010dasnega in ve\u010dnega in boste dobili copate Todhor. Ko govorimo o copatih Thodor, govorimo o zelo udobnih copatih, ki so edinstveni zaradi svoje izdelave in videza.\" \/>\n<meta property=\"og:url\" content=\"https:\/\/warmslipper.com\/sl\/shop\/lowul-copati-sl\/copati-todhor\/\" \/>\n<meta property=\"og:site_name\" content=\"Warm Slippers\" \/>\n<meta property=\"article:modified_time\" content=\"2020-12-05T12:08:35+00:00\" \/>\n<meta property=\"og:image\" content=\"https:\/\/warmslipper.com\/wp-content\/uploads\/2017\/07\/todhor-slippers-facebook.jpg\" \/>\n\t<meta property=\"og:image:width\" content=\"1200\" \/>\n\t<meta property=\"og:image:height\" content=\"630\" \/>\n\t<meta property=\"og:image:type\" content=\"image\/jpeg\" \/>\n<meta name=\"twitter:card\" content=\"summary_large_image\" \/>\n<meta name=\"twitter:label1\" content=\"Est. reading time\" \/>\n\t<meta name=\"twitter:data1\" content=\"1 minuta\" \/>\n<script type=\"application\/ld+json\" class=\"yoast-schema-graph\">{\"@context\":\"https:\/\/schema.org\",\"@graph\":[{\"@type\":\"WebPage\",\"@id\":\"https:\/\/warmslipper.com\/sl\/shop\/lowul-copati-sl\/copati-todhor\/\",\"url\":\"https:\/\/warmslipper.com\/sl\/shop\/lowul-copati-sl\/copati-todhor\/\",\"name\":\"Copati Todhor so izjemno udobni copati, ki pa so edinstveni predvsem zaradi videza in zaradi volne, ki jo za njihovo izdelavo uporabljamo.\",\"isPartOf\":{\"@id\":\"https:\/\/warmslipper.com\/#website\"},\"datePublished\":\"2016-03-21T10:43:46+00:00\",\"dateModified\":\"2020-12-05T12:08:35+00:00\",\"description\":\"Todhor nevzven izgledajo precej robato, vendar so hkrati neverjetno udobno in mehki. Tak\u0161na kombinacija v enem copatu zadovolji prav vsakega uporabnika.\",\"breadcrumb\":{\"@id\":\"https:\/\/warmslipper.com\/sl\/shop\/lowul-copati-sl\/copati-todhor\/#breadcrumb\"},\"inLanguage\":\"sl-SI\",\"potentialAction\":[{\"@type\":\"ReadAction\",\"target\":[\"https:\/\/warmslipper.com\/sl\/shop\/lowul-copati-sl\/copati-todhor\/\"]}]},{\"@type\":\"BreadcrumbList\",\"@id\":\"https:\/\/warmslipper.com\/sl\/shop\/lowul-copati-sl\/copati-todhor\/#breadcrumb\",\"itemListElement\":[{\"@type\":\"ListItem\",\"position\":1,\"name\":\"Home\",\"item\":\"https:\/\/warmslipper.com\/sl\/\"},{\"@type\":\"ListItem\",\"position\":2,\"name\":\"Products\",\"item\":\"https:\/\/warmslipper.com\/shop\/\"},{\"@type\":\"ListItem\",\"position\":3,\"name\":\"Todhor\"}]},{\"@type\":\"WebSite\",\"@id\":\"https:\/\/warmslipper.com\/#website\",\"url\":\"https:\/\/warmslipper.com\/\",\"name\":\"Warm Slippers\",\"description\":\"Slippers Store\",\"potentialAction\":[{\"@type\":\"SearchAction\",\"target\":{\"@type\":\"EntryPoint\",\"urlTemplate\":\"https:\/\/warmslipper.com\/?s={search_term_string}\"},\"query-input\":\"required name=search_term_string\"}],\"inLanguage\":\"sl-SI\"}]}<\/script>\n<!-- \/ Yoast SEO plugin. -->","yoast_head_json":{"title":"Copati Todhor so izjemno udobni copati, ki pa so edinstveni predvsem zaradi videza in zaradi volne, ki jo za njihovo izdelavo uporabljamo.","description":"Todhor nevzven izgledajo precej robato, vendar so hkrati neverjetno udobno in mehki. Tak\u0161na kombinacija v enem copatu zadovolji prav vsakega uporabnika.","robots":{"index":"index","follow":"follow","max-snippet":"max-snippet:-1","max-image-preview":"max-image-preview:large","max-video-preview":"max-video-preview:-1"},"canonical":"https:\/\/warmslipper.com\/sl\/shop\/lowul-copati-sl\/copati-todhor\/","og_locale":"sl_SI","og_type":"article","og_title":"Copati Todhor so izjemno udobni copati, ki pa so edinstveni predvsem zaradi videza in zaradi volne, ki jo za njihovo izdelavo uporabljamo.","og_description":"Copati Todhor, druga\u010dni in izjemni. Pomislite na nekaj izjemnega, brez\u010dasnega in ve\u010dnega in boste dobili copate Todhor. Ko govorimo o copatih Thodor, govorimo o zelo udobnih copatih, ki so edinstveni zaradi svoje izdelave in videza.","og_url":"https:\/\/warmslipper.com\/sl\/shop\/lowul-copati-sl\/copati-todhor\/","og_site_name":"Warm Slippers","article_modified_time":"2020-12-05T12:08:35+00:00","og_image":[{"width":1200,"height":630,"url":"https:\/\/warmslipper.com\/wp-content\/uploads\/2017\/07\/todhor-slippers-facebook.jpg","type":"image\/jpeg"}],"twitter_card":"summary_large_image","twitter_misc":{"Est. reading time":"1 minuta"},"schema":{"@context":"https:\/\/schema.org","@graph":[{"@type":"WebPage","@id":"https:\/\/warmslipper.com\/sl\/shop\/lowul-copati-sl\/copati-todhor\/","url":"https:\/\/warmslipper.com\/sl\/shop\/lowul-copati-sl\/copati-todhor\/","name":"Copati Todhor so izjemno udobni copati, ki pa so edinstveni predvsem zaradi videza in zaradi volne, ki jo za njihovo izdelavo uporabljamo.","isPartOf":{"@id":"https:\/\/warmslipper.com\/#website"},"datePublished":"2016-03-21T10:43:46+00:00","dateModified":"2020-12-05T12:08:35+00:00","description":"Todhor nevzven izgledajo precej robato, vendar so hkrati neverjetno udobno in mehki. Tak\u0161na kombinacija v enem copatu zadovolji prav vsakega uporabnika.","breadcrumb":{"@id":"https:\/\/warmslipper.com\/sl\/shop\/lowul-copati-sl\/copati-todhor\/#breadcrumb"},"inLanguage":"sl-SI","potentialAction":[{"@type":"ReadAction","target":["https:\/\/warmslipper.com\/sl\/shop\/lowul-copati-sl\/copati-todhor\/"]}]},{"@type":"BreadcrumbList","@id":"https:\/\/warmslipper.com\/sl\/shop\/lowul-copati-sl\/copati-todhor\/#breadcrumb","itemListElement":[{"@type":"ListItem","position":1,"name":"Home","item":"https:\/\/warmslipper.com\/sl\/"},{"@type":"ListItem","position":2,"name":"Products","item":"https:\/\/warmslipper.com\/shop\/"},{"@type":"ListItem","position":3,"name":"Todhor"}]},{"@type":"WebSite","@id":"https:\/\/warmslipper.com\/#website","url":"https:\/\/warmslipper.com\/","name":"Warm Slippers","description":"Slippers Store","potentialAction":[{"@type":"SearchAction","target":{"@type":"EntryPoint","urlTemplate":"https:\/\/warmslipper.com\/?s={search_term_string}"},"query-input":"required name=search_term_string"}],"inLanguage":"sl-SI"}]}},"_links":{"self":[{"href":"https:\/\/warmslipper.com\/sl\/wp-json\/wp\/v2\/product\/7570"}],"collection":[{"href":"https:\/\/warmslipper.com\/sl\/wp-json\/wp\/v2\/product"}],"about":[{"href":"https:\/\/warmslipper.com\/sl\/wp-json\/wp\/v2\/types\/product"}],"replies":[{"embeddable":true,"href":"https:\/\/warmslipper.com\/sl\/wp-json\/wp\/v2\/comments?post=7570"}],"wp:featuredmedia":[{"embeddable":true,"href":"https:\/\/warmslipper.com\/sl\/wp-json\/wp\/v2\/media\/7585"}],"wp:attachment":[{"href":"https:\/\/warmslipper.com\/sl\/wp-json\/wp\/v2\/media?parent=7570"}],"curies":[{"name":"wp","href":"https:\/\/api.w.org\/{rel}","templated":true}]}}