{"id":8388,"date":"2019-11-17T19:29:41","date_gmt":"2019-11-17T19:29:41","guid":{"rendered":"https:\/\/warmslipper.com\/?post_type=product&#038;p=8388"},"modified":"2021-01-17T21:54:02","modified_gmt":"2021-01-17T21:54:02","slug":"frill","status":"publish","type":"product","link":"https:\/\/warmslipper.com\/sl\/shop\/lowul-copati-sl\/frill\/","title":{"rendered":"Frill"},"content":{"rendered":"<p class=\"p1\">Copati Lowul Frill so del premium serije copat znamke Lowul, okra\u0161eni s kristali Swarovski\u00ae v obliki motiva trojne spirale ali Triskelion oziroma Triskel. Za te copate smo namenoma izbrali intenzivno \u010drno barvo, ki so vsi povezujemo z mo\u010djo, strahom, skrivnostnostjo, mo\u010djo, avtoriteto, eleganco, formalnostjo, smrtjo, zlomom in agresijo, uporom in prefinjenostjo, po drugi strani pa jo vedno povezujemo tudi s \u010disto ekstravaganco. Jasno je, da so \u010drni copati, kot so Lowul Frill Copati, videti zelo prefinjeno.<\/p>\n<p><!--more--><\/p>\n<p>Zakaj simbol &#8220;Triskele&#8221;? Beseda je izpeljana iz gr\u0161ke besede &#8220;Triskeles&#8221;, ki pomeni &#8220;tri noge&#8221;, Triskele ali trojna spirala in je eden od starodavnih keltskih simbolov. Simbol predstavlja gibanje, saj so vse tri \u201eroke\u201c postavljene tako, da se zdi, kot da se premikajo navzven iz svojega sredi\u0161\u010da. To gibanje pomeni energijo, napredek, revolucijo, tudi tekmovalnost. Nekatere razlage vklju\u010dujejo razmi\u0161ljanje o naslednjem trojnem pomenu: \u017eivljenje-smrt-ponovno rojstvo, duh-um-telo, mati-o\u010de-otrok, preteklost-sedanjost-prihodnost, mo\u010d-intelekt-ljubezen in ustvarjanje-ohranjanje-uni\u010denje idr. Ta simbol ponazarja premikanje in predstavlja tri keltske svetove: duhovni svet, sedanji svet in nebe\u0161ki svet.<\/p>\n<p>S Frillom smo \u017eeleli zdru\u017eiti \u010drno eleganco, s kristali Swarovski pa tudi prefinjenost. \u017delimo ustvariti videz ekstravagance, ki ga lahko dose\u017eemo tudi s copati, ki jih nosimo v svojem domu.<\/p>\n<p>Je morda ekstravagantno in hkrati preprosto to, kaj vam je v\u0161e\u010d? \u010ce, potem so copati Lowul Frill, ki so okra\u0161eni s kristali Swarovski\u00ae, ravno pravi za vas. Z njimi boste vsem pokazali, kako posebni ste.<\/p>\n","protected":false},"excerpt":{"rendered":"<p>Copati Lowul Frill so del premium serije copat znamke Lowul, okra\u0161eni s kristali Swarovski\u00ae v obliki motiva trojne spirale ali Triskelion oziroma Triskel. Za te copate smo namenoma izbrali intenzivno \u010drno barvo, ki so vsi povezujemo z mo\u010djo, strahom, skrivnostnostjo, mo\u010djo, avtoriteto, eleganco, formalnostjo, smrtjo, zlomom in agresijo, uporom in prefinjenostjo, po drugi strani pa jo vedno povezujemo tudi s \u010disto ekstravaganco. Jasno je, da so \u010drni copati, kot so Lowul Frill Copati, videti zelo prefinjeno.<br \/>\n (ve\u010d &hellip;)<\/p>\n","protected":false},"featured_media":8385,"comment_status":"closed","ping_status":"closed","template":"","meta":[],"yoast_head":"<!-- This site is optimized with the Yoast SEO plugin v19.11 - https:\/\/yoast.com\/wordpress\/plugins\/seo\/ -->\n<title>Frill copati - privla\u010dni, elegantni in zelo udobni copati z magi\u010dno mo\u010djo.<\/title>\n<meta name=\"description\" content=\"Poskrbeli smo, da bodo va\u0161i Frill copati nadvse udobni in hkrati elegantni. Izdelani so namre\u010d iz \u010drne ov\u010dje volne in okra\u0161eni s kristali Swarovski\u00ae.\" \/>\n<meta name=\"robots\" content=\"index, follow, max-snippet:-1, max-image-preview:large, max-video-preview:-1\" \/>\n<link rel=\"canonical\" href=\"https:\/\/warmslipper.com\/sl\/shop\/lowul-copati-sl\/frill\/\" \/>\n<meta property=\"og:locale\" content=\"sl_SI\" \/>\n<meta property=\"og:type\" content=\"article\" \/>\n<meta property=\"og:title\" content=\"Frill Slippers by Lowul\" \/>\n<meta property=\"og:description\" content=\"Lowul Frill Copati za vse ljubitelje ekstravagance - zelo privla\u010dni, atraktivni, elegantni, futuristi\u010dni ter hkrati izjemno udobni copati za vse, ki \u017eelijo tudi doma biti elegantni.\" \/>\n<meta property=\"og:url\" content=\"https:\/\/warmslipper.com\/sl\/shop\/lowul-copati-sl\/frill\/\" \/>\n<meta property=\"og:site_name\" content=\"Warm Slippers\" \/>\n<meta property=\"article:modified_time\" content=\"2021-01-17T21:54:02+00:00\" \/>\n<meta property=\"og:image\" content=\"https:\/\/warmslipper.com\/wp-content\/uploads\/2019\/11\/frill_slippers-main1.jpg\" \/>\n\t<meta property=\"og:image:width\" content=\"1200\" \/>\n\t<meta property=\"og:image:height\" content=\"1006\" \/>\n\t<meta property=\"og:image:type\" content=\"image\/jpeg\" \/>\n<meta name=\"twitter:card\" content=\"summary_large_image\" \/>\n<meta name=\"twitter:label1\" content=\"Est. reading time\" \/>\n\t<meta name=\"twitter:data1\" content=\"1 minuta\" \/>\n<script type=\"application\/ld+json\" class=\"yoast-schema-graph\">{\"@context\":\"https:\/\/schema.org\",\"@graph\":[{\"@type\":\"WebPage\",\"@id\":\"https:\/\/warmslipper.com\/sl\/shop\/lowul-copati-sl\/frill\/\",\"url\":\"https:\/\/warmslipper.com\/sl\/shop\/lowul-copati-sl\/frill\/\",\"name\":\"Frill copati - privla\u010dni, elegantni in zelo udobni copati z magi\u010dno mo\u010djo.\",\"isPartOf\":{\"@id\":\"https:\/\/warmslipper.com\/#website\"},\"datePublished\":\"2019-11-17T19:29:41+00:00\",\"dateModified\":\"2021-01-17T21:54:02+00:00\",\"description\":\"Poskrbeli smo, da bodo va\u0161i Frill copati nadvse udobni in hkrati elegantni. Izdelani so namre\u010d iz \u010drne ov\u010dje volne in okra\u0161eni s kristali Swarovski\u00ae.\",\"breadcrumb\":{\"@id\":\"https:\/\/warmslipper.com\/sl\/shop\/lowul-copati-sl\/frill\/#breadcrumb\"},\"inLanguage\":\"sl-SI\",\"potentialAction\":[{\"@type\":\"ReadAction\",\"target\":[\"https:\/\/warmslipper.com\/sl\/shop\/lowul-copati-sl\/frill\/\"]}]},{\"@type\":\"BreadcrumbList\",\"@id\":\"https:\/\/warmslipper.com\/sl\/shop\/lowul-copati-sl\/frill\/#breadcrumb\",\"itemListElement\":[{\"@type\":\"ListItem\",\"position\":1,\"name\":\"Home\",\"item\":\"https:\/\/warmslipper.com\/sl\/\"},{\"@type\":\"ListItem\",\"position\":2,\"name\":\"Products\",\"item\":\"https:\/\/warmslipper.com\/shop\/\"},{\"@type\":\"ListItem\",\"position\":3,\"name\":\"Frill\"}]},{\"@type\":\"WebSite\",\"@id\":\"https:\/\/warmslipper.com\/#website\",\"url\":\"https:\/\/warmslipper.com\/\",\"name\":\"Warm Slippers\",\"description\":\"Slippers Store\",\"potentialAction\":[{\"@type\":\"SearchAction\",\"target\":{\"@type\":\"EntryPoint\",\"urlTemplate\":\"https:\/\/warmslipper.com\/?s={search_term_string}\"},\"query-input\":\"required name=search_term_string\"}],\"inLanguage\":\"sl-SI\"}]}<\/script>\n<!-- \/ Yoast SEO plugin. -->","yoast_head_json":{"title":"Frill copati - privla\u010dni, elegantni in zelo udobni copati z magi\u010dno mo\u010djo.","description":"Poskrbeli smo, da bodo va\u0161i Frill copati nadvse udobni in hkrati elegantni. Izdelani so namre\u010d iz \u010drne ov\u010dje volne in okra\u0161eni s kristali Swarovski\u00ae.","robots":{"index":"index","follow":"follow","max-snippet":"max-snippet:-1","max-image-preview":"max-image-preview:large","max-video-preview":"max-video-preview:-1"},"canonical":"https:\/\/warmslipper.com\/sl\/shop\/lowul-copati-sl\/frill\/","og_locale":"sl_SI","og_type":"article","og_title":"Frill Slippers by Lowul","og_description":"Lowul Frill Copati za vse ljubitelje ekstravagance - zelo privla\u010dni, atraktivni, elegantni, futuristi\u010dni ter hkrati izjemno udobni copati za vse, ki \u017eelijo tudi doma biti elegantni.","og_url":"https:\/\/warmslipper.com\/sl\/shop\/lowul-copati-sl\/frill\/","og_site_name":"Warm Slippers","article_modified_time":"2021-01-17T21:54:02+00:00","og_image":[{"width":1200,"height":1006,"url":"https:\/\/warmslipper.com\/wp-content\/uploads\/2019\/11\/frill_slippers-main1.jpg","type":"image\/jpeg"}],"twitter_card":"summary_large_image","twitter_misc":{"Est. reading time":"1 minuta"},"schema":{"@context":"https:\/\/schema.org","@graph":[{"@type":"WebPage","@id":"https:\/\/warmslipper.com\/sl\/shop\/lowul-copati-sl\/frill\/","url":"https:\/\/warmslipper.com\/sl\/shop\/lowul-copati-sl\/frill\/","name":"Frill copati - privla\u010dni, elegantni in zelo udobni copati z magi\u010dno mo\u010djo.","isPartOf":{"@id":"https:\/\/warmslipper.com\/#website"},"datePublished":"2019-11-17T19:29:41+00:00","dateModified":"2021-01-17T21:54:02+00:00","description":"Poskrbeli smo, da bodo va\u0161i Frill copati nadvse udobni in hkrati elegantni. Izdelani so namre\u010d iz \u010drne ov\u010dje volne in okra\u0161eni s kristali Swarovski\u00ae.","breadcrumb":{"@id":"https:\/\/warmslipper.com\/sl\/shop\/lowul-copati-sl\/frill\/#breadcrumb"},"inLanguage":"sl-SI","potentialAction":[{"@type":"ReadAction","target":["https:\/\/warmslipper.com\/sl\/shop\/lowul-copati-sl\/frill\/"]}]},{"@type":"BreadcrumbList","@id":"https:\/\/warmslipper.com\/sl\/shop\/lowul-copati-sl\/frill\/#breadcrumb","itemListElement":[{"@type":"ListItem","position":1,"name":"Home","item":"https:\/\/warmslipper.com\/sl\/"},{"@type":"ListItem","position":2,"name":"Products","item":"https:\/\/warmslipper.com\/shop\/"},{"@type":"ListItem","position":3,"name":"Frill"}]},{"@type":"WebSite","@id":"https:\/\/warmslipper.com\/#website","url":"https:\/\/warmslipper.com\/","name":"Warm Slippers","description":"Slippers Store","potentialAction":[{"@type":"SearchAction","target":{"@type":"EntryPoint","urlTemplate":"https:\/\/warmslipper.com\/?s={search_term_string}"},"query-input":"required name=search_term_string"}],"inLanguage":"sl-SI"}]}},"_links":{"self":[{"href":"https:\/\/warmslipper.com\/sl\/wp-json\/wp\/v2\/product\/8388"}],"collection":[{"href":"https:\/\/warmslipper.com\/sl\/wp-json\/wp\/v2\/product"}],"about":[{"href":"https:\/\/warmslipper.com\/sl\/wp-json\/wp\/v2\/types\/product"}],"replies":[{"embeddable":true,"href":"https:\/\/warmslipper.com\/sl\/wp-json\/wp\/v2\/comments?post=8388"}],"wp:featuredmedia":[{"embeddable":true,"href":"https:\/\/warmslipper.com\/sl\/wp-json\/wp\/v2\/media\/8385"}],"wp:attachment":[{"href":"https:\/\/warmslipper.com\/sl\/wp-json\/wp\/v2\/media?parent=8388"}],"curies":[{"name":"wp","href":"https:\/\/api.w.org\/{rel}","templated":true}]}}